{"id":3142,"date":"2024-05-04T16:19:33","date_gmt":"2024-05-04T16:19:33","guid":{"rendered":"https:\/\/www.onurkoserealestate.com\/renovierung\/"},"modified":"2024-05-21T22:57:47","modified_gmt":"2024-05-21T22:57:47","slug":"renovierung","status":"publish","type":"page","link":"https:\/\/www.onurkoserealestate.com\/de\/renovierung\/","title":{"rendered":"Renovierung"},"content":{"rendered":"\t\t<div data-elementor-type=\"wp-page\" data-elementor-id=\"3142\" class=\"elementor elementor-3142 elementor-295\" data-elementor-post-type=\"page\">\n\t\t\t\t<div class=\"wd-negative-gap elementor-element elementor-element-bcb30b4 e-flex e-con-boxed wd-section-disabled e-con e-parent\" data-id=\"bcb30b4\" data-element_type=\"container\" data-settings=\"{&quot;jet_parallax_layout_list&quot;:[]}\">\n\t\t\t\t\t<div class=\"e-con-inner\">\n\t\t<div class=\"elementor-element elementor-element-2ed5215 e-con-full e-flex wd-section-disabled e-con e-child\" data-id=\"2ed5215\" data-element_type=\"container\" data-settings=\"{&quot;jet_parallax_layout_list&quot;:[]}\">\n\t\t\t\t<div class=\"elementor-element elementor-element-fdebbe6 elementor-widget elementor-widget-heading\" data-id=\"fdebbe6\" data-element_type=\"widget\" data-widget_type=\"heading.default\">\n\t\t\t\t<div class=\"elementor-widget-container\">\n\t\t\t<style>\/*! elementor - v3.21.0 - 30-04-2024 *\/\n.elementor-heading-title{padding:0;margin:0;line-height:1}.elementor-widget-heading .elementor-heading-title[class*=elementor-size-]>a{color:inherit;font-size:inherit;line-height:inherit}.elementor-widget-heading .elementor-heading-title.elementor-size-small{font-size:15px}.elementor-widget-heading .elementor-heading-title.elementor-size-medium{font-size:19px}.elementor-widget-heading .elementor-heading-title.elementor-size-large{font-size:29px}.elementor-widget-heading .elementor-heading-title.elementor-size-xl{font-size:39px}.elementor-widget-heading .elementor-heading-title.elementor-size-xxl{font-size:59px}<\/style><h2 class=\"elementor-heading-title elementor-size-default\">Renovierung<\/h2>\t\t<\/div>\n\t\t\t\t<\/div>\n\t\t\t\t<div class=\"elementor-element elementor-element-87348de color-scheme-inherit text-left elementor-widget elementor-widget-text-editor\" data-id=\"87348de\" data-element_type=\"widget\" data-widget_type=\"text-editor.default\">\n\t\t\t\t<div class=\"elementor-widget-container\">\n\t\t\t<style>\/*! elementor - v3.21.0 - 30-04-2024 *\/\n.elementor-widget-text-editor.elementor-drop-cap-view-stacked .elementor-drop-cap{background-color:#69727d;color:#fff}.elementor-widget-text-editor.elementor-drop-cap-view-framed .elementor-drop-cap{color:#69727d;border:3px solid;background-color:transparent}.elementor-widget-text-editor:not(.elementor-drop-cap-view-default) .elementor-drop-cap{margin-top:8px}.elementor-widget-text-editor:not(.elementor-drop-cap-view-default) .elementor-drop-cap-letter{width:1em;height:1em}.elementor-widget-text-editor .elementor-drop-cap{float:left;text-align:center;line-height:1;font-size:50px}.elementor-widget-text-editor .elementor-drop-cap-letter{display:inline-block}<\/style>\t\t\t\t<p>Onur Kose Real Estate hat eine gro\u00dfe Erfahrung nicht nur in der Immobilienvermittlung, sondern auch im Bau und in der Renovierung, da viele Projekte in der Vergangenheit abgeschlossen wurden.<\/p>\n<p>Onur Kose Real Estate bietet Ihnen die besten Optionen an Materialien, Bauunternehmern und Arbeitern f\u00fcr Ihr Renovierungsprojekt Ihrer Immobilie in Avsallar und Alanya. Egal ob es sich um eine Wohnung oder eine Villa handelt, Onur Kose Real Estate ist bereit, Ihre Ziele mit Ihnen zu erreichen.<\/p>\n<p>Unsere Architekten, Ingenieure und Bauherren unterst\u00fctzen Sie von Anfang bis Ende: bei der Entscheidung \u00fcber das Projekt, bei der Auswahl der besten Materialien usw. Sie werden auch unsere bisherigen Arbeiten sehen und sich mit eigenen Augen von unserer Qualit\u00e4t \u00fcberzeugen k\u00f6nnen.<\/p>\n<p>Onur Kose Real Estate hilft Ihnen bei der Auswahl der besten Optionen und informiert Sie \u00fcber Verl\u00e4ngerungen.<\/p>\n<p>Unsere Fachleute bei Onur Kose Real Estate werden Sie bei jedem Schritt Ihres Immobilienkaufs in der T\u00fcrkei begleiten.<\/p>\n\t\t\t\t\t\t<\/div>\n\t\t\t\t<\/div>\n\t\t\t\t<\/div>\n\t\t<div class=\"elementor-element elementor-element-651fc30 e-con-full e-flex wd-section-disabled e-con e-child\" data-id=\"651fc30\" data-element_type=\"container\" data-settings=\"{&quot;jet_parallax_layout_list&quot;:[]}\">\n\t\t\t\t<div class=\"elementor-element elementor-element-54a9789 elementor-widget elementor-widget-image\" data-id=\"54a9789\" data-element_type=\"widget\" data-widget_type=\"image.default\">\n\t\t\t\t<div class=\"elementor-widget-container\">\n\t\t\t<style>\/*! elementor - v3.21.0 - 30-04-2024 *\/\n.elementor-widget-image{text-align:center}.elementor-widget-image a{display:inline-block}.elementor-widget-image a img[src$=\".svg\"]{width:48px}.elementor-widget-image img{vertical-align:middle;display:inline-block}<\/style>\t\t\t\t\t\t\t\t\t\t<img fetchpriority=\"high\" decoding=\"async\" width=\"500\" height=\"500\" src=\"https:\/\/www.onurkoserealestate.com\/wp-content\/uploads\/2024\/05\/renovationheader-q6nceb8en0tig7t9gs681fhk33xha2vo9bq4vc391k.jpg\" class=\"attachment-large size-large wp-image-510\" alt=\"\" srcset=\"https:\/\/www.onurkoserealestate.com\/wp-content\/uploads\/2024\/05\/renovationheader-q6nceb8en0tig7t9gs681fhk33xha2vo9bq4vc391k.jpg 500w, https:\/\/www.onurkoserealestate.com\/wp-content\/uploads\/2024\/05\/renovationheader-q6nceb8en0tig7t9gs681fhk33xha2vo9bq4vc391k-300x300.jpg 300w, https:\/\/www.onurkoserealestate.com\/wp-content\/uploads\/2024\/05\/renovationheader-q6nceb8en0tig7t9gs681fhk33xha2vo9bq4vc391k-150x150.jpg 150w\" sizes=\"(max-width: 500px) 100vw, 500px\" \/>\t\t\t\t\t\t\t\t\t\t\t\t\t<\/div>\n\t\t\t\t<\/div>\n\t\t\t\t<\/div>\n\t\t\t\t\t<\/div>\n\t\t\t\t<\/div>\n\t\t\t\t<\/div>\n\t\t","protected":false},"excerpt":{"rendered":"<p>Renovierung Onur Kose Real Estate hat eine gro\u00dfe Erfahrung nicht nur in der Immobilienvermittlung, sondern auch im Bau und in<\/p>\n","protected":false},"author":1,"featured_media":0,"parent":0,"menu_order":0,"comment_status":"closed","ping_status":"closed","template":"","meta":{"footnotes":""},"class_list":["post-3142","page","type-page","status-publish","hentry"],"_links":{"self":[{"href":"https:\/\/www.onurkoserealestate.com\/de\/wp-json\/wp\/v2\/pages\/3142","targetHints":{"allow":["GET"]}}],"collection":[{"href":"https:\/\/www.onurkoserealestate.com\/de\/wp-json\/wp\/v2\/pages"}],"about":[{"href":"https:\/\/www.onurkoserealestate.com\/de\/wp-json\/wp\/v2\/types\/page"}],"author":[{"embeddable":true,"href":"https:\/\/www.onurkoserealestate.com\/de\/wp-json\/wp\/v2\/users\/1"}],"replies":[{"embeddable":true,"href":"https:\/\/www.onurkoserealestate.com\/de\/wp-json\/wp\/v2\/comments?post=3142"}],"version-history":[{"count":1,"href":"https:\/\/www.onurkoserealestate.com\/de\/wp-json\/wp\/v2\/pages\/3142\/revisions"}],"predecessor-version":[{"id":3144,"href":"https:\/\/www.onurkoserealestate.com\/de\/wp-json\/wp\/v2\/pages\/3142\/revisions\/3144"}],"wp:attachment":[{"href":"https:\/\/www.onurkoserealestate.com\/de\/wp-json\/wp\/v2\/media?parent=3142"}],"curies":[{"name":"wp","href":"https:\/\/api.w.org\/{rel}","templated":true}]}}