{"id":10304,"date":"2024-07-15T09:34:24","date_gmt":"2024-07-15T09:34:24","guid":{"rendered":"https:\/\/www.onurkoserealestate.com\/product\/zeitgenoessische-21-wohnung-mit-malerischer-fassade\/"},"modified":"2024-07-15T09:34:24","modified_gmt":"2024-07-15T09:34:24","slug":"contemporary-21-apartment-with-scenic-facade","status":"publish","type":"product","link":"https:\/\/www.onurkoserealestate.com\/de\/product\/contemporary-21-apartment-with-scenic-facade\/","title":{"rendered":"Zeitgen\u00f6ssische 2+1 Wohnung mit malerischer Fassade"},"content":{"rendered":"<p>Diese moderne 2+1 Wohnung bietet auf 110 Quadratmetern mit offener K\u00fcche ein komfortables Wohnerlebnis. Die Wohnung befindet sich im 2. Stock (entspricht dem 4. Stock) und hat eine Nordostfassade, die viel nat\u00fcrliches Licht hereinl\u00e4sst. Es ist komplett eingerichtet und verf\u00fcgt \u00fcber eine Vielzahl von Annehmlichkeiten wie Au\u00dfen- und Innenpools, ein Fitnesscenter, eine Sauna und ein Hammam. Den Bewohnern stehen au\u00dferdem ein Parkplatz, ein Lebensmittelgesch\u00e4ft und ein Arzt vor Ort zur Verf\u00fcgung. Mit einem 24\/7-Sicherheitsdienst, einem Teppichboden, Tennispl\u00e4tzen, Kegelbahnen und einem Restaurant ist diese Wohnanlage die perfekte Wahl f\u00fcr alle, die sowohl Komfort als auch Zweckm\u00e4\u00dfigkeit suchen.<\/p>\n","protected":false},"excerpt":{"rendered":"<p>Diese moderne 2+1 Wohnung bietet auf 110 Quadratmetern mit offener K\u00fcche ein komfortables Wohnerlebnis. Die Wohnung befindet sich im 2.<\/p>\n","protected":false},"featured_media":10209,"comment_status":"open","ping_status":"closed","template":"","meta":[],"product_cat":[85],"product_tag":[],"country":[144],"district":[156],"selling-type":[141],"property-type":[126],"location":[142],"property-city":[143],"class_list":{"0":"post-10304","1":"product","2":"type-product","3":"status-publish","4":"has-post-thumbnail","6":"product_cat-heises-angebot","7":"country-turkey-de","8":"district-oba-de","9":"selling-type-wiederverkauf","10":"property-type-apartment-de","11":"location-alanya-de","12":"property-city-antalya-de","14":"first","15":"instock","16":"shipping-taxable","17":"purchasable","18":"product-type-simple"},"_links":{"self":[{"href":"https:\/\/www.onurkoserealestate.com\/de\/wp-json\/wp\/v2\/product\/10304","targetHints":{"allow":["GET"]}}],"collection":[{"href":"https:\/\/www.onurkoserealestate.com\/de\/wp-json\/wp\/v2\/product"}],"about":[{"href":"https:\/\/www.onurkoserealestate.com\/de\/wp-json\/wp\/v2\/types\/product"}],"replies":[{"embeddable":true,"href":"https:\/\/www.onurkoserealestate.com\/de\/wp-json\/wp\/v2\/comments?post=10304"}],"wp:featuredmedia":[{"embeddable":true,"href":"https:\/\/www.onurkoserealestate.com\/de\/wp-json\/wp\/v2\/media\/10209"}],"wp:attachment":[{"href":"https:\/\/www.onurkoserealestate.com\/de\/wp-json\/wp\/v2\/media?parent=10304"}],"wp:term":[{"taxonomy":"product_cat","embeddable":true,"href":"https:\/\/www.onurkoserealestate.com\/de\/wp-json\/wp\/v2\/product_cat?post=10304"},{"taxonomy":"product_tag","embeddable":true,"href":"https:\/\/www.onurkoserealestate.com\/de\/wp-json\/wp\/v2\/product_tag?post=10304"},{"taxonomy":"country","embeddable":true,"href":"https:\/\/www.onurkoserealestate.com\/de\/wp-json\/wp\/v2\/country?post=10304"},{"taxonomy":"district","embeddable":true,"href":"https:\/\/www.onurkoserealestate.com\/de\/wp-json\/wp\/v2\/district?post=10304"},{"taxonomy":"selling-type","embeddable":true,"href":"https:\/\/www.onurkoserealestate.com\/de\/wp-json\/wp\/v2\/selling-type?post=10304"},{"taxonomy":"property-type","embeddable":true,"href":"https:\/\/www.onurkoserealestate.com\/de\/wp-json\/wp\/v2\/property-type?post=10304"},{"taxonomy":"location","embeddable":true,"href":"https:\/\/www.onurkoserealestate.com\/de\/wp-json\/wp\/v2\/location?post=10304"},{"taxonomy":"property-city","embeddable":true,"href":"https:\/\/www.onurkoserealestate.com\/de\/wp-json\/wp\/v2\/property-city?post=10304"}],"curies":[{"name":"wp","href":"https:\/\/api.w.org\/{rel}","templated":true}]}}