{"id":10425,"date":"2024-07-15T09:56:34","date_gmt":"2024-07-15T09:56:34","guid":{"rendered":"https:\/\/www.onurkoserealestate.com\/product\/perfektes-familienhaus-31-mit-zwei-terrassen\/"},"modified":"2024-07-15T09:56:34","modified_gmt":"2024-07-15T09:56:34","slug":"perfect-family-home-31-with-two-terraces","status":"publish","type":"product","link":"https:\/\/www.onurkoserealestate.com\/de\/product\/perfect-family-home-31-with-two-terraces\/","title":{"rendered":"Perfektes Familienhaus: 3+1 mit zwei Terrassen"},"content":{"rendered":"<p>Diese fantastische 3+1-Wohnung ist mit einer offenen K\u00fcche ausgestattet und umfasst 170 m\u00b2. Die voll m\u00f6blierte Wohnung befindet sich im 3. Stock und verf\u00fcgt \u00fcber ein eigenes Bad f\u00fcr zus\u00e4tzlichen Komfort. Die Fu\u00dfbodenheizung in den B\u00e4dern und im Wohnzimmer sorgt das ganze Jahr \u00fcber f\u00fcr eine gem\u00fctliche Atmosph\u00e4re. Die Wohnung verf\u00fcgt \u00fcber eine S\u00fcd-, Nord- und Westfassade sowie zwei Terrassen, die viel Platz im Freien bieten. Nur 300 Meter vom Meer entfernt, haben die Bewohner t\u00e4glich Zugang zum Strand. Bei einer monatlichen Geb\u00fchr von nur 40 \u20ac bietet die Anlage au\u00dferdem Annehmlichkeiten wie einen Swimmingpool und ist damit die ideale Wahl f\u00fcr alle, die ein komfortables und angenehmes Leben suchen.<\/p>\n","protected":false},"excerpt":{"rendered":"<p>Diese fantastische 3+1-Wohnung ist mit einer offenen K\u00fcche ausgestattet und umfasst 170 m\u00b2. Die voll m\u00f6blierte Wohnung befindet sich im<\/p>\n","protected":false},"featured_media":10409,"comment_status":"open","ping_status":"closed","template":"","meta":[],"product_cat":[102,85,93],"product_tag":[],"country":[144],"district":[156],"selling-type":[141],"property-type":[126],"location":[142],"property-city":[143],"class_list":{"0":"post-10425","1":"product","2":"type-product","3":"status-publish","4":"has-post-thumbnail","6":"product_cat-geeignet-fuer-wohnsitz","7":"product_cat-heises-angebot","8":"product_cat-pool-ansicht","9":"country-turkey-de","10":"district-oba-de","11":"selling-type-wiederverkauf","12":"property-type-apartment-de","13":"location-alanya-de","14":"property-city-antalya-de","16":"first","17":"instock","18":"shipping-taxable","19":"purchasable","20":"product-type-simple"},"_links":{"self":[{"href":"https:\/\/www.onurkoserealestate.com\/de\/wp-json\/wp\/v2\/product\/10425","targetHints":{"allow":["GET"]}}],"collection":[{"href":"https:\/\/www.onurkoserealestate.com\/de\/wp-json\/wp\/v2\/product"}],"about":[{"href":"https:\/\/www.onurkoserealestate.com\/de\/wp-json\/wp\/v2\/types\/product"}],"replies":[{"embeddable":true,"href":"https:\/\/www.onurkoserealestate.com\/de\/wp-json\/wp\/v2\/comments?post=10425"}],"wp:featuredmedia":[{"embeddable":true,"href":"https:\/\/www.onurkoserealestate.com\/de\/wp-json\/wp\/v2\/media\/10409"}],"wp:attachment":[{"href":"https:\/\/www.onurkoserealestate.com\/de\/wp-json\/wp\/v2\/media?parent=10425"}],"wp:term":[{"taxonomy":"product_cat","embeddable":true,"href":"https:\/\/www.onurkoserealestate.com\/de\/wp-json\/wp\/v2\/product_cat?post=10425"},{"taxonomy":"product_tag","embeddable":true,"href":"https:\/\/www.onurkoserealestate.com\/de\/wp-json\/wp\/v2\/product_tag?post=10425"},{"taxonomy":"country","embeddable":true,"href":"https:\/\/www.onurkoserealestate.com\/de\/wp-json\/wp\/v2\/country?post=10425"},{"taxonomy":"district","embeddable":true,"href":"https:\/\/www.onurkoserealestate.com\/de\/wp-json\/wp\/v2\/district?post=10425"},{"taxonomy":"selling-type","embeddable":true,"href":"https:\/\/www.onurkoserealestate.com\/de\/wp-json\/wp\/v2\/selling-type?post=10425"},{"taxonomy":"property-type","embeddable":true,"href":"https:\/\/www.onurkoserealestate.com\/de\/wp-json\/wp\/v2\/property-type?post=10425"},{"taxonomy":"location","embeddable":true,"href":"https:\/\/www.onurkoserealestate.com\/de\/wp-json\/wp\/v2\/location?post=10425"},{"taxonomy":"property-city","embeddable":true,"href":"https:\/\/www.onurkoserealestate.com\/de\/wp-json\/wp\/v2\/property-city?post=10425"}],"curies":[{"name":"wp","href":"https:\/\/api.w.org\/{rel}","templated":true}]}}