{"id":10568,"date":"2024-07-15T11:10:41","date_gmt":"2024-07-15T11:10:41","guid":{"rendered":"https:\/\/www.onurkoserealestate.com\/product\/perfekte-flucht-modernes-apartment-mit-fitness-und-pool\/"},"modified":"2024-07-15T11:29:20","modified_gmt":"2024-07-15T11:29:20","slug":"perfect-getaway-modern-apartment-with-fitness-pool","status":"publish","type":"product","link":"https:\/\/www.onurkoserealestate.com\/de\/product\/perfect-getaway-modern-apartment-with-fitness-pool\/","title":{"rendered":"Perfekte Zuflucht: Modernes Apartment"},"content":{"rendered":"<p>Diese atemberaubende 2+1 Wohnung mit offener K\u00fcche, die 90 m\u00b2 gro\u00df ist, befindet sich im 2. Stock eines modernen Geb\u00e4udes, das erst 1 Jahr alt ist. Durch die nach S\u00fcden ausgerichtete Fassade erh\u00e4lt die Wohnung viel nat\u00fcrliches Licht und bietet einen teilweisen Blick auf das Meer und die Burg. Es liegt 1,5 km vom Strand entfernt und verbindet Bequemlichkeit und Komfort. Der Komplex verf\u00fcgt \u00fcber ausgezeichnete Einrichtungen wie Au\u00dfen- und Innenpools, ein Fitnesscenter, eine Sauna, einen Squashplatz, ein Dampfbad und einen Kinderspielplatz. Au\u00dferdem stehen den Bewohnern ein Grillplatz, ausreichend Parkpl\u00e4tze und ein 24\/7-Sicherheitsdienst zur Verf\u00fcgung. Mit einer monatlichen Geb\u00fchr von nur 50 \u20ac ist diese voll m\u00f6blierte Wohnung eine ideale Wahl f\u00fcr alle, die in einer lebendigen Gemeinschaft leben m\u00f6chten!<\/p>\n","protected":false},"excerpt":{"rendered":"<p>Diese atemberaubende 2+1 Wohnung mit offener K\u00fcche, die 90 m\u00b2 gro\u00df ist, befindet sich im 2. Stock eines modernen Geb\u00e4udes,<\/p>\n","protected":false},"featured_media":10565,"comment_status":"open","ping_status":"closed","template":"","meta":[],"product_cat":[85,99,79],"product_tag":[],"country":[144],"district":[156],"selling-type":[141],"property-type":[126],"location":[142],"property-city":[143],"class_list":{"0":"post-10568","1":"product","2":"type-product","3":"status-publish","4":"has-post-thumbnail","6":"product_cat-heises-angebot","7":"product_cat-meerblick","8":"product_cat-schloss-ansicht","9":"country-turkey-de","10":"district-oba-de","11":"selling-type-wiederverkauf","12":"property-type-apartment-de","13":"location-alanya-de","14":"property-city-antalya-de","16":"first","17":"instock","18":"shipping-taxable","19":"purchasable","20":"product-type-simple"},"_links":{"self":[{"href":"https:\/\/www.onurkoserealestate.com\/de\/wp-json\/wp\/v2\/product\/10568","targetHints":{"allow":["GET"]}}],"collection":[{"href":"https:\/\/www.onurkoserealestate.com\/de\/wp-json\/wp\/v2\/product"}],"about":[{"href":"https:\/\/www.onurkoserealestate.com\/de\/wp-json\/wp\/v2\/types\/product"}],"replies":[{"embeddable":true,"href":"https:\/\/www.onurkoserealestate.com\/de\/wp-json\/wp\/v2\/comments?post=10568"}],"wp:featuredmedia":[{"embeddable":true,"href":"https:\/\/www.onurkoserealestate.com\/de\/wp-json\/wp\/v2\/media\/10565"}],"wp:attachment":[{"href":"https:\/\/www.onurkoserealestate.com\/de\/wp-json\/wp\/v2\/media?parent=10568"}],"wp:term":[{"taxonomy":"product_cat","embeddable":true,"href":"https:\/\/www.onurkoserealestate.com\/de\/wp-json\/wp\/v2\/product_cat?post=10568"},{"taxonomy":"product_tag","embeddable":true,"href":"https:\/\/www.onurkoserealestate.com\/de\/wp-json\/wp\/v2\/product_tag?post=10568"},{"taxonomy":"country","embeddable":true,"href":"https:\/\/www.onurkoserealestate.com\/de\/wp-json\/wp\/v2\/country?post=10568"},{"taxonomy":"district","embeddable":true,"href":"https:\/\/www.onurkoserealestate.com\/de\/wp-json\/wp\/v2\/district?post=10568"},{"taxonomy":"selling-type","embeddable":true,"href":"https:\/\/www.onurkoserealestate.com\/de\/wp-json\/wp\/v2\/selling-type?post=10568"},{"taxonomy":"property-type","embeddable":true,"href":"https:\/\/www.onurkoserealestate.com\/de\/wp-json\/wp\/v2\/property-type?post=10568"},{"taxonomy":"location","embeddable":true,"href":"https:\/\/www.onurkoserealestate.com\/de\/wp-json\/wp\/v2\/location?post=10568"},{"taxonomy":"property-city","embeddable":true,"href":"https:\/\/www.onurkoserealestate.com\/de\/wp-json\/wp\/v2\/property-city?post=10568"}],"curies":[{"name":"wp","href":"https:\/\/api.w.org\/{rel}","templated":true}]}}