{"id":10654,"date":"2024-07-17T08:36:37","date_gmt":"2024-07-17T08:36:37","guid":{"rendered":"https:\/\/www.onurkoserealestate.com\/product\/komfortabel-leben-in-oba-ein-komplettes-paket\/"},"modified":"2024-07-17T09:37:13","modified_gmt":"2024-07-17T09:37:13","slug":"live-comfortably-in-oba-a-complete-package","status":"publish","type":"product","link":"https:\/\/www.onurkoserealestate.com\/de\/product\/live-comfortably-in-oba-a-complete-package\/","title":{"rendered":"Komfortabel leben in Oba: Ein komplettes Paket"},"content":{"rendered":"<p>Diese 1+1 Wohnung mit offener K\u00fcche in Oba befindet sich im 2. Stock (1. Stock in der Urkunde) und hat eine Fl\u00e4che von 48 Quadratmetern. Die Wohnung ist nach Norden ausgerichtet und liegt nur 1,4 km vom Meer entfernt. Der Komplex bietet hervorragende Annehmlichkeiten, darunter ein Schwimmbad, ein Fitnesscenter, eine Sauna, ein Dampfbad und \u00fcberdachte Parkpl\u00e4tze. Dies ist eine fantastische Gelegenheit f\u00fcr alle, die einen komfortablen Wohnraum suchen!<\/p>\n","protected":false},"excerpt":{"rendered":"<p>Diese 1+1 Wohnung mit offener K\u00fcche in Oba befindet sich im 2. Stock (1. Stock in der Urkunde) und hat<\/p>\n","protected":false},"featured_media":10611,"comment_status":"open","ping_status":"closed","template":"","meta":[],"product_cat":[85],"product_tag":[],"country":[144],"district":[156],"selling-type":[141],"property-type":[126],"location":[142],"property-city":[143],"class_list":{"0":"post-10654","1":"product","2":"type-product","3":"status-publish","4":"has-post-thumbnail","6":"product_cat-heises-angebot","7":"country-turkey-de","8":"district-oba-de","9":"selling-type-wiederverkauf","10":"property-type-apartment-de","11":"location-alanya-de","12":"property-city-antalya-de","14":"first","15":"instock","16":"shipping-taxable","17":"purchasable","18":"product-type-simple"},"_links":{"self":[{"href":"https:\/\/www.onurkoserealestate.com\/de\/wp-json\/wp\/v2\/product\/10654","targetHints":{"allow":["GET"]}}],"collection":[{"href":"https:\/\/www.onurkoserealestate.com\/de\/wp-json\/wp\/v2\/product"}],"about":[{"href":"https:\/\/www.onurkoserealestate.com\/de\/wp-json\/wp\/v2\/types\/product"}],"replies":[{"embeddable":true,"href":"https:\/\/www.onurkoserealestate.com\/de\/wp-json\/wp\/v2\/comments?post=10654"}],"wp:featuredmedia":[{"embeddable":true,"href":"https:\/\/www.onurkoserealestate.com\/de\/wp-json\/wp\/v2\/media\/10611"}],"wp:attachment":[{"href":"https:\/\/www.onurkoserealestate.com\/de\/wp-json\/wp\/v2\/media?parent=10654"}],"wp:term":[{"taxonomy":"product_cat","embeddable":true,"href":"https:\/\/www.onurkoserealestate.com\/de\/wp-json\/wp\/v2\/product_cat?post=10654"},{"taxonomy":"product_tag","embeddable":true,"href":"https:\/\/www.onurkoserealestate.com\/de\/wp-json\/wp\/v2\/product_tag?post=10654"},{"taxonomy":"country","embeddable":true,"href":"https:\/\/www.onurkoserealestate.com\/de\/wp-json\/wp\/v2\/country?post=10654"},{"taxonomy":"district","embeddable":true,"href":"https:\/\/www.onurkoserealestate.com\/de\/wp-json\/wp\/v2\/district?post=10654"},{"taxonomy":"selling-type","embeddable":true,"href":"https:\/\/www.onurkoserealestate.com\/de\/wp-json\/wp\/v2\/selling-type?post=10654"},{"taxonomy":"property-type","embeddable":true,"href":"https:\/\/www.onurkoserealestate.com\/de\/wp-json\/wp\/v2\/property-type?post=10654"},{"taxonomy":"location","embeddable":true,"href":"https:\/\/www.onurkoserealestate.com\/de\/wp-json\/wp\/v2\/location?post=10654"},{"taxonomy":"property-city","embeddable":true,"href":"https:\/\/www.onurkoserealestate.com\/de\/wp-json\/wp\/v2\/property-city?post=10654"}],"curies":[{"name":"wp","href":"https:\/\/api.w.org\/{rel}","templated":true}]}}