{"id":10741,"date":"2024-07-17T09:54:05","date_gmt":"2024-07-17T09:54:05","guid":{"rendered":"https:\/\/www.onurkoserealestate.com\/product\/ideal-wohnen-fuer-ikamet-geraeumige-21-wohnung-in-oba\/"},"modified":"2024-07-17T09:54:05","modified_gmt":"2024-07-17T09:54:05","slug":"ideal-living-for-ikamet-spacious-21-apartment-in-oba","status":"publish","type":"product","link":"https:\/\/www.onurkoserealestate.com\/de\/product\/ideal-living-for-ikamet-spacious-21-apartment-in-oba\/","title":{"rendered":"Ideal Wohnen f\u00fcr Ikamet: Ger\u00e4umige 2+1 Wohnung in Oba"},"content":{"rendered":"<p><strong>Geeignet f\u00fcr Ikamet<\/strong><br \/>\nDiese ger\u00e4umige 2+1 Wohnung mit offener K\u00fcche befindet sich in Alanya\/Oba im 3. Stock und ist 110 Quadratmeter gro\u00df. Mit einer Nord-, S\u00fcd- und Ostfassade ist die Wohnung hell und einladend. Es ist voll m\u00f6bliert und liegt nur 400 Meter vom Meer entfernt. Der Komplex bietet hervorragende Annehmlichkeiten, darunter einen Swimmingpool und einen Aufzug. Dies ist eine ideale Gelegenheit f\u00fcr komfortables Wohnen in bester Lage!<\/p>\n","protected":false},"excerpt":{"rendered":"<p>Geeignet f\u00fcr Ikamet Diese ger\u00e4umige 2+1 Wohnung mit offener K\u00fcche befindet sich in Alanya\/Oba im 3. Stock und ist 110<\/p>\n","protected":false},"featured_media":10674,"comment_status":"open","ping_status":"closed","template":"","meta":[],"product_cat":[102,85],"product_tag":[],"country":[144],"district":[156],"selling-type":[141],"property-type":[126],"location":[142],"property-city":[143],"class_list":{"0":"post-10741","1":"product","2":"type-product","3":"status-publish","4":"has-post-thumbnail","6":"product_cat-geeignet-fuer-wohnsitz","7":"product_cat-heises-angebot","8":"country-turkey-de","9":"district-oba-de","10":"selling-type-wiederverkauf","11":"property-type-apartment-de","12":"location-alanya-de","13":"property-city-antalya-de","15":"first","16":"instock","17":"shipping-taxable","18":"purchasable","19":"product-type-simple"},"_links":{"self":[{"href":"https:\/\/www.onurkoserealestate.com\/de\/wp-json\/wp\/v2\/product\/10741","targetHints":{"allow":["GET"]}}],"collection":[{"href":"https:\/\/www.onurkoserealestate.com\/de\/wp-json\/wp\/v2\/product"}],"about":[{"href":"https:\/\/www.onurkoserealestate.com\/de\/wp-json\/wp\/v2\/types\/product"}],"replies":[{"embeddable":true,"href":"https:\/\/www.onurkoserealestate.com\/de\/wp-json\/wp\/v2\/comments?post=10741"}],"wp:featuredmedia":[{"embeddable":true,"href":"https:\/\/www.onurkoserealestate.com\/de\/wp-json\/wp\/v2\/media\/10674"}],"wp:attachment":[{"href":"https:\/\/www.onurkoserealestate.com\/de\/wp-json\/wp\/v2\/media?parent=10741"}],"wp:term":[{"taxonomy":"product_cat","embeddable":true,"href":"https:\/\/www.onurkoserealestate.com\/de\/wp-json\/wp\/v2\/product_cat?post=10741"},{"taxonomy":"product_tag","embeddable":true,"href":"https:\/\/www.onurkoserealestate.com\/de\/wp-json\/wp\/v2\/product_tag?post=10741"},{"taxonomy":"country","embeddable":true,"href":"https:\/\/www.onurkoserealestate.com\/de\/wp-json\/wp\/v2\/country?post=10741"},{"taxonomy":"district","embeddable":true,"href":"https:\/\/www.onurkoserealestate.com\/de\/wp-json\/wp\/v2\/district?post=10741"},{"taxonomy":"selling-type","embeddable":true,"href":"https:\/\/www.onurkoserealestate.com\/de\/wp-json\/wp\/v2\/selling-type?post=10741"},{"taxonomy":"property-type","embeddable":true,"href":"https:\/\/www.onurkoserealestate.com\/de\/wp-json\/wp\/v2\/property-type?post=10741"},{"taxonomy":"location","embeddable":true,"href":"https:\/\/www.onurkoserealestate.com\/de\/wp-json\/wp\/v2\/location?post=10741"},{"taxonomy":"property-city","embeddable":true,"href":"https:\/\/www.onurkoserealestate.com\/de\/wp-json\/wp\/v2\/property-city?post=10741"}],"curies":[{"name":"wp","href":"https:\/\/api.w.org\/{rel}","templated":true}]}}