{"id":10897,"date":"2024-07-17T10:23:38","date_gmt":"2024-07-17T10:23:38","guid":{"rendered":"https:\/\/www.onurkoserealestate.com\/product\/alanya-wohnen-moebliertes-11-apartment-im-1-stock\/"},"modified":"2024-07-17T10:23:38","modified_gmt":"2024-07-17T10:23:38","slug":"alanya-living-furnished-11-apartment-on-the-1st-floor","status":"publish","type":"product","link":"https:\/\/www.onurkoserealestate.com\/de\/product\/alanya-living-furnished-11-apartment-on-the-1st-floor\/","title":{"rendered":"Alanya Wohnen: M\u00f6bliertes 1+1 Apartment im 1. Stock"},"content":{"rendered":"<p>Diese charmante 1+1 amerikanische K\u00fcchenwohnung befindet sich in Alanya, genauer gesagt in Oba, im 1. Stock und hat eine Nettofl\u00e4che von 50 m\u00b2. Mit einer Nord-Ost-Fassade genie\u00dft die Wohnung viel nat\u00fcrliches Licht und ist nur 2,5 km von den sch\u00f6nen Str\u00e4nden von Alanya entfernt. Die Anlage in Alanya bietet hervorragende Annehmlichkeiten wie einen Kinderspielplatz, einen Pavillon, einen Au\u00dfenpool, ein Fitnesscenter, Parkpl\u00e4tze und einen Aufzug. Dies ist eine ideale Gelegenheit f\u00fcr ein komfortables Leben in der familienfreundlichen Umgebung von Alanya!<\/p>\n","protected":false},"excerpt":{"rendered":"<p>Diese charmante 1+1 amerikanische K\u00fcchenwohnung befindet sich in Alanya, genauer gesagt in Oba, im 1. Stock und hat eine Nettofl\u00e4che<\/p>\n","protected":false},"featured_media":10890,"comment_status":"open","ping_status":"closed","template":"","meta":[],"product_cat":[85],"product_tag":[],"country":[144],"district":[156],"selling-type":[141],"property-type":[126],"location":[142],"property-city":[143],"class_list":{"0":"post-10897","1":"product","2":"type-product","3":"status-publish","4":"has-post-thumbnail","6":"product_cat-heises-angebot","7":"country-turkey-de","8":"district-oba-de","9":"selling-type-wiederverkauf","10":"property-type-apartment-de","11":"location-alanya-de","12":"property-city-antalya-de","14":"first","15":"instock","16":"shipping-taxable","17":"purchasable","18":"product-type-simple"},"_links":{"self":[{"href":"https:\/\/www.onurkoserealestate.com\/de\/wp-json\/wp\/v2\/product\/10897","targetHints":{"allow":["GET"]}}],"collection":[{"href":"https:\/\/www.onurkoserealestate.com\/de\/wp-json\/wp\/v2\/product"}],"about":[{"href":"https:\/\/www.onurkoserealestate.com\/de\/wp-json\/wp\/v2\/types\/product"}],"replies":[{"embeddable":true,"href":"https:\/\/www.onurkoserealestate.com\/de\/wp-json\/wp\/v2\/comments?post=10897"}],"wp:featuredmedia":[{"embeddable":true,"href":"https:\/\/www.onurkoserealestate.com\/de\/wp-json\/wp\/v2\/media\/10890"}],"wp:attachment":[{"href":"https:\/\/www.onurkoserealestate.com\/de\/wp-json\/wp\/v2\/media?parent=10897"}],"wp:term":[{"taxonomy":"product_cat","embeddable":true,"href":"https:\/\/www.onurkoserealestate.com\/de\/wp-json\/wp\/v2\/product_cat?post=10897"},{"taxonomy":"product_tag","embeddable":true,"href":"https:\/\/www.onurkoserealestate.com\/de\/wp-json\/wp\/v2\/product_tag?post=10897"},{"taxonomy":"country","embeddable":true,"href":"https:\/\/www.onurkoserealestate.com\/de\/wp-json\/wp\/v2\/country?post=10897"},{"taxonomy":"district","embeddable":true,"href":"https:\/\/www.onurkoserealestate.com\/de\/wp-json\/wp\/v2\/district?post=10897"},{"taxonomy":"selling-type","embeddable":true,"href":"https:\/\/www.onurkoserealestate.com\/de\/wp-json\/wp\/v2\/selling-type?post=10897"},{"taxonomy":"property-type","embeddable":true,"href":"https:\/\/www.onurkoserealestate.com\/de\/wp-json\/wp\/v2\/property-type?post=10897"},{"taxonomy":"location","embeddable":true,"href":"https:\/\/www.onurkoserealestate.com\/de\/wp-json\/wp\/v2\/location?post=10897"},{"taxonomy":"property-city","embeddable":true,"href":"https:\/\/www.onurkoserealestate.com\/de\/wp-json\/wp\/v2\/property-city?post=10897"}],"curies":[{"name":"wp","href":"https:\/\/api.w.org\/{rel}","templated":true}]}}