{"id":15797,"date":"2025-02-04T07:44:32","date_gmt":"2025-02-04T07:44:32","guid":{"rendered":"https:\/\/www.onurkoserealestate.com\/product\/villa-la-vida-ihr-traum-luxus-rueckzug-in-tepe\/"},"modified":"2025-02-04T07:52:18","modified_gmt":"2025-02-04T07:52:18","slug":"villa-la-vida-your-dream-luxury-retreat-in-tepe","status":"publish","type":"product","link":"https:\/\/www.onurkoserealestate.com\/de\/product\/villa-la-vida-your-dream-luxury-retreat-in-tepe\/","title":{"rendered":"Villa La Vida: Ihr Traum-Luxus-R\u00fcckzug in Tepe"},"content":{"rendered":"<p>Villa La Vida &#8211; Tepe ist eine brandneue, luxuri\u00f6se Triplex-Villa in einer ruhigen und malerischen Gegend. Das Anwesen befindet sich auf einem gro\u00dfz\u00fcgigen Grundst\u00fcck von 500 m\u00b2 und bietet reichlich Platz f\u00fcr komfortables Wohnen. Die Villa verf\u00fcgt \u00fcber eine ger\u00e4umige Aufteilung mit 5 Schlafzimmern und 1 Wohnzimmer, mit einer Gesamtnettofl\u00e4che von 300 m\u00b2 und einer Bruttofl\u00e4che von 350 m\u00b2. Die Villa wurde mit Blick auf Luxus und Funktionalit\u00e4t entworfen und verf\u00fcgt \u00fcber 4 B\u00e4der und 5 WCs, die allen Bewohnern Komfort und Privatsph\u00e4re bieten. Die Villa verf\u00fcgt \u00fcber eine Vielzahl von hochwertigen Annehmlichkeiten, die das Wohnerlebnis verbessern. Dazu geh\u00f6ren eine Fu\u00dfbodenheizung, die in den k\u00e4lteren Monaten f\u00fcr Behaglichkeit sorgt, und ein privater Swimmingpool im Freien, der zum Entspannen und Erholen einl\u00e4dt. F\u00fcr diejenigen, die gerne im Freien kochen, steht ein eingebauter Grillplatz zur Verf\u00fcgung, w\u00e4hrend die Spa-Einrichtungen im Haus mit Sauna, Hammam und Jacuzzi den ultimativen R\u00fcckzugsort f\u00fcr Entspannung bieten. Zum Haus geh\u00f6ren au\u00dferdem ein Innen- und ein Au\u00dfenparkplatz, ein gepflegter Garten und eine ger\u00e4umige Terrasse, auf der man die sch\u00f6ne Umgebung genie\u00dfen kann. Au\u00dferdem steht ein Generator zur Verf\u00fcgung, der eine unterbrechungsfreie Stromversorgung gew\u00e4hrleistet. Die Villa hat eine g\u00fcnstige Ausrichtung mit Blick nach Osten, S\u00fcden und Westen, so dass sie den ganzen Tag \u00fcber viel nat\u00fcrliches Licht erh\u00e4lt. Das Grundst\u00fcck ist nur 3 Kilometer vom Meer entfernt, so dass die Attraktionen an der K\u00fcste leicht zu erreichen sind. Von der Villa aus hat man einen herrlichen Blick auf die Burg, das Meer, die Stadt und nat\u00fcrliche Landschaften, was eine ruhige und sch\u00f6ne Atmosph\u00e4re schafft. Au\u00dferdem ist die Immobilie f\u00fcr die t\u00fcrkische Staatsb\u00fcrgerschaft geeignet, was sie zu einer attraktiven Option f\u00fcr potenzielle Investoren und diejenigen macht, die einen luxuri\u00f6sen Lebensstil in der T\u00fcrkei suchen.   <\/p>\n","protected":false},"excerpt":{"rendered":"<p>Villa La Vida &#8211; Tepe ist eine brandneue, luxuri\u00f6se Triplex-Villa in einer ruhigen und malerischen Gegend. Das Anwesen befindet sich<\/p>\n","protected":false},"featured_media":15650,"comment_status":"open","ping_status":"closed","template":"","meta":[],"product_cat":[85,99,93],"product_tag":[],"country":[144],"district":[191],"selling-type":[141],"property-type":[139],"location":[142],"property-city":[143],"class_list":{"0":"post-15797","1":"product","2":"type-product","3":"status-publish","4":"has-post-thumbnail","6":"product_cat-heises-angebot","7":"product_cat-meerblick","8":"product_cat-pool-ansicht","9":"country-turkey-de","10":"district-tepe-de","11":"selling-type-wiederverkauf","12":"property-type-villa-de","13":"location-alanya-de","14":"property-city-antalya-de","16":"first","17":"instock","18":"shipping-taxable","19":"purchasable","20":"product-type-simple"},"_links":{"self":[{"href":"https:\/\/www.onurkoserealestate.com\/de\/wp-json\/wp\/v2\/product\/15797","targetHints":{"allow":["GET"]}}],"collection":[{"href":"https:\/\/www.onurkoserealestate.com\/de\/wp-json\/wp\/v2\/product"}],"about":[{"href":"https:\/\/www.onurkoserealestate.com\/de\/wp-json\/wp\/v2\/types\/product"}],"replies":[{"embeddable":true,"href":"https:\/\/www.onurkoserealestate.com\/de\/wp-json\/wp\/v2\/comments?post=15797"}],"wp:featuredmedia":[{"embeddable":true,"href":"https:\/\/www.onurkoserealestate.com\/de\/wp-json\/wp\/v2\/media\/15650"}],"wp:attachment":[{"href":"https:\/\/www.onurkoserealestate.com\/de\/wp-json\/wp\/v2\/media?parent=15797"}],"wp:term":[{"taxonomy":"product_cat","embeddable":true,"href":"https:\/\/www.onurkoserealestate.com\/de\/wp-json\/wp\/v2\/product_cat?post=15797"},{"taxonomy":"product_tag","embeddable":true,"href":"https:\/\/www.onurkoserealestate.com\/de\/wp-json\/wp\/v2\/product_tag?post=15797"},{"taxonomy":"country","embeddable":true,"href":"https:\/\/www.onurkoserealestate.com\/de\/wp-json\/wp\/v2\/country?post=15797"},{"taxonomy":"district","embeddable":true,"href":"https:\/\/www.onurkoserealestate.com\/de\/wp-json\/wp\/v2\/district?post=15797"},{"taxonomy":"selling-type","embeddable":true,"href":"https:\/\/www.onurkoserealestate.com\/de\/wp-json\/wp\/v2\/selling-type?post=15797"},{"taxonomy":"property-type","embeddable":true,"href":"https:\/\/www.onurkoserealestate.com\/de\/wp-json\/wp\/v2\/property-type?post=15797"},{"taxonomy":"location","embeddable":true,"href":"https:\/\/www.onurkoserealestate.com\/de\/wp-json\/wp\/v2\/location?post=15797"},{"taxonomy":"property-city","embeddable":true,"href":"https:\/\/www.onurkoserealestate.com\/de\/wp-json\/wp\/v2\/property-city?post=15797"}],"curies":[{"name":"wp","href":"https:\/\/api.w.org\/{rel}","templated":true}]}}