{"id":16135,"date":"2025-02-27T08:30:23","date_gmt":"2025-02-27T08:30:23","guid":{"rendered":"https:\/\/www.onurkoserealestate.com\/product\/eine-traumvilla-in-alanyas-tepe-bektas-wo-komfort-auf-natur-trifft\/"},"modified":"2025-02-27T08:37:06","modified_gmt":"2025-02-27T08:37:06","slug":"a-dream-villa-in-alanyas-tepe-bektas-where-comfort-meets-nature","status":"publish","type":"product","link":"https:\/\/www.onurkoserealestate.com\/de\/product\/a-dream-villa-in-alanyas-tepe-bektas-where-comfort-meets-nature\/","title":{"rendered":"Eine Traumvilla in Alanyas Tepe Bekta\u015f: Wo Komfort auf Natur trifft"},"content":{"rendered":"<p>In der Gegend von Tepe Bekta\u015f in Alanya, Antalya, entsteht ein neues Villenprojekt, bei dem jedes Detail, von dem Sie getr\u00e4umt haben, Wirklichkeit wird. Das auf einem 2.480 m\u00b2 gro\u00dfen Grundst\u00fcck errichtete Projekt umfasst eine Baufl\u00e4che von ca. 5.115 m\u00b2. Dieses Projekt, das darauf ausgelegt ist, auf jedem Quadratmeter Komfort und Entspannung zu bieten, ist von Pinienw\u00e4ldern umgeben und bietet einen ungehinderten Panoramablick auf Alanya und das Meer. Das Projekt besteht aus 6 Triplex-Villen, jede mit 305 m\u00b2, mit 8+1 Zimmern, darunter vier Schlafzimmer mit eigenem Bad, einem modernen Wohnzimmer mit Kamin, einer amerikanischen K\u00fcche, einem Kinoraum, einem Fitnessraum, einer Sauna, einem Abstellraum und einem Technikraum.   <\/p>\n<p>Die Villen verf\u00fcgen \u00fcber G\u00e4rten mit einer Nutzfl\u00e4che von 216 m\u00b2 bis 292 m\u00b2, in denen Sie ruhige und erholsame Tage verbringen und die Natur genie\u00dfen k\u00f6nnen. Jede Villa ist mit einem Smart-Home-System, Fu\u00dfbodenheizung in allen R\u00e4umen, einem Generator, einem Wassertank und einem Blitzschutzsystem ausgestattet. Das Projekt bietet von 100 % der Einheiten aus einen ungehinderten Blick auf das Stadtzentrum von Alanya, die Burg und das Meer. Jede Villa verf\u00fcgt \u00fcber einen eigenen offenen Infinity-Pool und einen geschlossenen Parkplatz f\u00fcr zwei Autos.  <\/p>\n<p>Dieses Projekt verspricht einen prestigetr\u00e4chtigen und komfortablen Lebensstil, der modernes Wohnen mit Natur verbindet. Wenn Sie einen zeitlosen, luxuri\u00f6sen und exklusiven Lebensraum erleben m\u00f6chten, ist dies die perfekte Gelegenheit f\u00fcr Sie. Es ist nicht nur ein komfortables Zuhause, sondern auch eine sichere Zukunft und eine rentable Investition. Nehmen Sie Ihren Platz in diesem au\u00dfergew\u00f6hnlichen Projekt ein und genie\u00dfen Sie die Vorteile, die es Ihnen bietet.   <\/p>\n","protected":false},"excerpt":{"rendered":"<p>In der Gegend von Tepe Bekta\u015f in Alanya, Antalya, entsteht ein neues Villenprojekt, bei dem jedes Detail, von dem Sie<\/p>\n","protected":false},"featured_media":15988,"comment_status":"open","ping_status":"closed","template":"","meta":[],"product_cat":[85,99],"product_tag":[],"country":[144],"district":[209],"selling-type":[155,150],"property-type":[139],"location":[142],"property-city":[143],"class_list":{"0":"post-16135","1":"product","2":"type-product","3":"status-publish","4":"has-post-thumbnail","6":"product_cat-heises-angebot","7":"product_cat-meerblick","8":"country-turkey-de","9":"district-tepe-de-2","10":"selling-type-im-bau-befindliche-projekte","11":"selling-type-projekte","12":"property-type-villa-de","13":"location-alanya-de","14":"property-city-antalya-de","16":"first","17":"instock","18":"shipping-taxable","19":"purchasable","20":"product-type-simple"},"_links":{"self":[{"href":"https:\/\/www.onurkoserealestate.com\/de\/wp-json\/wp\/v2\/product\/16135","targetHints":{"allow":["GET"]}}],"collection":[{"href":"https:\/\/www.onurkoserealestate.com\/de\/wp-json\/wp\/v2\/product"}],"about":[{"href":"https:\/\/www.onurkoserealestate.com\/de\/wp-json\/wp\/v2\/types\/product"}],"replies":[{"embeddable":true,"href":"https:\/\/www.onurkoserealestate.com\/de\/wp-json\/wp\/v2\/comments?post=16135"}],"wp:featuredmedia":[{"embeddable":true,"href":"https:\/\/www.onurkoserealestate.com\/de\/wp-json\/wp\/v2\/media\/15988"}],"wp:attachment":[{"href":"https:\/\/www.onurkoserealestate.com\/de\/wp-json\/wp\/v2\/media?parent=16135"}],"wp:term":[{"taxonomy":"product_cat","embeddable":true,"href":"https:\/\/www.onurkoserealestate.com\/de\/wp-json\/wp\/v2\/product_cat?post=16135"},{"taxonomy":"product_tag","embeddable":true,"href":"https:\/\/www.onurkoserealestate.com\/de\/wp-json\/wp\/v2\/product_tag?post=16135"},{"taxonomy":"country","embeddable":true,"href":"https:\/\/www.onurkoserealestate.com\/de\/wp-json\/wp\/v2\/country?post=16135"},{"taxonomy":"district","embeddable":true,"href":"https:\/\/www.onurkoserealestate.com\/de\/wp-json\/wp\/v2\/district?post=16135"},{"taxonomy":"selling-type","embeddable":true,"href":"https:\/\/www.onurkoserealestate.com\/de\/wp-json\/wp\/v2\/selling-type?post=16135"},{"taxonomy":"property-type","embeddable":true,"href":"https:\/\/www.onurkoserealestate.com\/de\/wp-json\/wp\/v2\/property-type?post=16135"},{"taxonomy":"location","embeddable":true,"href":"https:\/\/www.onurkoserealestate.com\/de\/wp-json\/wp\/v2\/location?post=16135"},{"taxonomy":"property-city","embeddable":true,"href":"https:\/\/www.onurkoserealestate.com\/de\/wp-json\/wp\/v2\/property-city?post=16135"}],"curies":[{"name":"wp","href":"https:\/\/api.w.org\/{rel}","templated":true}]}}