{"id":16467,"date":"2025-06-02T12:23:43","date_gmt":"2025-06-02T12:23:43","guid":{"rendered":"https:\/\/www.onurkoserealestate.com\/product\/alanya-ihr-tor-zu-einem-besseren-leben\/"},"modified":"2025-06-02T12:23:43","modified_gmt":"2025-06-02T12:23:43","slug":"alanya-your-gateway-to-a-better-life","status":"publish","type":"product","link":"https:\/\/www.onurkoserealestate.com\/de\/product\/alanya-your-gateway-to-a-better-life\/","title":{"rendered":"Alanya: Ihr Tor zu einem besseren Leben"},"content":{"rendered":"<p>Alanya ist eine der sch\u00f6nsten und lebendigsten St\u00e4dte an der t\u00fcrkischen Mittelmeerk\u00fcste. Jedes Jahr kommen Tausende von Touristen nach Alanya, um die herrlichen Str\u00e4nde, die historischen Sehensw\u00fcrdigkeiten und das warme Klima zu genie\u00dfen. Alanya bietet eine einzigartige Kombination aus nat\u00fcrlicher Sch\u00f6nheit und modernem Leben, was es zu einem beliebten Ziel f\u00fcr Urlauber und Immobilienk\u00e4ufer macht. Die Atmosph\u00e4re in Alanya ist friedlich und doch lebendig und bietet f\u00fcr jeden etwas, von alten Schl\u00f6ssern bis zu bunten M\u00e4rkten. Die K\u00fcste von Alanya ist voll von Sandstr\u00e4nden und kristallklarem Wasser, ideal zum Schwimmen und Entspannen. Viele Menschen entscheiden sich aufgrund der wachsenden Beliebtheit und der hervorragenden Lebensqualit\u00e4t f\u00fcr eine Investition in Immobilien in Alanya. Das Leben in Alanya bedeutet, fast jeden Tag mit Sonnenschein aufzuwachen und das Beste der t\u00fcrkischen Gastfreundschaft zu genie\u00dfen. Alanya verf\u00fcgt auch \u00fcber ausgezeichnete Restaurants, Schulen, Krankenh\u00e4user und Einkaufszentren, die es ideal f\u00fcr Familien machen. Ob Sie sich zur Ruhe setzen, investieren oder einfach nur Zeit am Meer verbringen m\u00f6chten, Alanya ist die perfekte Wahl. Die Gemeinschaft in Alanya ist international und einladend und zieht Menschen aus der ganzen Welt an. Wenn Sie \u00fcber ein neues Leben in der Sonne nachdenken, sollte Alanya ganz oben auf Ihrer Liste stehen. Einfach gesagt, Alanya hat alles.           <\/p>\n","protected":false},"excerpt":{"rendered":"<p>Alanya ist eine der sch\u00f6nsten und lebendigsten St\u00e4dte an der t\u00fcrkischen Mittelmeerk\u00fcste. Jedes Jahr kommen Tausende von Touristen nach Alanya,<\/p>\n","protected":false},"featured_media":16451,"comment_status":"open","ping_status":"closed","template":"","meta":[],"product_cat":[85],"product_tag":[],"country":[144],"district":[197],"selling-type":[141],"property-type":[126],"location":[142],"property-city":[143],"class_list":{"0":"post-16467","1":"product","2":"type-product","3":"status-publish","4":"has-post-thumbnail","6":"product_cat-heises-angebot","7":"country-turkey-de","8":"district-tosmur-de","9":"selling-type-wiederverkauf","10":"property-type-apartment-de","11":"location-alanya-de","12":"property-city-antalya-de","14":"first","15":"instock","16":"shipping-taxable","17":"purchasable","18":"product-type-simple"},"_links":{"self":[{"href":"https:\/\/www.onurkoserealestate.com\/de\/wp-json\/wp\/v2\/product\/16467","targetHints":{"allow":["GET"]}}],"collection":[{"href":"https:\/\/www.onurkoserealestate.com\/de\/wp-json\/wp\/v2\/product"}],"about":[{"href":"https:\/\/www.onurkoserealestate.com\/de\/wp-json\/wp\/v2\/types\/product"}],"replies":[{"embeddable":true,"href":"https:\/\/www.onurkoserealestate.com\/de\/wp-json\/wp\/v2\/comments?post=16467"}],"wp:featuredmedia":[{"embeddable":true,"href":"https:\/\/www.onurkoserealestate.com\/de\/wp-json\/wp\/v2\/media\/16451"}],"wp:attachment":[{"href":"https:\/\/www.onurkoserealestate.com\/de\/wp-json\/wp\/v2\/media?parent=16467"}],"wp:term":[{"taxonomy":"product_cat","embeddable":true,"href":"https:\/\/www.onurkoserealestate.com\/de\/wp-json\/wp\/v2\/product_cat?post=16467"},{"taxonomy":"product_tag","embeddable":true,"href":"https:\/\/www.onurkoserealestate.com\/de\/wp-json\/wp\/v2\/product_tag?post=16467"},{"taxonomy":"country","embeddable":true,"href":"https:\/\/www.onurkoserealestate.com\/de\/wp-json\/wp\/v2\/country?post=16467"},{"taxonomy":"district","embeddable":true,"href":"https:\/\/www.onurkoserealestate.com\/de\/wp-json\/wp\/v2\/district?post=16467"},{"taxonomy":"selling-type","embeddable":true,"href":"https:\/\/www.onurkoserealestate.com\/de\/wp-json\/wp\/v2\/selling-type?post=16467"},{"taxonomy":"property-type","embeddable":true,"href":"https:\/\/www.onurkoserealestate.com\/de\/wp-json\/wp\/v2\/property-type?post=16467"},{"taxonomy":"location","embeddable":true,"href":"https:\/\/www.onurkoserealestate.com\/de\/wp-json\/wp\/v2\/location?post=16467"},{"taxonomy":"property-city","embeddable":true,"href":"https:\/\/www.onurkoserealestate.com\/de\/wp-json\/wp\/v2\/property-city?post=16467"}],"curies":[{"name":"wp","href":"https:\/\/api.w.org\/{rel}","templated":true}]}}