{"id":16512,"date":"2025-06-04T08:10:19","date_gmt":"2025-06-04T08:10:19","guid":{"rendered":"https:\/\/www.onurkoserealestate.com\/product\/erschwingliches-leben-an-der-kueste-in-alanya-tuerkei\/"},"modified":"2025-06-04T08:10:19","modified_gmt":"2025-06-04T08:10:19","slug":"affordable-coastal-living-in-alanya-turkey","status":"publish","type":"product","link":"https:\/\/www.onurkoserealestate.com\/de\/product\/affordable-coastal-living-in-alanya-turkey\/","title":{"rendered":"Erschwingliches Leben an der K\u00fcste in Alanya, T\u00fcrkei"},"content":{"rendered":"<p>Alanya ist eine der beliebtesten und lebhaftesten K\u00fcstenst\u00e4dte der T\u00fcrkei und liegt an der s\u00fcdlichen Mittelmeerk\u00fcste. Alanya ist bekannt f\u00fcr seine sch\u00f6nen Str\u00e4nde, seine reiche Geschichte und seine lebhafte Atmosph\u00e4re und zieht jedes Jahr Tausende von Touristen und Immobilienk\u00e4ufern an. Die Stadt bietet eine perfekte Mischung aus modernem Leben und nat\u00fcrlicher Sch\u00f6nheit. Mit seinem warmen Klima ist Alanya sowohl f\u00fcr den Urlaub als auch f\u00fcr das ganzj\u00e4hrige Leben ideal. Eines der ber\u00fchmtesten Wahrzeichen der Stadt ist die historische Burg von Alanya, die auf einer Anh\u00f6he mit Panoramablick auf das Meer thront. Der Hafenbereich ist voller Restaurants, Bars und Gesch\u00e4fte, die eine lebendige und einladende Umgebung schaffen. Alanya verf\u00fcgt auch \u00fcber eine hervorragende Infrastruktur mit Krankenh\u00e4usern, Schulen, Einkaufszentren und einer wachsenden internationalen Gemeinschaft. Viertel wie Mahmutlar, Oba und Kestel sind bei Ausl\u00e4ndern wegen ihrer gut geplanten Wohnkomplexe und der N\u00e4he zum Strand besonders beliebt. Aktivit\u00e4ten wie Schwimmen, Gleitschirmfliegen, Wandern und das Erkunden der lokalen M\u00e4rkte machen das Leben in Alanya sowohl aufregend als auch erf\u00fcllend. Der Immobilienmarkt in Alanya floriert und bietet sowohl erschwingliche Wohnungen als auch Luxusvillen. Ob Sie nun ein Ferienhaus, eine Investitionsm\u00f6glichkeit oder einen ruhigen Ort f\u00fcr Ihren Ruhestand suchen, Alanya bietet f\u00fcr jeden etwas in einer atemberaubenden mediterranen Umgebung.          <\/p>\n","protected":false},"excerpt":{"rendered":"<p>Alanya ist eine der beliebtesten und lebhaftesten K\u00fcstenst\u00e4dte der T\u00fcrkei und liegt an der s\u00fcdlichen Mittelmeerk\u00fcste. Alanya ist bekannt f\u00fcr<\/p>\n","protected":false},"featured_media":16485,"comment_status":"open","ping_status":"closed","template":"","meta":[],"product_cat":[85],"product_tag":[],"country":[144],"district":[185],"selling-type":[141],"property-type":[126],"location":[142],"property-city":[143],"class_list":{"0":"post-16512","1":"product","2":"type-product","3":"status-publish","4":"has-post-thumbnail","6":"product_cat-heises-angebot","7":"country-turkey-de","8":"district-mahmutlar-de","9":"selling-type-wiederverkauf","10":"property-type-apartment-de","11":"location-alanya-de","12":"property-city-antalya-de","14":"first","15":"instock","16":"shipping-taxable","17":"purchasable","18":"product-type-simple"},"_links":{"self":[{"href":"https:\/\/www.onurkoserealestate.com\/de\/wp-json\/wp\/v2\/product\/16512","targetHints":{"allow":["GET"]}}],"collection":[{"href":"https:\/\/www.onurkoserealestate.com\/de\/wp-json\/wp\/v2\/product"}],"about":[{"href":"https:\/\/www.onurkoserealestate.com\/de\/wp-json\/wp\/v2\/types\/product"}],"replies":[{"embeddable":true,"href":"https:\/\/www.onurkoserealestate.com\/de\/wp-json\/wp\/v2\/comments?post=16512"}],"wp:featuredmedia":[{"embeddable":true,"href":"https:\/\/www.onurkoserealestate.com\/de\/wp-json\/wp\/v2\/media\/16485"}],"wp:attachment":[{"href":"https:\/\/www.onurkoserealestate.com\/de\/wp-json\/wp\/v2\/media?parent=16512"}],"wp:term":[{"taxonomy":"product_cat","embeddable":true,"href":"https:\/\/www.onurkoserealestate.com\/de\/wp-json\/wp\/v2\/product_cat?post=16512"},{"taxonomy":"product_tag","embeddable":true,"href":"https:\/\/www.onurkoserealestate.com\/de\/wp-json\/wp\/v2\/product_tag?post=16512"},{"taxonomy":"country","embeddable":true,"href":"https:\/\/www.onurkoserealestate.com\/de\/wp-json\/wp\/v2\/country?post=16512"},{"taxonomy":"district","embeddable":true,"href":"https:\/\/www.onurkoserealestate.com\/de\/wp-json\/wp\/v2\/district?post=16512"},{"taxonomy":"selling-type","embeddable":true,"href":"https:\/\/www.onurkoserealestate.com\/de\/wp-json\/wp\/v2\/selling-type?post=16512"},{"taxonomy":"property-type","embeddable":true,"href":"https:\/\/www.onurkoserealestate.com\/de\/wp-json\/wp\/v2\/property-type?post=16512"},{"taxonomy":"location","embeddable":true,"href":"https:\/\/www.onurkoserealestate.com\/de\/wp-json\/wp\/v2\/location?post=16512"},{"taxonomy":"property-city","embeddable":true,"href":"https:\/\/www.onurkoserealestate.com\/de\/wp-json\/wp\/v2\/property-city?post=16512"}],"curies":[{"name":"wp","href":"https:\/\/api.w.org\/{rel}","templated":true}]}}