{"id":16593,"date":"2025-06-04T08:33:50","date_gmt":"2025-06-04T08:33:50","guid":{"rendered":"https:\/\/www.onurkoserealestate.com\/product\/familiengerechter-komfort-in-alanyas-prestigetraechtigem-kavi-dreams-komplex\/"},"modified":"2025-06-04T08:33:50","modified_gmt":"2025-06-04T08:33:50","slug":"family-sized-comfort-in-alanyas-prestigious-kavi-dreams-complex","status":"publish","type":"product","link":"https:\/\/www.onurkoserealestate.com\/de\/product\/family-sized-comfort-in-alanyas-prestigious-kavi-dreams-complex\/","title":{"rendered":"Familiengerechter Komfort in Alanyas prestigetr\u00e4chtigem Kavi Dreams-Komplex"},"content":{"rendered":"<p>Alanya, an der wundersch\u00f6nen Mittelmeerk\u00fcste der T\u00fcrkei gelegen, ist ein lebhaftes und schnell wachsendes Reiseziel, das f\u00fcr sein sonniges Klima, seine goldenen Str\u00e4nde und seine reiche Geschichte bekannt ist. Einst eine ruhige K\u00fcstenstadt, hat sich Alanya in ein modernes Zentrum verwandelt, das Menschen aus der ganzen Welt anzieht, die einen entspannten und doch dynamischen Lebensstil suchen. Mit seinem ganzj\u00e4hrig warmen Wetter ist Alanya sowohl f\u00fcr einen dauerhaften Aufenthalt als auch f\u00fcr Ferienaufenthalte ideal. Die Stadt beherbergt eine vielf\u00e4ltige internationale Gemeinschaft, eine ausgezeichnete Gesundheitsversorgung und eine gro\u00dfe Auswahl an Gesch\u00e4ften, Caf\u00e9s und Restaurants. Alanyas Stadtteile wie Oba, Mahmutlar und Kestel sind besonders beliebt f\u00fcr Immobilieninvestitionen, da sie gut geplante Wohnkomplexe in Meeresn\u00e4he bieten. Familien, Rentner und Investoren werden gleicherma\u00dfen von Alanyas sicherer, sauberer Umgebung und den endlosen Freizeitm\u00f6glichkeiten angezogen, die vom Schwimmen und Wandern bis zum Besuch historischer St\u00e4tten wie der ber\u00fchmten Burg von Alanya reichen. Die Flughafenanbindung und die moderne Infrastruktur der Stadt machen das Reisen und Einleben leicht. Ob Sie nun einen ruhigen Ruhestand, ein Sommerhaus oder eine vielversprechende Investition suchen, Alanya bietet eine einzigartige Mischung aus nat\u00fcrlicher Sch\u00f6nheit, kulturellem Reichtum und modernem Komfort. In jeder Ecke von Alanya finden Sie W\u00e4rme, Gastfreundschaft und ein echtes Gef\u00fchl f\u00fcr das mediterrane Leben.        <\/p>\n","protected":false},"excerpt":{"rendered":"<p>Alanya, an der wundersch\u00f6nen Mittelmeerk\u00fcste der T\u00fcrkei gelegen, ist ein lebhaftes und schnell wachsendes Reiseziel, das f\u00fcr sein sonniges Klima,<\/p>\n","protected":false},"featured_media":0,"comment_status":"open","ping_status":"closed","template":"","meta":[],"product_cat":[85],"product_tag":[],"country":[144],"district":[156],"selling-type":[141],"property-type":[126],"location":[142],"property-city":[143],"class_list":{"0":"post-16593","1":"product","2":"type-product","3":"status-publish","5":"product_cat-heises-angebot","6":"country-turkey-de","7":"district-oba-de","8":"selling-type-wiederverkauf","9":"property-type-apartment-de","10":"location-alanya-de","11":"property-city-antalya-de","13":"first","14":"instock","15":"shipping-taxable","16":"purchasable","17":"product-type-simple"},"_links":{"self":[{"href":"https:\/\/www.onurkoserealestate.com\/de\/wp-json\/wp\/v2\/product\/16593","targetHints":{"allow":["GET"]}}],"collection":[{"href":"https:\/\/www.onurkoserealestate.com\/de\/wp-json\/wp\/v2\/product"}],"about":[{"href":"https:\/\/www.onurkoserealestate.com\/de\/wp-json\/wp\/v2\/types\/product"}],"replies":[{"embeddable":true,"href":"https:\/\/www.onurkoserealestate.com\/de\/wp-json\/wp\/v2\/comments?post=16593"}],"wp:attachment":[{"href":"https:\/\/www.onurkoserealestate.com\/de\/wp-json\/wp\/v2\/media?parent=16593"}],"wp:term":[{"taxonomy":"product_cat","embeddable":true,"href":"https:\/\/www.onurkoserealestate.com\/de\/wp-json\/wp\/v2\/product_cat?post=16593"},{"taxonomy":"product_tag","embeddable":true,"href":"https:\/\/www.onurkoserealestate.com\/de\/wp-json\/wp\/v2\/product_tag?post=16593"},{"taxonomy":"country","embeddable":true,"href":"https:\/\/www.onurkoserealestate.com\/de\/wp-json\/wp\/v2\/country?post=16593"},{"taxonomy":"district","embeddable":true,"href":"https:\/\/www.onurkoserealestate.com\/de\/wp-json\/wp\/v2\/district?post=16593"},{"taxonomy":"selling-type","embeddable":true,"href":"https:\/\/www.onurkoserealestate.com\/de\/wp-json\/wp\/v2\/selling-type?post=16593"},{"taxonomy":"property-type","embeddable":true,"href":"https:\/\/www.onurkoserealestate.com\/de\/wp-json\/wp\/v2\/property-type?post=16593"},{"taxonomy":"location","embeddable":true,"href":"https:\/\/www.onurkoserealestate.com\/de\/wp-json\/wp\/v2\/location?post=16593"},{"taxonomy":"property-city","embeddable":true,"href":"https:\/\/www.onurkoserealestate.com\/de\/wp-json\/wp\/v2\/property-city?post=16593"}],"curies":[{"name":"wp","href":"https:\/\/api.w.org\/{rel}","templated":true}]}}