{"id":16741,"date":"2025-06-04T09:19:28","date_gmt":"2025-06-04T09:19:28","guid":{"rendered":"https:\/\/www.onurkoserealestate.com\/product\/wohnen-direkt-am-meer-in-kestel-alanya-180-m%c2%b2-duplex-zu-verkaufen\/"},"modified":"2025-06-04T09:19:28","modified_gmt":"2025-06-04T09:19:28","slug":"sea-side-living-in-kestel-alanya-180-m%c2%b2-duplex-for-sale","status":"publish","type":"product","link":"https:\/\/www.onurkoserealestate.com\/de\/product\/sea-side-living-in-kestel-alanya-180-m%C2%B2-duplex-for-sale\/","title":{"rendered":"Wohnen direkt am Meer in Kestel\/Alanya &#8211; 180 m\u00b2 Duplex zu verkaufen"},"content":{"rendered":"<p data-start=\"199\" data-end=\"1489\">Alanya ist eine der attraktivsten K\u00fcstenst\u00e4dte der T\u00fcrkei und bietet eine einzigartige Kombination aus nat\u00fcrlicher Sch\u00f6nheit, modernem Leben und reicher Geschichte. Alanya liegt an der Mittelmeerk\u00fcste und ist ber\u00fchmt f\u00fcr seine langen Sandstr\u00e4nde, das klare t\u00fcrkisfarbene Wasser und das warme, sonnige Klima fast das ganze Jahr \u00fcber. Ob Sie nun ein Urlaubsziel oder einen dauerhaften Wohnsitz suchen, Alanya bietet alles, was Sie brauchen. Die Stadt ist in mehrere gut entwickelte Stadtteile wie Mahmutlar, Oba, Kestel und das historische Zentrum unterteilt, von denen jeder seinen eigenen Charme hat. Alanya bietet auch eine gro\u00dfe Auswahl an Immobilien, von modernen Wohnungen mit Meerblick bis hin zu luxuri\u00f6sen Villen inmitten der Natur. Mit einer wachsenden internationalen Gemeinschaft wird Alanya bei Ausl\u00e4ndern immer beliebter, die den ruhigen Lebensstil, die erschwinglichen Lebenshaltungskosten und die hervorragenden Einrichtungen wie Schulen, Krankenh\u00e4user und Einkaufszentren sch\u00e4tzen. Aktivit\u00e4ten wie Schwimmen, Wandern, Gleitschirmfliegen und die Erkundung der Burg von Alanya oder des Roten Turms erm\u00f6glichen es Einwohnern und Besuchern, sowohl die Natur als auch die Kultur zu genie\u00dfen. Dank der modernen Infrastruktur und der N\u00e4he zum Flughafen Gazipa\u015fa ist Alanya auch sehr gut zu erreichen. In jeder Hinsicht ist Alanya mehr als nur ein Ort zum Besuchen &#8211; es ist ein Ort zum Leben, Investieren und Genie\u00dfen des Lebens am Meer.        <\/p>\n","protected":false},"excerpt":{"rendered":"<p>Alanya ist eine der attraktivsten K\u00fcstenst\u00e4dte der T\u00fcrkei und bietet eine einzigartige Kombination aus nat\u00fcrlicher Sch\u00f6nheit, modernem Leben und reicher<\/p>\n","protected":false},"featured_media":16682,"comment_status":"open","ping_status":"closed","template":"","meta":[],"product_cat":[85],"product_tag":[],"country":[144],"district":[175],"selling-type":[141],"property-type":[126],"location":[142],"property-city":[143],"class_list":{"0":"post-16741","1":"product","2":"type-product","3":"status-publish","4":"has-post-thumbnail","6":"product_cat-heises-angebot","7":"country-turkey-de","8":"district-kestel-de","9":"selling-type-wiederverkauf","10":"property-type-apartment-de","11":"location-alanya-de","12":"property-city-antalya-de","14":"first","15":"instock","16":"shipping-taxable","17":"purchasable","18":"product-type-simple"},"_links":{"self":[{"href":"https:\/\/www.onurkoserealestate.com\/de\/wp-json\/wp\/v2\/product\/16741","targetHints":{"allow":["GET"]}}],"collection":[{"href":"https:\/\/www.onurkoserealestate.com\/de\/wp-json\/wp\/v2\/product"}],"about":[{"href":"https:\/\/www.onurkoserealestate.com\/de\/wp-json\/wp\/v2\/types\/product"}],"replies":[{"embeddable":true,"href":"https:\/\/www.onurkoserealestate.com\/de\/wp-json\/wp\/v2\/comments?post=16741"}],"wp:featuredmedia":[{"embeddable":true,"href":"https:\/\/www.onurkoserealestate.com\/de\/wp-json\/wp\/v2\/media\/16682"}],"wp:attachment":[{"href":"https:\/\/www.onurkoserealestate.com\/de\/wp-json\/wp\/v2\/media?parent=16741"}],"wp:term":[{"taxonomy":"product_cat","embeddable":true,"href":"https:\/\/www.onurkoserealestate.com\/de\/wp-json\/wp\/v2\/product_cat?post=16741"},{"taxonomy":"product_tag","embeddable":true,"href":"https:\/\/www.onurkoserealestate.com\/de\/wp-json\/wp\/v2\/product_tag?post=16741"},{"taxonomy":"country","embeddable":true,"href":"https:\/\/www.onurkoserealestate.com\/de\/wp-json\/wp\/v2\/country?post=16741"},{"taxonomy":"district","embeddable":true,"href":"https:\/\/www.onurkoserealestate.com\/de\/wp-json\/wp\/v2\/district?post=16741"},{"taxonomy":"selling-type","embeddable":true,"href":"https:\/\/www.onurkoserealestate.com\/de\/wp-json\/wp\/v2\/selling-type?post=16741"},{"taxonomy":"property-type","embeddable":true,"href":"https:\/\/www.onurkoserealestate.com\/de\/wp-json\/wp\/v2\/property-type?post=16741"},{"taxonomy":"location","embeddable":true,"href":"https:\/\/www.onurkoserealestate.com\/de\/wp-json\/wp\/v2\/location?post=16741"},{"taxonomy":"property-city","embeddable":true,"href":"https:\/\/www.onurkoserealestate.com\/de\/wp-json\/wp\/v2\/property-city?post=16741"}],"curies":[{"name":"wp","href":"https:\/\/api.w.org\/{rel}","templated":true}]}}