{"id":17253,"date":"2025-08-08T10:28:23","date_gmt":"2025-08-08T10:28:23","guid":{"rendered":"https:\/\/www.onurkoserealestate.com\/product\/ihre-friedliche-auszeit-erwartet-sie-in-avsallar-alanya\/"},"modified":"2025-08-08T10:28:23","modified_gmt":"2025-08-08T10:28:23","slug":"your-peaceful-escape-awaits-in-alanyas-avsallar","status":"publish","type":"product","link":"https:\/\/www.onurkoserealestate.com\/de\/product\/your-peaceful-escape-awaits-in-alanyas-avsallar\/","title":{"rendered":"Ihre friedliche Auszeit erwartet Sie in Avsallar, Alanya."},"content":{"rendered":"<p data-start=\"141\" data-end=\"444\"><strong data-start=\"167\" data-end=\"177\">Entdecken <\/strong>Sie <strong data-start=\"225\" data-end=\"243\">modernes <\/strong>Wohnen in Alanya mit dieser eleganten 2+1-Wohnung im Silence Forest-Komplex in Avsallar, einer der <strong data-start=\"255\" data-end=\"267\">ruhigsten<\/strong> und <strong data-start=\"276\" data-end=\"288\">sich <\/strong>am <strong data-start=\"371\" data-end=\"379\">schnellsten <\/strong>entwickelnden Gegenden von Alanya. Dieses brandneue Geb\u00e4ude, das 2025 fertiggestellt wurde, <strong data-start=\"433\" data-end=\"443\">bietet <\/strong>Komfort und Bequemlichkeit im Herzen von Alanya. <\/p>\n<p data-start=\"446\" data-end=\"750\">Nur 1.100 Meter<strong data-start=\"459\" data-end=\"488\"> <\/strong>vom<strong data-start=\"495\" data-end=\"504\"> <\/strong>Meer entfernt <strong data-start=\"546\" data-end=\"557\">befindet <\/strong>sich diese 63 m\u00b2 gro\u00dfe Wohnung im 3. Stock eines 5-st\u00f6ckigen Geb\u00e4udes und bietet <strong data-start=\"527\" data-end=\"540\">die <\/strong>perfekte <strong data-start=\"712\" data-end=\"722\">Balance<\/strong> zwischen Natur und Stadtleben. Ob Sie nun ein Ferienhaus oder eine kluge Investition suchen, diese Immobilie in Alanya ist eine fantastische Gelegenheit. <\/p>\n<p data-start=\"752\" data-end=\"1053\">Die Anlage verf\u00fcgt <strong data-start=\"826\" data-end=\"837\">\u00fcber <\/strong>erstklassige soziale Einrichtungen wie einen Swimmingpool, einen Whirlpool und eine Sauna, <strong data-start=\"807\" data-end=\"824\">sodass <\/strong>sich das Leben <strong data-start=\"843\" data-end=\"852\">in <\/strong>Alanya <strong data-start=\"921\" data-end=\"933\">wie <\/strong>ein <strong data-start=\"1006\" data-end=\"1018\">Dauerurlaub <\/strong>anf\u00fchlt. Avsallar, ein Favorit unter lokalen und internationalen <strong data-start=\"878\" data-end=\"888\">K\u00e4ufern<\/strong>, bietet einfachen Zugang zu den Str\u00e4nden, M\u00e4rkten und Restaurants von Alanya.<\/p>\n<p data-start=\"1055\" data-end=\"1234\">Verpassen Sie nicht Ihre Chance, ein Haus in Alanya zu erwerben, wo fast das ganze Jahr \u00fcber die Sonne scheint und der <strong data-start=\"1095\" data-end=\"1105\">mediterrane <\/strong><strong data-start=\"1208\" data-end=\"1218\">Lebensstil <\/strong>direkt vor Ihrer Haust\u00fcr liegt. Machen Sie Alanya zu Ihrem n\u00e4chsten Ziel! <\/p>\n","protected":false},"excerpt":{"rendered":"<p>Entdecken Sie modernes Wohnen in Alanya mit dieser eleganten 2+1-Wohnung im Silence Forest-Komplex in Avsallar, einer der ruhigsten und sich<\/p>\n","protected":false},"featured_media":17198,"comment_status":"open","ping_status":"closed","template":"","meta":[],"product_cat":[85],"product_tag":[],"country":[144],"district":[147],"selling-type":[141],"property-type":[126],"location":[142],"property-city":[143],"class_list":{"0":"post-17253","1":"product","2":"type-product","3":"status-publish","4":"has-post-thumbnail","6":"product_cat-heises-angebot","7":"country-turkey-de","8":"district-avsallar-de","9":"selling-type-wiederverkauf","10":"property-type-apartment-de","11":"location-alanya-de","12":"property-city-antalya-de","14":"first","15":"instock","16":"shipping-taxable","17":"purchasable","18":"product-type-simple"},"_links":{"self":[{"href":"https:\/\/www.onurkoserealestate.com\/de\/wp-json\/wp\/v2\/product\/17253","targetHints":{"allow":["GET"]}}],"collection":[{"href":"https:\/\/www.onurkoserealestate.com\/de\/wp-json\/wp\/v2\/product"}],"about":[{"href":"https:\/\/www.onurkoserealestate.com\/de\/wp-json\/wp\/v2\/types\/product"}],"replies":[{"embeddable":true,"href":"https:\/\/www.onurkoserealestate.com\/de\/wp-json\/wp\/v2\/comments?post=17253"}],"wp:featuredmedia":[{"embeddable":true,"href":"https:\/\/www.onurkoserealestate.com\/de\/wp-json\/wp\/v2\/media\/17198"}],"wp:attachment":[{"href":"https:\/\/www.onurkoserealestate.com\/de\/wp-json\/wp\/v2\/media?parent=17253"}],"wp:term":[{"taxonomy":"product_cat","embeddable":true,"href":"https:\/\/www.onurkoserealestate.com\/de\/wp-json\/wp\/v2\/product_cat?post=17253"},{"taxonomy":"product_tag","embeddable":true,"href":"https:\/\/www.onurkoserealestate.com\/de\/wp-json\/wp\/v2\/product_tag?post=17253"},{"taxonomy":"country","embeddable":true,"href":"https:\/\/www.onurkoserealestate.com\/de\/wp-json\/wp\/v2\/country?post=17253"},{"taxonomy":"district","embeddable":true,"href":"https:\/\/www.onurkoserealestate.com\/de\/wp-json\/wp\/v2\/district?post=17253"},{"taxonomy":"selling-type","embeddable":true,"href":"https:\/\/www.onurkoserealestate.com\/de\/wp-json\/wp\/v2\/selling-type?post=17253"},{"taxonomy":"property-type","embeddable":true,"href":"https:\/\/www.onurkoserealestate.com\/de\/wp-json\/wp\/v2\/property-type?post=17253"},{"taxonomy":"location","embeddable":true,"href":"https:\/\/www.onurkoserealestate.com\/de\/wp-json\/wp\/v2\/location?post=17253"},{"taxonomy":"property-city","embeddable":true,"href":"https:\/\/www.onurkoserealestate.com\/de\/wp-json\/wp\/v2\/property-city?post=17253"}],"curies":[{"name":"wp","href":"https:\/\/api.w.org\/{rel}","templated":true}]}}