{"id":17405,"date":"2025-08-08T11:09:29","date_gmt":"2025-08-08T11:09:29","guid":{"rendered":"https:\/\/www.onurkoserealestate.com\/product\/200-m%c2%b2-erstklassige-wohnflaeche-im-stadtteil-bektas-in-alanya\/"},"modified":"2025-08-08T11:09:29","modified_gmt":"2025-08-08T11:09:29","slug":"200-m%c2%b2-of-prime-living-space-in-alanyas-bektas-district","status":"publish","type":"product","link":"https:\/\/www.onurkoserealestate.com\/de\/product\/200-m%C2%B2-of-prime-living-space-in-alanyas-bektas-district\/","title":{"rendered":"200 m\u00b2 erstklassige Wohnfl\u00e4che im Stadtteil Bekta\u015f in Alanya"},"content":{"rendered":"<p data-start=\"134\" data-end=\"402\"><strong data-start=\"145\" data-end=\"155\">Willkommen <\/strong>in <strong data-start=\"211\" data-end=\"228\">Alanya<\/strong>, wo <strong data-start=\"244\" data-end=\"259\">Komfort <\/strong>auf <strong data-start=\"348\" data-end=\"358\">atemberaubende <\/strong>Ausblicke trifft! Diese ger\u00e4umige 3+1-Wohnung in der beliebten Bekta\u015f Hill Residenz bietet den perfekten Lebensstil f\u00fcr alle, die die ruhige Seite von Alanya genie\u00dfen m\u00f6chten und dennoch in der N\u00e4he des Stadtzentrums wohnen m\u00f6chten. <\/p>\n<p data-start=\"404\" data-end=\"682\">Dieses komplett eingerichtete <strong data-start=\"415\" data-end=\"425\">Apartment <\/strong>befindet sich in <strong data-start=\"459\" data-end=\"469\">Bekta\u015f<\/strong>, einer der landschaftlich reizvollsten Gegenden von <strong data-start=\"476\" data-end=\"495\">Alanya<\/strong>, im <strong data-start=\"567\" data-end=\"577\">3. Stock von Block<\/strong> A und bietet eine gro\u00dfz\u00fcgige <strong data-start=\"516\" data-end=\"529\">Wohnfl\u00e4che <\/strong>von<strong data-start=\"533\" data-end=\"544\"> 200 m\u00b2<\/strong>. Das <strong data-start=\"623\" data-end=\"631\">2010<\/strong> erbaute Haus ist gut gepflegt und bezugsfertig. <\/p>\n<p data-start=\"684\" data-end=\"939\">Nur <strong data-start=\"689\" data-end=\"710\">6 km<\/strong> vom Meer entfernt, k\u00f6nnen Sie in dieser Unterkunft die Sch\u00f6nheit der K\u00fcste von <strong data-start=\"755\" data-end=\"767\">Alanya <\/strong>genie\u00dfen und gleichzeitig in einer ruhigen, gr\u00fcnen Umgebung wohnen. Die Anlage verf\u00fcgt \u00fcber gro\u00dfartige <strong data-start=\"861\" data-end=\"878\">Annehmlichkeiten <\/strong>wie einen <strong data-start=\"880\" data-end=\"900\">Swimmingpool<\/strong>, einen <strong data-start=\"927\" data-end=\"938\">Pavillon <\/strong>(Kamelya) zum Entspannen und einen privaten Parkplatz. <\/p>\n<p data-start=\"941\" data-end=\"1179\">Ob Sie nun einen dauerhaften Wohnsitz, ein Ferienhaus oder eine Investition in <strong data-start=\"1025\" data-end=\"1035\">Alanya <\/strong>suchen, diese Wohnung bietet Ihnen ein hervorragendes Preis-Leistungs-Verh\u00e4ltnis und hohen Komfort. Erleben Sie den ruhigen Charme von <strong data-start=\"1149\" data-end=\"1159\">Bekta\u015f <\/strong>und das pulsierende Leben von Alanya \u2013 alles an einem Ort. <\/p>\n<p data-start=\"1181\" data-end=\"1211\">Machen Sie <strong data-start=\"1186\" data-end=\"1196\">Alanya <\/strong>zu Ihrem neuen Zuhause!<\/p>\n","protected":false},"excerpt":{"rendered":"<p>Willkommen in Alanya, wo Komfort auf atemberaubende Ausblicke trifft! Diese ger\u00e4umige 3+1-Wohnung in der beliebten Bekta\u015f Hill Residenz bietet den<\/p>\n","protected":false},"featured_media":17282,"comment_status":"open","ping_status":"closed","template":"","meta":[],"product_cat":[102,85],"product_tag":[],"country":[144],"district":[194],"selling-type":[141],"property-type":[126],"location":[142],"property-city":[143],"class_list":{"0":"post-17405","1":"product","2":"type-product","3":"status-publish","4":"has-post-thumbnail","6":"product_cat-geeignet-fuer-wohnsitz","7":"product_cat-heises-angebot","8":"country-turkey-de","9":"district-bektas-de","10":"selling-type-wiederverkauf","11":"property-type-apartment-de","12":"location-alanya-de","13":"property-city-antalya-de","15":"first","16":"instock","17":"shipping-taxable","18":"purchasable","19":"product-type-simple"},"_links":{"self":[{"href":"https:\/\/www.onurkoserealestate.com\/de\/wp-json\/wp\/v2\/product\/17405","targetHints":{"allow":["GET"]}}],"collection":[{"href":"https:\/\/www.onurkoserealestate.com\/de\/wp-json\/wp\/v2\/product"}],"about":[{"href":"https:\/\/www.onurkoserealestate.com\/de\/wp-json\/wp\/v2\/types\/product"}],"replies":[{"embeddable":true,"href":"https:\/\/www.onurkoserealestate.com\/de\/wp-json\/wp\/v2\/comments?post=17405"}],"wp:featuredmedia":[{"embeddable":true,"href":"https:\/\/www.onurkoserealestate.com\/de\/wp-json\/wp\/v2\/media\/17282"}],"wp:attachment":[{"href":"https:\/\/www.onurkoserealestate.com\/de\/wp-json\/wp\/v2\/media?parent=17405"}],"wp:term":[{"taxonomy":"product_cat","embeddable":true,"href":"https:\/\/www.onurkoserealestate.com\/de\/wp-json\/wp\/v2\/product_cat?post=17405"},{"taxonomy":"product_tag","embeddable":true,"href":"https:\/\/www.onurkoserealestate.com\/de\/wp-json\/wp\/v2\/product_tag?post=17405"},{"taxonomy":"country","embeddable":true,"href":"https:\/\/www.onurkoserealestate.com\/de\/wp-json\/wp\/v2\/country?post=17405"},{"taxonomy":"district","embeddable":true,"href":"https:\/\/www.onurkoserealestate.com\/de\/wp-json\/wp\/v2\/district?post=17405"},{"taxonomy":"selling-type","embeddable":true,"href":"https:\/\/www.onurkoserealestate.com\/de\/wp-json\/wp\/v2\/selling-type?post=17405"},{"taxonomy":"property-type","embeddable":true,"href":"https:\/\/www.onurkoserealestate.com\/de\/wp-json\/wp\/v2\/property-type?post=17405"},{"taxonomy":"location","embeddable":true,"href":"https:\/\/www.onurkoserealestate.com\/de\/wp-json\/wp\/v2\/location?post=17405"},{"taxonomy":"property-city","embeddable":true,"href":"https:\/\/www.onurkoserealestate.com\/de\/wp-json\/wp\/v2\/property-city?post=17405"}],"curies":[{"name":"wp","href":"https:\/\/api.w.org\/{rel}","templated":true}]}}