{"id":17521,"date":"2025-08-08T12:14:56","date_gmt":"2025-08-08T12:14:56","guid":{"rendered":"https:\/\/www.onurkoserealestate.com\/product\/modernes-21-apartment-nur-1-km-vom-meer-entfernt-leben-in-alanya\/"},"modified":"2025-08-08T12:14:56","modified_gmt":"2025-08-08T12:14:56","slug":"modern-21-apartment-just-1-km-from-the-sea-alanya-living","status":"publish","type":"product","link":"https:\/\/www.onurkoserealestate.com\/de\/product\/modern-21-apartment-just-1-km-from-the-sea-alanya-living\/","title":{"rendered":"Modernes 2+1-Apartment nur 1 km vom Meer entfernt \u2013 Leben in Alanya!"},"content":{"rendered":"<p data-start=\"139\" data-end=\"506\"><strong data-start=\"150\" data-end=\"168\">Willkommen <\/strong>im<strong data-start=\"193\" data-end=\"205\"> Crystal<\/strong> <strong data-start=\"214\" data-end=\"224\">Garden<\/strong>, gelegen im beliebten Stadtteil <strong data-start=\"247\" data-end=\"264\">Cikcilli <\/strong>in <strong data-start=\"296\" data-end=\"308\">Alanya<\/strong>! Diese komplett eingerichtete<strong data-start=\"366\" data-end=\"376\"> 2+1<\/strong>-Wohnung bietet modernes Wohnen in einer der begehrtesten Wohnanlagen <strong data-start=\"408\" data-end=\"419\">Alanyas<\/strong>. Mit einer gro\u00dfz\u00fcgigen Wohnfl\u00e4che von <strong data-start=\"391\" data-end=\"404\">120 m\u00b2<\/strong> im 5. Stock von Block A eignet sich diese Immobilie perfekt f\u00fcr das ganze Jahr oder als Urlaubsdomizil in <strong data-start=\"495\" data-end=\"505\">Alanya<\/strong>. <\/p>\n<p data-start=\"508\" data-end=\"805\">Das <strong data-start=\"517\" data-end=\"525\">2014 <\/strong>erbaute <strong data-start=\"549\" data-end=\"570\">Apartment <\/strong>liegt nur <strong data-start=\"598\" data-end=\"610\">1 km<\/strong> vom Meer entfernt und bietet Ihnen einfachen Zugang zu den ber\u00fchmten Str\u00e4nden von Alanya, w\u00e4hrend Sie gleichzeitig eine ruhige Wohnatmosph\u00e4re genie\u00dfen k\u00f6nnen. <strong data-start=\"676\" data-end=\"686\">Alanya <\/strong>ist bekannt f\u00fcr seine perfekte Kombination aus Stadtleben, Natur und K\u00fcste \u2013 und dank dieser Lage sind Sie ganz nah an allem dran.<\/p>\n<p data-start=\"807\" data-end=\"1101\"><strong data-start=\"807\" data-end=\"825\">Crystal <\/strong><strong data-start=\"960\" data-end=\"970\">Garden <\/strong>bietet umfassende soziale Einrichtungen, darunter einen Swimmingpool, ein Fitnesscenter, eine Sauna, einen Kinderspielplatz und vieles mehr \u2013 f\u00fcr das ultimative Lifestyle-Erlebnis in <strong data-start=\"1068\" data-end=\"1078\">Alanya<\/strong>. Ob Sie sich entspannen, aktiv bleiben oder investieren m\u00f6chten, diese Wohnung in Alanya ist eine fantastische Wahl. <\/p>\n<p data-start=\"1103\" data-end=\"1233\">Verpassen Sie nicht Ihre Chance, ein komplett ausgestattetes Haus in <strong data-start=\"1158\" data-end=\"1168\">Alanya <\/strong>zu erwerben, wo Komfort, Lage und Qualit\u00e4t auf wunderbare Weise zusammenkommen.<\/p>\n","protected":false},"excerpt":{"rendered":"<p>Willkommen im Crystal Garden, gelegen im beliebten Stadtteil Cikcilli in Alanya! Diese komplett eingerichtete 2+1-Wohnung bietet modernes Wohnen in einer<\/p>\n","protected":false},"featured_media":17518,"comment_status":"open","ping_status":"closed","template":"","meta":[],"product_cat":[85],"product_tag":[],"country":[144],"district":[145],"selling-type":[141],"property-type":[126],"location":[142],"property-city":[143],"class_list":{"0":"post-17521","1":"product","2":"type-product","3":"status-publish","4":"has-post-thumbnail","6":"product_cat-heises-angebot","7":"country-turkey-de","8":"district-cikcilli-de","9":"selling-type-wiederverkauf","10":"property-type-apartment-de","11":"location-alanya-de","12":"property-city-antalya-de","14":"first","15":"instock","16":"shipping-taxable","17":"purchasable","18":"product-type-simple"},"_links":{"self":[{"href":"https:\/\/www.onurkoserealestate.com\/de\/wp-json\/wp\/v2\/product\/17521","targetHints":{"allow":["GET"]}}],"collection":[{"href":"https:\/\/www.onurkoserealestate.com\/de\/wp-json\/wp\/v2\/product"}],"about":[{"href":"https:\/\/www.onurkoserealestate.com\/de\/wp-json\/wp\/v2\/types\/product"}],"replies":[{"embeddable":true,"href":"https:\/\/www.onurkoserealestate.com\/de\/wp-json\/wp\/v2\/comments?post=17521"}],"wp:featuredmedia":[{"embeddable":true,"href":"https:\/\/www.onurkoserealestate.com\/de\/wp-json\/wp\/v2\/media\/17518"}],"wp:attachment":[{"href":"https:\/\/www.onurkoserealestate.com\/de\/wp-json\/wp\/v2\/media?parent=17521"}],"wp:term":[{"taxonomy":"product_cat","embeddable":true,"href":"https:\/\/www.onurkoserealestate.com\/de\/wp-json\/wp\/v2\/product_cat?post=17521"},{"taxonomy":"product_tag","embeddable":true,"href":"https:\/\/www.onurkoserealestate.com\/de\/wp-json\/wp\/v2\/product_tag?post=17521"},{"taxonomy":"country","embeddable":true,"href":"https:\/\/www.onurkoserealestate.com\/de\/wp-json\/wp\/v2\/country?post=17521"},{"taxonomy":"district","embeddable":true,"href":"https:\/\/www.onurkoserealestate.com\/de\/wp-json\/wp\/v2\/district?post=17521"},{"taxonomy":"selling-type","embeddable":true,"href":"https:\/\/www.onurkoserealestate.com\/de\/wp-json\/wp\/v2\/selling-type?post=17521"},{"taxonomy":"property-type","embeddable":true,"href":"https:\/\/www.onurkoserealestate.com\/de\/wp-json\/wp\/v2\/property-type?post=17521"},{"taxonomy":"location","embeddable":true,"href":"https:\/\/www.onurkoserealestate.com\/de\/wp-json\/wp\/v2\/location?post=17521"},{"taxonomy":"property-city","embeddable":true,"href":"https:\/\/www.onurkoserealestate.com\/de\/wp-json\/wp\/v2\/property-city?post=17521"}],"curies":[{"name":"wp","href":"https:\/\/api.w.org\/{rel}","templated":true}]}}