{"id":17673,"date":"2025-08-11T07:05:30","date_gmt":"2025-08-11T07:05:30","guid":{"rendered":"https:\/\/www.onurkoserealestate.com\/product\/luxurioeses-21-apartment-zum-verkauf-in-alanya-crystal-park-2\/"},"modified":"2025-08-11T07:05:30","modified_gmt":"2025-08-11T07:05:30","slug":"luxury-21-apartment-for-sale-in-alanya-crystal-park-2","status":"publish","type":"product","link":"https:\/\/www.onurkoserealestate.com\/de\/product\/luxury-21-apartment-for-sale-in-alanya-crystal-park-2\/","title":{"rendered":"Luxuri\u00f6ses 2+1-Apartment zum Verkauf in Alanya \u2013 Crystal Park 2"},"content":{"rendered":"<hr data-start=\"124\" data-end=\"127\">\n<p data-start=\"129\" data-end=\"522\">Wenn Sie auf der Suche nach einer komfortablen und luxuri\u00f6sen Wohnung in <strong data-start=\"193\" data-end=\"203\">Alanya <\/strong>sind, k\u00f6nnte diese 2+1-Wohnung im <strong data-start=\"278\" data-end=\"288\">Crystal Park 2<\/strong> im Stadtteil <strong data-start=\"376\" data-end=\"386\">Cikcilli <\/strong>in Alanya die perfekte Wahl f\u00fcr Sie sein. Nur 1 km von den sch\u00f6nen Str\u00e4nden von Alanya entfernt, bietet diese komplett m\u00f6blierte und mit Haushaltsger\u00e4ten ausgestattete Wohnung 110 m\u00b2 Wohnfl\u00e4che im 8. Stock mit einer modernen Klimaanlage. <\/p>\n<p data-start=\"524\" data-end=\"957\"><strong data-start=\"596\" data-end=\"606\">Crystal Park 2<\/strong> ist einer der begehrtesten Wohnkomplexe in Alanya und bietet eine Vielzahl von sozialen und Freizeiteinrichtungen. Die Bewohner k\u00f6nnen sowohl Innen- als auch Au\u00dfenpools, ein voll ausgestattetes Fitnesscenter, ein t\u00fcrkisches Bad, eine Sauna und sogar eine Bowlingbahn nutzen \u2013 perfekt f\u00fcr ganzj\u00e4hrigen Spa\u00df in <strong data-start=\"842\" data-end=\"852\">Alanya<\/strong>. Au\u00dferdem gibt es einen Basketballplatz, einen Tennisplatz, einen Kinderspielplatz, einen Miniclub, einen Kinoraum und vieles mehr.  <\/p>\n<p data-start=\"959\" data-end=\"1198\">Sicherheit hat im <strong data-start=\"985\" data-end=\"997\">Crystal Park 2<\/strong> in <strong data-start=\"1187\" data-end=\"1197\">Alanya <\/strong>oberste Priorit\u00e4t: rund um die Uhr \u00dcberwachung, ein Kamerasystem und ein Empfangs-\/Lobbybereich sorgen daf\u00fcr. Mit seinem offenen Parkplatz, einem Notstromaggregat und Aufz\u00fcgen ist alles auf Ihren Komfort in Alanya ausgelegt. <\/p>\n<p data-start=\"1200\" data-end=\"1337\">Verpassen Sie nicht diese Gelegenheit, in Immobilien in <strong data-start=\"1241\" data-end=\"1251\">Alanya <\/strong>zu investieren und jeden Tag den Resort-Lifestyle im Herzen von <strong data-start=\"1326\" data-end=\"1336\">Alanya <\/strong>zu genie\u00dfen.<\/p>\n","protected":false},"excerpt":{"rendered":"<p>Wenn Sie auf der Suche nach einer komfortablen und luxuri\u00f6sen Wohnung in Alanya sind, k\u00f6nnte diese 2+1-Wohnung im Crystal Park<\/p>\n","protected":false},"featured_media":17666,"comment_status":"open","ping_status":"closed","template":"","meta":[],"product_cat":[85],"product_tag":[],"country":[144],"district":[145],"selling-type":[141],"property-type":[126],"location":[142],"property-city":[143],"class_list":{"0":"post-17673","1":"product","2":"type-product","3":"status-publish","4":"has-post-thumbnail","6":"product_cat-heises-angebot","7":"country-turkey-de","8":"district-cikcilli-de","9":"selling-type-wiederverkauf","10":"property-type-apartment-de","11":"location-alanya-de","12":"property-city-antalya-de","14":"first","15":"instock","16":"shipping-taxable","17":"purchasable","18":"product-type-simple"},"_links":{"self":[{"href":"https:\/\/www.onurkoserealestate.com\/de\/wp-json\/wp\/v2\/product\/17673","targetHints":{"allow":["GET"]}}],"collection":[{"href":"https:\/\/www.onurkoserealestate.com\/de\/wp-json\/wp\/v2\/product"}],"about":[{"href":"https:\/\/www.onurkoserealestate.com\/de\/wp-json\/wp\/v2\/types\/product"}],"replies":[{"embeddable":true,"href":"https:\/\/www.onurkoserealestate.com\/de\/wp-json\/wp\/v2\/comments?post=17673"}],"wp:featuredmedia":[{"embeddable":true,"href":"https:\/\/www.onurkoserealestate.com\/de\/wp-json\/wp\/v2\/media\/17666"}],"wp:attachment":[{"href":"https:\/\/www.onurkoserealestate.com\/de\/wp-json\/wp\/v2\/media?parent=17673"}],"wp:term":[{"taxonomy":"product_cat","embeddable":true,"href":"https:\/\/www.onurkoserealestate.com\/de\/wp-json\/wp\/v2\/product_cat?post=17673"},{"taxonomy":"product_tag","embeddable":true,"href":"https:\/\/www.onurkoserealestate.com\/de\/wp-json\/wp\/v2\/product_tag?post=17673"},{"taxonomy":"country","embeddable":true,"href":"https:\/\/www.onurkoserealestate.com\/de\/wp-json\/wp\/v2\/country?post=17673"},{"taxonomy":"district","embeddable":true,"href":"https:\/\/www.onurkoserealestate.com\/de\/wp-json\/wp\/v2\/district?post=17673"},{"taxonomy":"selling-type","embeddable":true,"href":"https:\/\/www.onurkoserealestate.com\/de\/wp-json\/wp\/v2\/selling-type?post=17673"},{"taxonomy":"property-type","embeddable":true,"href":"https:\/\/www.onurkoserealestate.com\/de\/wp-json\/wp\/v2\/property-type?post=17673"},{"taxonomy":"location","embeddable":true,"href":"https:\/\/www.onurkoserealestate.com\/de\/wp-json\/wp\/v2\/location?post=17673"},{"taxonomy":"property-city","embeddable":true,"href":"https:\/\/www.onurkoserealestate.com\/de\/wp-json\/wp\/v2\/property-city?post=17673"}],"curies":[{"name":"wp","href":"https:\/\/api.w.org\/{rel}","templated":true}]}}