{"id":18060,"date":"2025-08-11T08:26:02","date_gmt":"2025-08-11T08:26:02","guid":{"rendered":"https:\/\/www.onurkoserealestate.com\/product\/komplett-moeblierte-11-wohnung-in-den-crystal-towers-alanya\/"},"modified":"2025-08-11T08:26:02","modified_gmt":"2025-08-11T08:26:02","slug":"fully-furnished-11-apartment-in-crystal-towers-alanya","status":"publish","type":"product","link":"https:\/\/www.onurkoserealestate.com\/de\/product\/fully-furnished-11-apartment-in-crystal-towers-alanya\/","title":{"rendered":"Komplett m\u00f6blierte 1+1-Wohnung in den Crystal Towers \u2013 Alanya"},"content":{"rendered":"<p data-start=\"260\" data-end=\"336\"><strong data-start=\"260\" data-end=\"336\">Staatsb\u00fcrgerschaftsberechtigtes 1+1-Apartment in Crystal Towers \u2013 Alanya \/ Cikcilli<\/strong><\/p>\n<p data-start=\"338\" data-end=\"738\">Dieses komplett eingerichtete <strong data-start=\"378\" data-end=\"388\">1+1<\/strong>-Apartment in den<strong data-start=\"428\" data-end=\"446\"> Crystal Towers<\/strong> befindet sich in der beliebten Gegend Cikcilli in Alanya und bietet die perfekte Mischung aus Komfort, Bequemlichkeit und Investitionspotenzial. Das Apartment liegt nur 800 Meter von den atemberaubenden Str\u00e4nden von <strong data-start=\"577\" data-end=\"587\">Alanya <\/strong>entfernt, hat eine Gesamtfl\u00e4che von 65 m\u00b2 und befindet sich im 1. Stock des Blocks A. Es wurde 2014 erbaut, ist in ausgezeichnetem Zustand und bezugsfertig.  <\/p>\n<p data-start=\"740\" data-end=\"1026\"><strong data-start=\"740\" data-end=\"758\">Crystal Towers<\/strong> ist einer der begehrtesten Wohnkomplexe in <strong data-start=\"816\" data-end=\"826\">Alanya<\/strong>, bekannt f\u00fcr sein umfassendes Angebot an sozialen Einrichtungen und Annehmlichkeiten im Resort-Stil. Von Swimmingpools bis hin zu Fitnessbereichen \u2013 alles, was Sie f\u00fcr einen luxuri\u00f6sen Lebensstil in <strong data-start=\"989\" data-end=\"999\">Alanya <\/strong>ben\u00f6tigen, finden Sie direkt vor Ihrer Haust\u00fcr. <\/p>\n<p data-start=\"1028\" data-end=\"1351\"><strong data-start=\"1340\" data-end=\"1350\">Das Beste<\/strong> daran ist, dass diese Immobilie f\u00fcr die t\u00fcrkische Staatsb\u00fcrgerschaft und Aufenthaltsgenehmigung in Frage kommt, was sie zu einer ausgezeichneten Wahl f\u00fcr internationale K\u00e4ufer macht, die sich in <strong data-start=\"1058\" data-end=\"1108\">Alanya <\/strong>niederlassen m\u00f6chten. Ganz gleich, ob Sie planen, hier dauerhaft zu leben oder die Wohnung als Ferienhaus zu nutzen, diese Immobilie bietet ein hervorragendes Preis-Leistungs-Verh\u00e4ltnis im Herzen von <strong data-start=\"1200\" data-end=\"1210\">Alanya<\/strong>. <\/p>\n<p data-start=\"1353\" data-end=\"1472\">Verpassen Sie nicht diese seltene Gelegenheit, ein stilvolles Haus im sch\u00f6nen <strong data-start=\"1421\" data-end=\"1431\">Alanya <\/strong>zu erwerben, das nahe am Meer liegt und viel Potenzial bietet.<\/p>\n","protected":false},"excerpt":{"rendered":"<p>Staatsb\u00fcrgerschaftsberechtigtes 1+1-Apartment in Crystal Towers \u2013 Alanya \/ Cikcilli Dieses komplett eingerichtete 1+1-Apartment in den Crystal Towers befindet sich in<\/p>\n","protected":false},"featured_media":17964,"comment_status":"open","ping_status":"closed","template":"","meta":[],"product_cat":[102,85,82],"product_tag":[],"country":[144],"district":[145],"selling-type":[141],"property-type":[126],"location":[142],"property-city":[143],"class_list":{"0":"post-18060","1":"product","2":"type-product","3":"status-publish","4":"has-post-thumbnail","6":"product_cat-geeignet-fuer-wohnsitz","7":"product_cat-heises-angebot","8":"product_cat-staatsburgerschaft","9":"country-turkey-de","10":"district-cikcilli-de","11":"selling-type-wiederverkauf","12":"property-type-apartment-de","13":"location-alanya-de","14":"property-city-antalya-de","16":"first","17":"instock","18":"shipping-taxable","19":"purchasable","20":"product-type-simple"},"_links":{"self":[{"href":"https:\/\/www.onurkoserealestate.com\/de\/wp-json\/wp\/v2\/product\/18060","targetHints":{"allow":["GET"]}}],"collection":[{"href":"https:\/\/www.onurkoserealestate.com\/de\/wp-json\/wp\/v2\/product"}],"about":[{"href":"https:\/\/www.onurkoserealestate.com\/de\/wp-json\/wp\/v2\/types\/product"}],"replies":[{"embeddable":true,"href":"https:\/\/www.onurkoserealestate.com\/de\/wp-json\/wp\/v2\/comments?post=18060"}],"wp:featuredmedia":[{"embeddable":true,"href":"https:\/\/www.onurkoserealestate.com\/de\/wp-json\/wp\/v2\/media\/17964"}],"wp:attachment":[{"href":"https:\/\/www.onurkoserealestate.com\/de\/wp-json\/wp\/v2\/media?parent=18060"}],"wp:term":[{"taxonomy":"product_cat","embeddable":true,"href":"https:\/\/www.onurkoserealestate.com\/de\/wp-json\/wp\/v2\/product_cat?post=18060"},{"taxonomy":"product_tag","embeddable":true,"href":"https:\/\/www.onurkoserealestate.com\/de\/wp-json\/wp\/v2\/product_tag?post=18060"},{"taxonomy":"country","embeddable":true,"href":"https:\/\/www.onurkoserealestate.com\/de\/wp-json\/wp\/v2\/country?post=18060"},{"taxonomy":"district","embeddable":true,"href":"https:\/\/www.onurkoserealestate.com\/de\/wp-json\/wp\/v2\/district?post=18060"},{"taxonomy":"selling-type","embeddable":true,"href":"https:\/\/www.onurkoserealestate.com\/de\/wp-json\/wp\/v2\/selling-type?post=18060"},{"taxonomy":"property-type","embeddable":true,"href":"https:\/\/www.onurkoserealestate.com\/de\/wp-json\/wp\/v2\/property-type?post=18060"},{"taxonomy":"location","embeddable":true,"href":"https:\/\/www.onurkoserealestate.com\/de\/wp-json\/wp\/v2\/location?post=18060"},{"taxonomy":"property-city","embeddable":true,"href":"https:\/\/www.onurkoserealestate.com\/de\/wp-json\/wp\/v2\/property-city?post=18060"}],"curies":[{"name":"wp","href":"https:\/\/api.w.org\/{rel}","templated":true}]}}