{"id":18638,"date":"2025-08-12T06:41:41","date_gmt":"2025-08-12T06:41:41","guid":{"rendered":"https:\/\/www.onurkoserealestate.com\/product\/stilvolles-11-apartment-in-der-sofia-park-residence-kargicak-alanya\/"},"modified":"2025-08-12T06:41:41","modified_gmt":"2025-08-12T06:41:41","slug":"stylish-11-apartment-in-sofia-park-residence-kargicak-alanya","status":"publish","type":"product","link":"https:\/\/www.onurkoserealestate.com\/de\/product\/stylish-11-apartment-in-sofia-park-residence-kargicak-alanya\/","title":{"rendered":"Stilvolles 1+1-Apartment in der Sofia Park Residence \u2013 Karg\u0131cak, Alanya"},"content":{"rendered":"<p data-start=\"411\" data-end=\"748\">Entdecken Sie die perfekte Mischung aus Komfort und Luxus in dieser komplett eingerichteten 1+1-Wohnung in der <strong data-start=\"503\" data-end=\"527\">Sofia Park Residence<\/strong> im ruhigen Stadtteil <strong data-start=\"553\" data-end=\"565\">Karg\u0131cak <\/strong>in <strong data-start=\"737\" data-end=\"747\">Alanya<\/strong>. Diese moderne Wohnung befindet sich im 3. Stock des Blocks A und bietet Zugang zu hervorragenden Einrichtungen. Sie liegt nur 900 Meter von den atemberaubenden Str\u00e4nden von <strong data-start=\"578\" data-end=\"588\">Alanya <\/strong>entfernt. <\/p>\n<p data-start=\"750\" data-end=\"1144\">Die 2022 erbaute Residenz verf\u00fcgt \u00fcber Innen- und Au\u00dfenpools, ein separates Kinderbecken, Innen- und Au\u00dfenspielpl\u00e4tze, ein voll ausgestattetes Fitnesscenter, ein T\u00fcrkisches Bad, eine Sauna und einen Whirlpool \u2013 und bietet damit ein echtes Spa-Erlebnis in <strong data-start=\"991\" data-end=\"1001\">Alanya<\/strong>. Die Bewohner k\u00f6nnen au\u00dferdem ein Caf\u00e9, einen Garten, einen Grillplatz, einen Pavillon und den Komfort des hauseigenen Personals, offene und geschlossene Parkpl\u00e4tze sowie einen Generator genie\u00dfen. <\/p>\n<p data-start=\"1146\" data-end=\"1383\">Diese Wohnung in <strong data-start=\"1164\" data-end=\"1176\">Karg\u0131cak <\/strong>eignet sich perfekt f\u00fcr das ganze Jahr \u00fcber, f\u00fcr Urlaub oder als Investition in den schnell wachsenden Immobilienmarkt von <strong data-start=\"1239\" data-end=\"1251\">Alanya<\/strong>. Mit einer niedrigen monatlichen Wartungsgeb\u00fchr von nur 50 \u20ac k\u00f6nnen Sie alle Annehmlichkeiten ohne hohe Kosten genie\u00dfen. <\/p>\n<p data-start=\"1385\" data-end=\"1555\">Ob Sie nun auf der Suche nach einem entspannten Zuhause an der K\u00fcste oder einer rentablen Investition in <strong data-start=\"1507\" data-end=\"1531\">Alanya <\/strong>sind, diese 1+1-Wohnung in der <strong data-start=\"1473\" data-end=\"1483\">Sofia Park Residence<\/strong> ist eine ausgezeichnete Wahl.<\/p>\n","protected":false},"excerpt":{"rendered":"<p>Entdecken Sie die perfekte Mischung aus Komfort und Luxus in dieser komplett eingerichteten 1+1-Wohnung in der Sofia Park Residence im<\/p>\n","protected":false},"featured_media":18627,"comment_status":"open","ping_status":"closed","template":"","meta":[],"product_cat":[85],"product_tag":[],"country":[144],"district":[148],"selling-type":[141],"property-type":[126],"location":[142],"property-city":[143],"class_list":{"0":"post-18638","1":"product","2":"type-product","3":"status-publish","4":"has-post-thumbnail","6":"product_cat-heises-angebot","7":"country-turkey-de","8":"district-kargicak-de","9":"selling-type-wiederverkauf","10":"property-type-apartment-de","11":"location-alanya-de","12":"property-city-antalya-de","14":"first","15":"instock","16":"shipping-taxable","17":"purchasable","18":"product-type-simple"},"_links":{"self":[{"href":"https:\/\/www.onurkoserealestate.com\/de\/wp-json\/wp\/v2\/product\/18638","targetHints":{"allow":["GET"]}}],"collection":[{"href":"https:\/\/www.onurkoserealestate.com\/de\/wp-json\/wp\/v2\/product"}],"about":[{"href":"https:\/\/www.onurkoserealestate.com\/de\/wp-json\/wp\/v2\/types\/product"}],"replies":[{"embeddable":true,"href":"https:\/\/www.onurkoserealestate.com\/de\/wp-json\/wp\/v2\/comments?post=18638"}],"wp:featuredmedia":[{"embeddable":true,"href":"https:\/\/www.onurkoserealestate.com\/de\/wp-json\/wp\/v2\/media\/18627"}],"wp:attachment":[{"href":"https:\/\/www.onurkoserealestate.com\/de\/wp-json\/wp\/v2\/media?parent=18638"}],"wp:term":[{"taxonomy":"product_cat","embeddable":true,"href":"https:\/\/www.onurkoserealestate.com\/de\/wp-json\/wp\/v2\/product_cat?post=18638"},{"taxonomy":"product_tag","embeddable":true,"href":"https:\/\/www.onurkoserealestate.com\/de\/wp-json\/wp\/v2\/product_tag?post=18638"},{"taxonomy":"country","embeddable":true,"href":"https:\/\/www.onurkoserealestate.com\/de\/wp-json\/wp\/v2\/country?post=18638"},{"taxonomy":"district","embeddable":true,"href":"https:\/\/www.onurkoserealestate.com\/de\/wp-json\/wp\/v2\/district?post=18638"},{"taxonomy":"selling-type","embeddable":true,"href":"https:\/\/www.onurkoserealestate.com\/de\/wp-json\/wp\/v2\/selling-type?post=18638"},{"taxonomy":"property-type","embeddable":true,"href":"https:\/\/www.onurkoserealestate.com\/de\/wp-json\/wp\/v2\/property-type?post=18638"},{"taxonomy":"location","embeddable":true,"href":"https:\/\/www.onurkoserealestate.com\/de\/wp-json\/wp\/v2\/location?post=18638"},{"taxonomy":"property-city","embeddable":true,"href":"https:\/\/www.onurkoserealestate.com\/de\/wp-json\/wp\/v2\/property-city?post=18638"}],"curies":[{"name":"wp","href":"https:\/\/api.w.org\/{rel}","templated":true}]}}