{"id":18790,"date":"2025-08-12T07:07:14","date_gmt":"2025-08-12T07:07:14","guid":{"rendered":"https:\/\/www.onurkoserealestate.com\/product\/komplett-moeblierte-21-zimmer-wohnung-im-aqua-platinium-kargicak-alanya\/"},"modified":"2025-08-12T07:07:14","modified_gmt":"2025-08-12T07:07:14","slug":"fully-furnished-21-apartment-in-aqua-platinium-kargicak-alanya","status":"publish","type":"product","link":"https:\/\/www.onurkoserealestate.com\/de\/product\/fully-furnished-21-apartment-in-aqua-platinium-kargicak-alanya\/","title":{"rendered":"Komplett m\u00f6blierte 2+1-Zimmer-Wohnung im Aqua Platinium \u2013 Karg\u0131cak, Alanya"},"content":{"rendered":"<p data-start=\"425\" data-end=\"771\">Diese stilvolle und komplett eingerichtete 2+1-Wohnung befindet sich im 5. Stock des <strong data-start=\"503\" data-end=\"521\">Aqua Platinium<\/strong>, einem der renommiertesten Wohnkomplexe in <strong data-start=\"576\" data-end=\"588\">Karg\u0131cak<\/strong>, <strong data-start=\"590\" data-end=\"600\">Alanya<\/strong>. Mit einer Gesamtfl\u00e4che von 110 m\u00b2 und einer Ausrichtung nach S\u00fcdwesten bietet die Wohnung helle Innenr\u00e4ume, eine atemberaubende Aussicht und den ganzen Tag \u00fcber viel nat\u00fcrliches Sonnenlicht. <\/p>\n<p data-start=\"773\" data-end=\"1086\">Das 2019 erbaute Anwesen verf\u00fcgt \u00fcber 1 ger\u00e4umiges Badezimmer, eine offene K\u00fcche und einen gro\u00dfen Wohnbereich, die alle auf modernen Komfort ausgelegt sind. Die Lage ist hervorragend \u2013 nur 200 Meter vom Strand und nur 41 km vom Flughafen <strong data-start=\"987\" data-end=\"1007\">Gazipa\u015fa <\/strong>entfernt, was es sowohl f\u00fcr dauerhaftes Wohnen als auch f\u00fcr Urlaubsaufenthalte in <strong data-start=\"1075\" data-end=\"1085\">Alanya <\/strong>ideal macht. <\/p>\n<p data-start=\"1088\" data-end=\"1311\">Die Bewohner von<strong data-start=\"1101\" data-end=\"1119\"> Aqua Platinium<\/strong> genie\u00dfen hervorragende Einrichtungen wie Innen- und Au\u00dfenpools, ein T\u00fcrkisches Bad, eine Sauna, ein Fitnesscenter, einen Aufzug und einen offenen Parkplatz \u2013 allesamt darauf ausgelegt, Ihren Lebensstil in <strong data-start=\"1300\" data-end=\"1310\">Alanya <\/strong>zu bereichern.<\/p>\n<p data-start=\"1313\" data-end=\"1584\">Diese Wohnung in <strong data-start=\"1331\" data-end=\"1351\">Karg\u0131cak<\/strong>, <strong data-start=\"1551\" data-end=\"1561\">Alanya<\/strong>, ist eine gro\u00dfartige Gelegenheit f\u00fcr alle, die ein hochwertiges Wohnen in Meeresn\u00e4he suchen. Ob Sie nun Ihr Traumhaus oder eine kluge Investition suchen, diese Immobilie bietet Ihnen alles, was Sie brauchen, im Herzen der wundersch\u00f6nen K\u00fcstenlandschaft von Alanya. <\/p>\n","protected":false},"excerpt":{"rendered":"<p>Diese stilvolle und komplett eingerichtete 2+1-Wohnung befindet sich im 5. Stock des Aqua Platinium, einem der renommiertesten Wohnkomplexe in Karg\u0131cak,<\/p>\n","protected":false},"featured_media":18731,"comment_status":"open","ping_status":"closed","template":"","meta":[],"product_cat":[85],"product_tag":[],"country":[144],"district":[148],"selling-type":[141],"property-type":[126],"location":[142],"property-city":[143],"class_list":{"0":"post-18790","1":"product","2":"type-product","3":"status-publish","4":"has-post-thumbnail","6":"product_cat-heises-angebot","7":"country-turkey-de","8":"district-kargicak-de","9":"selling-type-wiederverkauf","10":"property-type-apartment-de","11":"location-alanya-de","12":"property-city-antalya-de","14":"first","15":"instock","16":"shipping-taxable","17":"purchasable","18":"product-type-simple"},"_links":{"self":[{"href":"https:\/\/www.onurkoserealestate.com\/de\/wp-json\/wp\/v2\/product\/18790","targetHints":{"allow":["GET"]}}],"collection":[{"href":"https:\/\/www.onurkoserealestate.com\/de\/wp-json\/wp\/v2\/product"}],"about":[{"href":"https:\/\/www.onurkoserealestate.com\/de\/wp-json\/wp\/v2\/types\/product"}],"replies":[{"embeddable":true,"href":"https:\/\/www.onurkoserealestate.com\/de\/wp-json\/wp\/v2\/comments?post=18790"}],"wp:featuredmedia":[{"embeddable":true,"href":"https:\/\/www.onurkoserealestate.com\/de\/wp-json\/wp\/v2\/media\/18731"}],"wp:attachment":[{"href":"https:\/\/www.onurkoserealestate.com\/de\/wp-json\/wp\/v2\/media?parent=18790"}],"wp:term":[{"taxonomy":"product_cat","embeddable":true,"href":"https:\/\/www.onurkoserealestate.com\/de\/wp-json\/wp\/v2\/product_cat?post=18790"},{"taxonomy":"product_tag","embeddable":true,"href":"https:\/\/www.onurkoserealestate.com\/de\/wp-json\/wp\/v2\/product_tag?post=18790"},{"taxonomy":"country","embeddable":true,"href":"https:\/\/www.onurkoserealestate.com\/de\/wp-json\/wp\/v2\/country?post=18790"},{"taxonomy":"district","embeddable":true,"href":"https:\/\/www.onurkoserealestate.com\/de\/wp-json\/wp\/v2\/district?post=18790"},{"taxonomy":"selling-type","embeddable":true,"href":"https:\/\/www.onurkoserealestate.com\/de\/wp-json\/wp\/v2\/selling-type?post=18790"},{"taxonomy":"property-type","embeddable":true,"href":"https:\/\/www.onurkoserealestate.com\/de\/wp-json\/wp\/v2\/property-type?post=18790"},{"taxonomy":"location","embeddable":true,"href":"https:\/\/www.onurkoserealestate.com\/de\/wp-json\/wp\/v2\/location?post=18790"},{"taxonomy":"property-city","embeddable":true,"href":"https:\/\/www.onurkoserealestate.com\/de\/wp-json\/wp\/v2\/property-city?post=18790"}],"curies":[{"name":"wp","href":"https:\/\/api.w.org\/{rel}","templated":true}]}}