{"id":19176,"date":"2025-08-13T06:30:16","date_gmt":"2025-08-13T06:30:16","guid":{"rendered":"https:\/\/www.onurkoserealestate.com\/product\/modernes-11-apartment-in-der-california-residence-kestel-alanya\/"},"modified":"2025-08-13T06:30:16","modified_gmt":"2025-08-13T06:30:16","slug":"modern-11-apartment-in-california-residence-kestel-alanya","status":"publish","type":"product","link":"https:\/\/www.onurkoserealestate.com\/de\/product\/modern-11-apartment-in-california-residence-kestel-alanya\/","title":{"rendered":"Modernes 1+1-Apartment in der California Residence \u2013 Kestel, Alanya"},"content":{"rendered":"<p data-start=\"432\" data-end=\"752\">Entdecken Sie Komfort, Sicherheit und einen aktiven Lebensstil mit dieser modernen 1+1-Wohnung in der <strong data-start=\"518\" data-end=\"542\">California Residence<\/strong>, die sich im ruhigen Stadtteil <strong data-start=\"568\" data-end=\"578\">Kestel <\/strong>in Alanya befindet. Die Wohnung liegt im 1. Stock und hat eine Gesamtfl\u00e4che von <strong data-start=\"595\" data-end=\"605\">50 m<\/strong>\u00b2. Sie ist ideal f\u00fcr Paare, Singles oder als Ferienwohnung im sch\u00f6nen <strong data-start=\"741\" data-end=\"751\">Alanya<\/strong>. <\/p>\n<p data-start=\"754\" data-end=\"1093\"><strong data-start=\"754\" data-end=\"778\">California Residence<\/strong> in <strong data-start=\"782\" data-end=\"792\">Kestel <\/strong>bietet eine Vielzahl von erstklassigen Annehmlichkeiten, darunter Innen- und Au\u00dfenpools, ein voll ausgestattetes Fitnesscenter, ein t\u00fcrkisches Bad, eine Sauna, ein Dampfbad, Volleyball- und Basketballpl\u00e4tze, einen Kinderspielplatz und einen 24\/7-Sicherheitsdienst \u2013 allesamt darauf ausgelegt, einen Lebensstil im Resort-Stil in <strong data-start=\"1082\" data-end=\"1092\">Alanya <\/strong>zu erm\u00f6glichen.<\/p>\n<p data-start=\"1095\" data-end=\"1365\">Die Wohnanlage verf\u00fcgt au\u00dferdem \u00fcber offene Parkpl\u00e4tze, wundersch\u00f6n angelegte G\u00e4rten und eine freundliche Gemeinschaftsatmosph\u00e4re. Nur wenige Gehminuten vom Strand, Gesch\u00e4ften und \u00f6ffentlichen Verkehrsmitteln entfernt, k\u00f6nnen Sie in dieser Wohnung das mediterrane Leben genie\u00dfen, f\u00fcr das <strong data-start=\"1340\" data-end=\"1350\">Alanya <\/strong>bekannt ist. <\/p>\n<p data-start=\"1367\" data-end=\"1560\">Ob Sie nun auf der Suche nach einem entspannten Zuhause an der K\u00fcste, einem saisonalen R\u00fcckzugsort oder einer klugen Immobilieninvestition in <strong data-start=\"1476\" data-end=\"1486\">Alanya <\/strong>sind, diese 1+1-Wohnung in <strong data-start=\"1510\" data-end=\"1520\">Kestel <\/strong>bietet Ihnen au\u00dfergew\u00f6hnlichen Wert und Komfort.<\/p>\n","protected":false},"excerpt":{"rendered":"<p>Entdecken Sie Komfort, Sicherheit und einen aktiven Lebensstil mit dieser modernen 1+1-Wohnung in der California Residence, die sich im ruhigen<\/p>\n","protected":false},"featured_media":19093,"comment_status":"open","ping_status":"closed","template":"","meta":[],"product_cat":[85],"product_tag":[],"country":[144],"district":[175],"selling-type":[141],"property-type":[126],"location":[142],"property-city":[143],"class_list":{"0":"post-19176","1":"product","2":"type-product","3":"status-publish","4":"has-post-thumbnail","6":"product_cat-heises-angebot","7":"country-turkey-de","8":"district-kestel-de","9":"selling-type-wiederverkauf","10":"property-type-apartment-de","11":"location-alanya-de","12":"property-city-antalya-de","14":"first","15":"instock","16":"shipping-taxable","17":"purchasable","18":"product-type-simple"},"_links":{"self":[{"href":"https:\/\/www.onurkoserealestate.com\/de\/wp-json\/wp\/v2\/product\/19176","targetHints":{"allow":["GET"]}}],"collection":[{"href":"https:\/\/www.onurkoserealestate.com\/de\/wp-json\/wp\/v2\/product"}],"about":[{"href":"https:\/\/www.onurkoserealestate.com\/de\/wp-json\/wp\/v2\/types\/product"}],"replies":[{"embeddable":true,"href":"https:\/\/www.onurkoserealestate.com\/de\/wp-json\/wp\/v2\/comments?post=19176"}],"wp:featuredmedia":[{"embeddable":true,"href":"https:\/\/www.onurkoserealestate.com\/de\/wp-json\/wp\/v2\/media\/19093"}],"wp:attachment":[{"href":"https:\/\/www.onurkoserealestate.com\/de\/wp-json\/wp\/v2\/media?parent=19176"}],"wp:term":[{"taxonomy":"product_cat","embeddable":true,"href":"https:\/\/www.onurkoserealestate.com\/de\/wp-json\/wp\/v2\/product_cat?post=19176"},{"taxonomy":"product_tag","embeddable":true,"href":"https:\/\/www.onurkoserealestate.com\/de\/wp-json\/wp\/v2\/product_tag?post=19176"},{"taxonomy":"country","embeddable":true,"href":"https:\/\/www.onurkoserealestate.com\/de\/wp-json\/wp\/v2\/country?post=19176"},{"taxonomy":"district","embeddable":true,"href":"https:\/\/www.onurkoserealestate.com\/de\/wp-json\/wp\/v2\/district?post=19176"},{"taxonomy":"selling-type","embeddable":true,"href":"https:\/\/www.onurkoserealestate.com\/de\/wp-json\/wp\/v2\/selling-type?post=19176"},{"taxonomy":"property-type","embeddable":true,"href":"https:\/\/www.onurkoserealestate.com\/de\/wp-json\/wp\/v2\/property-type?post=19176"},{"taxonomy":"location","embeddable":true,"href":"https:\/\/www.onurkoserealestate.com\/de\/wp-json\/wp\/v2\/location?post=19176"},{"taxonomy":"property-city","embeddable":true,"href":"https:\/\/www.onurkoserealestate.com\/de\/wp-json\/wp\/v2\/property-city?post=19176"}],"curies":[{"name":"wp","href":"https:\/\/api.w.org\/{rel}","templated":true}]}}