{"id":19268,"date":"2025-08-13T06:53:23","date_gmt":"2025-08-13T06:53:23","guid":{"rendered":"https:\/\/www.onurkoserealestate.com\/product\/staatsbuergerschaftsberechtigtes-31-duplex-mit-poolblick-kestel-alanya\/"},"modified":"2025-08-13T06:53:23","modified_gmt":"2025-08-13T06:53:23","slug":"citizenship-eligible-31-duplex-with-pool-view-kestel-alanya","status":"publish","type":"product","link":"https:\/\/www.onurkoserealestate.com\/de\/product\/citizenship-eligible-31-duplex-with-pool-view-kestel-alanya\/","title":{"rendered":"Staatsb\u00fcrgerschaftsberechtigtes 3+1-Duplex mit Poolblick \u2013 Kestel, Alanya"},"content":{"rendered":"<p data-start=\"401\" data-end=\"787\">Diese ger\u00e4umige und moderne 3+1-Maisonette-Wohnung befindet sich im bekannten <strong data-start=\"476\" data-end=\"489\">Myra Park<\/strong>-Komplex im ruhigen Stadtteil <strong data-start=\"514\" data-end=\"524\">Kestel <\/strong>von <strong data-start=\"533\" data-end=\"543\">Alanya<\/strong>. Mit einer Wohnfl\u00e4che von<strong data-start=\"776\" data-end=\"786\"> 170 m\u00b2 <\/strong>liegt diese nach Osten ausgerichtete Immobilie im 4. Stock und bietet einen wundersch\u00f6nen Blick auf den Pool, gro\u00dfe offene Bereiche und einen hellen, funktionalen Grundriss \u2013 ideal f\u00fcr Familien oder diejenigen, die einen gehobenen Lebensstil in <strong data-start=\"649\" data-end=\"663\">Alanya <\/strong>suchen. <\/p>\n<p data-start=\"789\" data-end=\"1007\">Vor allem aber berechtigt die Wohnung zum Erwerb der<strong data-start=\"996\" data-end=\"1006\"> t\u00fcrkischen Staatsb\u00fcrgerschaft<\/strong>, was sie zu einer attraktiven Investitionsm\u00f6glichkeit f\u00fcr ausl\u00e4ndische K\u00e4ufer macht, die sich sowohl ein Luxusdomizil als auch einen legalen Weg zum Wohnsitz in <strong data-start=\"824\" data-end=\"860\">Alanya <\/strong>sichern m\u00f6chten.<\/p>\n<p data-start=\"1009\" data-end=\"1272\"><strong data-start=\"1009\" data-end=\"1022\">Myra Park <\/strong>bietet eine Vielzahl von sozialen und Wellness-Einrichtungen, darunter einen Au\u00dfenpool, ein T\u00fcrkisches Bad, eine Sauna, ein Dampfbad, Massager\u00e4ume, ein Fitnesscenter, einen Grillplatz und einen offenen Parkplatz \u2013 allesamt f\u00fcr ein Leben im Resort-Stil in <strong data-start=\"1253\" data-end=\"1271\">Kestel<\/strong>, Alanya, konzipiert.<\/p>\n<p data-start=\"1274\" data-end=\"1417\">Nur wenige Schritte vom Strand und den \u00f6rtlichen Annehmlichkeiten entfernt, bietet diese Maisonette-Wohnung eine Mischung aus Entspannung, Komfort und langfristigem Wert.<\/p>\n<p data-start=\"1419\" data-end=\"1591\">Ob Sie nun ein Familienhaus, einen Urlaubsort oder eine Investition mit Staatsb\u00fcrgerschaftsvorteilen suchen, diese Immobilie im Stadtteil Kestel in <strong data-start=\"1540\" data-end=\"1552\">Alanya <\/strong>ist die perfekte Wahl.<\/p>\n","protected":false},"excerpt":{"rendered":"<p>Diese ger\u00e4umige und moderne 3+1-Maisonette-Wohnung befindet sich im bekannten Myra Park-Komplex im ruhigen Stadtteil Kestel von Alanya. Mit einer Wohnfl\u00e4che<\/p>\n","protected":false},"featured_media":19249,"comment_status":"open","ping_status":"closed","template":"","meta":[],"product_cat":[85],"product_tag":[],"country":[144],"district":[175],"selling-type":[141],"property-type":[126],"location":[142],"property-city":[143],"class_list":{"0":"post-19268","1":"product","2":"type-product","3":"status-publish","4":"has-post-thumbnail","6":"product_cat-heises-angebot","7":"country-turkey-de","8":"district-kestel-de","9":"selling-type-wiederverkauf","10":"property-type-apartment-de","11":"location-alanya-de","12":"property-city-antalya-de","14":"first","15":"instock","16":"shipping-taxable","17":"purchasable","18":"product-type-simple"},"_links":{"self":[{"href":"https:\/\/www.onurkoserealestate.com\/de\/wp-json\/wp\/v2\/product\/19268","targetHints":{"allow":["GET"]}}],"collection":[{"href":"https:\/\/www.onurkoserealestate.com\/de\/wp-json\/wp\/v2\/product"}],"about":[{"href":"https:\/\/www.onurkoserealestate.com\/de\/wp-json\/wp\/v2\/types\/product"}],"replies":[{"embeddable":true,"href":"https:\/\/www.onurkoserealestate.com\/de\/wp-json\/wp\/v2\/comments?post=19268"}],"wp:featuredmedia":[{"embeddable":true,"href":"https:\/\/www.onurkoserealestate.com\/de\/wp-json\/wp\/v2\/media\/19249"}],"wp:attachment":[{"href":"https:\/\/www.onurkoserealestate.com\/de\/wp-json\/wp\/v2\/media?parent=19268"}],"wp:term":[{"taxonomy":"product_cat","embeddable":true,"href":"https:\/\/www.onurkoserealestate.com\/de\/wp-json\/wp\/v2\/product_cat?post=19268"},{"taxonomy":"product_tag","embeddable":true,"href":"https:\/\/www.onurkoserealestate.com\/de\/wp-json\/wp\/v2\/product_tag?post=19268"},{"taxonomy":"country","embeddable":true,"href":"https:\/\/www.onurkoserealestate.com\/de\/wp-json\/wp\/v2\/country?post=19268"},{"taxonomy":"district","embeddable":true,"href":"https:\/\/www.onurkoserealestate.com\/de\/wp-json\/wp\/v2\/district?post=19268"},{"taxonomy":"selling-type","embeddable":true,"href":"https:\/\/www.onurkoserealestate.com\/de\/wp-json\/wp\/v2\/selling-type?post=19268"},{"taxonomy":"property-type","embeddable":true,"href":"https:\/\/www.onurkoserealestate.com\/de\/wp-json\/wp\/v2\/property-type?post=19268"},{"taxonomy":"location","embeddable":true,"href":"https:\/\/www.onurkoserealestate.com\/de\/wp-json\/wp\/v2\/location?post=19268"},{"taxonomy":"property-city","embeddable":true,"href":"https:\/\/www.onurkoserealestate.com\/de\/wp-json\/wp\/v2\/property-city?post=19268"}],"curies":[{"name":"wp","href":"https:\/\/api.w.org\/{rel}","templated":true}]}}