{"id":19368,"date":"2025-08-13T07:15:17","date_gmt":"2025-08-13T07:15:17","guid":{"rendered":"https:\/\/www.onurkoserealestate.com\/product\/geraeumige-21-zimmer-wohnung-im-myra-park-kestel-alanya\/"},"modified":"2025-08-13T07:15:17","modified_gmt":"2025-08-13T07:15:17","slug":"spacious-21-apartment-in-myra-park-kestel-alanya","status":"publish","type":"product","link":"https:\/\/www.onurkoserealestate.com\/de\/product\/spacious-21-apartment-in-myra-park-kestel-alanya\/","title":{"rendered":"Ger\u00e4umige 2+1-Zimmer-Wohnung im Myra Park \u2013 Kestel, Alanya"},"content":{"rendered":"<p data-start=\"414\" data-end=\"747\">Dieses ger\u00e4umige 2+1-Apartment befindet sich in der ruhigen und gr\u00fcnen Nachbarschaft von <strong data-start=\"464\" data-end=\"474\">Kestel<\/strong>, <strong data-start=\"545\" data-end=\"568\">Alanya<\/strong>, und ist Teil der gut ausgestatteten<strong data-start=\"476\" data-end=\"486\"> Myra Park Residence<\/strong>. Mit einer Gesamtfl\u00e4che von<strong data-start=\"736\" data-end=\"746\"> 120 m\u00b2<\/strong> und einer nach Nordwesten ausgerichteten Aufteilung bietet diese Wohnung einen komfortablen und modernen Lebensstil, nur wenige Minuten vom Strand und den lokalen Annehmlichkeiten in <strong data-start=\"604\" data-end=\"624\">Alanya <\/strong>entfernt. <\/p>\n<p data-start=\"749\" data-end=\"1055\">Die durchdachte Gestaltung der Wohnung umfasst zwei Schlafzimmer, einen gro\u00dfen Wohnbereich und einen Balkon, der Tageslicht und frische mediterrane Luft hereinl\u00e4sst. Die genaue Etage und Aussicht sind zwar nicht angegeben, aber die Lage in <strong data-start=\"966\" data-end=\"976\">Kestel <\/strong>garantiert eine ruhige Umgebung inmitten der Natur und der Sch\u00f6nheit von <strong data-start=\"1044\" data-end=\"1054\">Alanya<\/strong>. <\/p>\n<p data-start=\"1057\" data-end=\"1303\"><strong data-start=\"1057\" data-end=\"1070\">Myra Park<\/strong> bietet Einrichtungen im Resort-Stil, darunter einen gro\u00dfen Au\u00dfenpool, ein T\u00fcrkisches Bad, eine Sauna, ein Dampfbad, Massager\u00e4ume, einen Grillbereich, ein Fitnesscenter und einen offenen Parkplatz \u2013 und damit allen Komfort des modernen Lebens an der K\u00fcste von <strong data-start=\"1292\" data-end=\"1302\">Alanya<\/strong>.<\/p>\n<p data-start=\"1305\" data-end=\"1508\">Ob Sie nun einen Urlaubsort, einen Vollzeitwohnsitz oder eine kluge Investition in den wachsenden Immobilienmarkt von <strong data-start=\"1457\" data-end=\"1467\">Alanya <\/strong>suchen, diese 2+1-Wohnung in <strong data-start=\"1394\" data-end=\"1406\">Kestel <\/strong>ist eine ausgezeichnete Option mit gro\u00dfartigem Preis-Leistungs-Verh\u00e4ltnis.<\/p>\n","protected":false},"excerpt":{"rendered":"<p>Dieses ger\u00e4umige 2+1-Apartment befindet sich in der ruhigen und gr\u00fcnen Nachbarschaft von Kestel, Alanya, und ist Teil der gut ausgestatteten<\/p>\n","protected":false},"featured_media":19273,"comment_status":"open","ping_status":"closed","template":"","meta":[],"product_cat":[85,93],"product_tag":[],"country":[144],"district":[175],"selling-type":[141],"property-type":[126],"location":[142],"property-city":[143],"class_list":{"0":"post-19368","1":"product","2":"type-product","3":"status-publish","4":"has-post-thumbnail","6":"product_cat-heises-angebot","7":"product_cat-pool-ansicht","8":"country-turkey-de","9":"district-kestel-de","10":"selling-type-wiederverkauf","11":"property-type-apartment-de","12":"location-alanya-de","13":"property-city-antalya-de","15":"first","16":"instock","17":"shipping-taxable","18":"purchasable","19":"product-type-simple"},"_links":{"self":[{"href":"https:\/\/www.onurkoserealestate.com\/de\/wp-json\/wp\/v2\/product\/19368","targetHints":{"allow":["GET"]}}],"collection":[{"href":"https:\/\/www.onurkoserealestate.com\/de\/wp-json\/wp\/v2\/product"}],"about":[{"href":"https:\/\/www.onurkoserealestate.com\/de\/wp-json\/wp\/v2\/types\/product"}],"replies":[{"embeddable":true,"href":"https:\/\/www.onurkoserealestate.com\/de\/wp-json\/wp\/v2\/comments?post=19368"}],"wp:featuredmedia":[{"embeddable":true,"href":"https:\/\/www.onurkoserealestate.com\/de\/wp-json\/wp\/v2\/media\/19273"}],"wp:attachment":[{"href":"https:\/\/www.onurkoserealestate.com\/de\/wp-json\/wp\/v2\/media?parent=19368"}],"wp:term":[{"taxonomy":"product_cat","embeddable":true,"href":"https:\/\/www.onurkoserealestate.com\/de\/wp-json\/wp\/v2\/product_cat?post=19368"},{"taxonomy":"product_tag","embeddable":true,"href":"https:\/\/www.onurkoserealestate.com\/de\/wp-json\/wp\/v2\/product_tag?post=19368"},{"taxonomy":"country","embeddable":true,"href":"https:\/\/www.onurkoserealestate.com\/de\/wp-json\/wp\/v2\/country?post=19368"},{"taxonomy":"district","embeddable":true,"href":"https:\/\/www.onurkoserealestate.com\/de\/wp-json\/wp\/v2\/district?post=19368"},{"taxonomy":"selling-type","embeddable":true,"href":"https:\/\/www.onurkoserealestate.com\/de\/wp-json\/wp\/v2\/selling-type?post=19368"},{"taxonomy":"property-type","embeddable":true,"href":"https:\/\/www.onurkoserealestate.com\/de\/wp-json\/wp\/v2\/property-type?post=19368"},{"taxonomy":"location","embeddable":true,"href":"https:\/\/www.onurkoserealestate.com\/de\/wp-json\/wp\/v2\/location?post=19368"},{"taxonomy":"property-city","embeddable":true,"href":"https:\/\/www.onurkoserealestate.com\/de\/wp-json\/wp\/v2\/property-city?post=19368"}],"curies":[{"name":"wp","href":"https:\/\/api.w.org\/{rel}","templated":true}]}}