{"id":19782,"date":"2025-08-18T07:25:13","date_gmt":"2025-08-18T07:25:13","guid":{"rendered":"https:\/\/www.onurkoserealestate.com\/product\/investieren-sie-klug-in-alanya-kurt-safir-balkan-tower\/"},"modified":"2025-08-18T07:25:13","modified_gmt":"2025-08-18T07:25:13","slug":"invest-smartly-in-alanya-kurt-safir-balkan-tower","status":"publish","type":"product","link":"https:\/\/www.onurkoserealestate.com\/de\/product\/invest-smartly-in-alanya-kurt-safir-balkan-tower\/","title":{"rendered":"Investieren Sie klug in Alanya \u2013 Kurt Safir Balkan Tower"},"content":{"rendered":"<p data-start=\"305\" data-end=\"607\">Erleben Sie hochwertiges Wohnen in dieser stilvollen 1+1-Wohnung im 5. Stock des renommierten Kurt Safir Balkan Tower in Mahmutlar, Alanya. Mit einer Gr\u00f6\u00dfe von 60 m\u00b2 und einem nach Nordwesten ausgerichteten Balkon bietet diese Wohnung eine perfekte Mischung aus Komfort, Licht und k\u00fchler Brise. <\/p>\n<p data-start=\"609\" data-end=\"1075\">Die Residenz wurde f\u00fcr einen modernen Lebensstil konzipiert und bietet eine Vielzahl von luxuri\u00f6sen Annehmlichkeiten, darunter einen Au\u00dfen- und Innenpool, ein T\u00fcrkisches Bad (Hamam), eine Sauna, ein Dampfbad, einen Salzraum, Massager\u00e4ume, ein Fitnesscenter, einen Kinderspielplatz und eine einladende Lobby. Zu den weiteren Annehmlichkeiten z\u00e4hlen offene Parkpl\u00e4tze, ein Generator, ein Hausmeisterservice und Sicherheitsdienst \u2013 all dies macht das t\u00e4gliche Leben in Alanya einfach und entspannt. <\/p>\n<p data-start=\"1077\" data-end=\"1370\">Der Kurt Safir Balkan Tower befindet sich im Herzen von Mahmutlar, einem der lebhaftesten und internationalsten Viertel Alanyas. Er ist ideal f\u00fcr alle, die ein Ferienhaus, eine Mietinvestition oder einen dauerhaften Wohnsitz in einem gut ausgestatteten, modernen Komplex in der N\u00e4he des Meeres, von Gesch\u00e4ften und Restaurants suchen. <\/p>\n<p data-start=\"1372\" data-end=\"1481\">Genie\u00dfen Sie den mediterranen Lebensstil mit Ruhe und vollem Komfort in dieser eleganten Wohnung in Alanya.<\/p>\n","protected":false},"excerpt":{"rendered":"<p>Erleben Sie hochwertiges Wohnen in dieser stilvollen 1+1-Wohnung im 5. Stock des renommierten Kurt Safir Balkan Tower in Mahmutlar, Alanya.<\/p>\n","protected":false},"featured_media":19735,"comment_status":"open","ping_status":"closed","template":"","meta":[],"product_cat":[85],"product_tag":[],"country":[144],"district":[185],"selling-type":[141],"property-type":[126],"location":[142],"property-city":[143],"class_list":{"0":"post-19782","1":"product","2":"type-product","3":"status-publish","4":"has-post-thumbnail","6":"product_cat-heises-angebot","7":"country-turkey-de","8":"district-mahmutlar-de","9":"selling-type-wiederverkauf","10":"property-type-apartment-de","11":"location-alanya-de","12":"property-city-antalya-de","14":"first","15":"instock","16":"shipping-taxable","17":"purchasable","18":"product-type-simple"},"_links":{"self":[{"href":"https:\/\/www.onurkoserealestate.com\/de\/wp-json\/wp\/v2\/product\/19782","targetHints":{"allow":["GET"]}}],"collection":[{"href":"https:\/\/www.onurkoserealestate.com\/de\/wp-json\/wp\/v2\/product"}],"about":[{"href":"https:\/\/www.onurkoserealestate.com\/de\/wp-json\/wp\/v2\/types\/product"}],"replies":[{"embeddable":true,"href":"https:\/\/www.onurkoserealestate.com\/de\/wp-json\/wp\/v2\/comments?post=19782"}],"wp:featuredmedia":[{"embeddable":true,"href":"https:\/\/www.onurkoserealestate.com\/de\/wp-json\/wp\/v2\/media\/19735"}],"wp:attachment":[{"href":"https:\/\/www.onurkoserealestate.com\/de\/wp-json\/wp\/v2\/media?parent=19782"}],"wp:term":[{"taxonomy":"product_cat","embeddable":true,"href":"https:\/\/www.onurkoserealestate.com\/de\/wp-json\/wp\/v2\/product_cat?post=19782"},{"taxonomy":"product_tag","embeddable":true,"href":"https:\/\/www.onurkoserealestate.com\/de\/wp-json\/wp\/v2\/product_tag?post=19782"},{"taxonomy":"country","embeddable":true,"href":"https:\/\/www.onurkoserealestate.com\/de\/wp-json\/wp\/v2\/country?post=19782"},{"taxonomy":"district","embeddable":true,"href":"https:\/\/www.onurkoserealestate.com\/de\/wp-json\/wp\/v2\/district?post=19782"},{"taxonomy":"selling-type","embeddable":true,"href":"https:\/\/www.onurkoserealestate.com\/de\/wp-json\/wp\/v2\/selling-type?post=19782"},{"taxonomy":"property-type","embeddable":true,"href":"https:\/\/www.onurkoserealestate.com\/de\/wp-json\/wp\/v2\/property-type?post=19782"},{"taxonomy":"location","embeddable":true,"href":"https:\/\/www.onurkoserealestate.com\/de\/wp-json\/wp\/v2\/location?post=19782"},{"taxonomy":"property-city","embeddable":true,"href":"https:\/\/www.onurkoserealestate.com\/de\/wp-json\/wp\/v2\/property-city?post=19782"}],"curies":[{"name":"wp","href":"https:\/\/api.w.org\/{rel}","templated":true}]}}