{"id":20993,"date":"2025-08-26T07:04:31","date_gmt":"2025-08-26T07:04:31","guid":{"rendered":"https:\/\/www.onurkoserealestate.com\/product\/perfekte-wohnung-in-alanya-nur-500-m-vom-strand-entfernt\/"},"modified":"2025-08-26T07:04:31","modified_gmt":"2025-08-26T07:04:31","slug":"perfect-alanya-apartment-just-500m-from-the-beach","status":"publish","type":"product","link":"https:\/\/www.onurkoserealestate.com\/de\/product\/perfect-alanya-apartment-just-500m-from-the-beach\/","title":{"rendered":"Perfekte Wohnung in Alanya, nur 500 m vom Strand entfernt"},"content":{"rendered":"<p data-start=\"150\" data-end=\"550\">Wenn Sie von einem komfortablen Leben im Herzen von Alanya tr\u00e4umen, ist diese 2+1-Wohnung im Gen Deluxe-Komplex die perfekte Gelegenheit. Diese ger\u00e4umige 85 m\u00b2 gro\u00dfe Wohnung befindet sich in Alanya Merkez und bietet vom 9. Stock aus eine atemberaubende Aussicht. Nur 500 Meter von den sch\u00f6nen Str\u00e4nden von Alanya entfernt, k\u00f6nnen Sie in dieser Wohnung das ganze Jahr \u00fcber die Sonne, das Meer und das pulsierende Leben von Alanya genie\u00dfen.  <\/p>\n<p data-start=\"552\" data-end=\"987\">Mit zwei Badezimmern, einem gro\u00dfen Balkon und einer Klimaanlage f\u00fcr ganzj\u00e4hrigen Komfort bietet dieses Haus alles, was Sie in Alanya brauchen. Die Gen Deluxe-Anlage in Alanya bietet erstklassige Annehmlichkeiten wie einen Generator, eine Poolbar, Kamelien, Aufz\u00fcge und ein sicheres Kamerasystem. Sie k\u00f6nnen auch die Innen- und Au\u00dfenpools, einen ruhigen Garten, einen Grillplatz, ein voll ausgestattetes Fitnesscenter, eine Sauna, ein Spielzimmer und einen privaten Parkplatz genie\u00dfen.  <\/p>\n<p data-start=\"989\" data-end=\"1218\">In Alanya zu leben bedeutet, sowohl die Ruhe der Natur als auch die lebhafte Atmosph\u00e4re der Stadt zu genie\u00dfen. Ob Sie nun vorhaben, sich hier niederzulassen, zu investieren oder zu mieten \u2013 diese Wohnung ist eine ausgezeichnete Wahl auf dem Immobilienmarkt von Alanya. <\/p>\n<p data-start=\"1220\" data-end=\"1323\">Verpassen Sie nicht Ihre Chance, eine Traumimmobilie in Alanya zu erwerben, wo Sie der mediterrane Lebensstil erwartet!<\/p>\n","protected":false},"excerpt":{"rendered":"<p>Wenn Sie von einem komfortablen Leben im Herzen von Alanya tr\u00e4umen, ist diese 2+1-Wohnung im Gen Deluxe-Komplex die perfekte Gelegenheit.<\/p>\n","protected":false},"featured_media":20906,"comment_status":"open","ping_status":"closed","template":"","meta":[],"product_cat":[85],"product_tag":[],"country":[144],"district":[212],"selling-type":[141],"property-type":[126],"location":[142],"property-city":[143],"class_list":{"0":"post-20993","1":"product","2":"type-product","3":"status-publish","4":"has-post-thumbnail","6":"product_cat-heises-angebot","7":"country-turkey-de","8":"district-center-de","9":"selling-type-wiederverkauf","10":"property-type-apartment-de","11":"location-alanya-de","12":"property-city-antalya-de","14":"first","15":"instock","16":"shipping-taxable","17":"purchasable","18":"product-type-simple"},"_links":{"self":[{"href":"https:\/\/www.onurkoserealestate.com\/de\/wp-json\/wp\/v2\/product\/20993","targetHints":{"allow":["GET"]}}],"collection":[{"href":"https:\/\/www.onurkoserealestate.com\/de\/wp-json\/wp\/v2\/product"}],"about":[{"href":"https:\/\/www.onurkoserealestate.com\/de\/wp-json\/wp\/v2\/types\/product"}],"replies":[{"embeddable":true,"href":"https:\/\/www.onurkoserealestate.com\/de\/wp-json\/wp\/v2\/comments?post=20993"}],"wp:featuredmedia":[{"embeddable":true,"href":"https:\/\/www.onurkoserealestate.com\/de\/wp-json\/wp\/v2\/media\/20906"}],"wp:attachment":[{"href":"https:\/\/www.onurkoserealestate.com\/de\/wp-json\/wp\/v2\/media?parent=20993"}],"wp:term":[{"taxonomy":"product_cat","embeddable":true,"href":"https:\/\/www.onurkoserealestate.com\/de\/wp-json\/wp\/v2\/product_cat?post=20993"},{"taxonomy":"product_tag","embeddable":true,"href":"https:\/\/www.onurkoserealestate.com\/de\/wp-json\/wp\/v2\/product_tag?post=20993"},{"taxonomy":"country","embeddable":true,"href":"https:\/\/www.onurkoserealestate.com\/de\/wp-json\/wp\/v2\/country?post=20993"},{"taxonomy":"district","embeddable":true,"href":"https:\/\/www.onurkoserealestate.com\/de\/wp-json\/wp\/v2\/district?post=20993"},{"taxonomy":"selling-type","embeddable":true,"href":"https:\/\/www.onurkoserealestate.com\/de\/wp-json\/wp\/v2\/selling-type?post=20993"},{"taxonomy":"property-type","embeddable":true,"href":"https:\/\/www.onurkoserealestate.com\/de\/wp-json\/wp\/v2\/property-type?post=20993"},{"taxonomy":"location","embeddable":true,"href":"https:\/\/www.onurkoserealestate.com\/de\/wp-json\/wp\/v2\/location?post=20993"},{"taxonomy":"property-city","embeddable":true,"href":"https:\/\/www.onurkoserealestate.com\/de\/wp-json\/wp\/v2\/property-city?post=20993"}],"curies":[{"name":"wp","href":"https:\/\/api.w.org\/{rel}","templated":true}]}}