{"id":22712,"date":"2025-09-02T10:01:31","date_gmt":"2025-09-02T10:01:31","guid":{"rendered":"https:\/\/www.onurkoserealestate.com\/product\/unmoeblierte-11-wohnung-in-alanya-zu-verkaufen-kino-spa-fitness-und-mehr\/"},"modified":"2025-09-02T10:01:31","modified_gmt":"2025-09-02T10:01:31","slug":"unfurnished-11-for-sale-in-alanya-cinema-spa-fitness-more","status":"publish","type":"product","link":"https:\/\/www.onurkoserealestate.com\/de\/product\/unfurnished-11-for-sale-in-alanya-cinema-spa-fitness-more\/","title":{"rendered":"Unm\u00f6blierte 1+1-Wohnung in Alanya zu verkaufen \u2013 Kino, Spa, Fitness und mehr"},"content":{"rendered":"<p data-start=\"332\" data-end=\"725\">Diese moderne und brandneue 1+1-Wohnung befindet sich im pulsierenden Herzen von Alanya im Komplex Troy Heaven, der 2023 fertiggestellt wurde. Die Wohnung bietet 52 m\u00b2 gut gestaltete Wohnfl\u00e4che mit 1 Badezimmer, 1 Balkon und befindet sich im 1. Stock. Sie wird unm\u00f6bliert angeboten und bietet Ihnen somit eine leere Leinwand, die Sie ganz nach Ihrem pers\u00f6nlichen Geschmack gestalten k\u00f6nnen.  <\/p>\n<p data-start=\"727\" data-end=\"976\">Die Immobilie befindet sich in idealer Lage, nur 850 Meter von den sch\u00f6nen Str\u00e4nden Alanyas und nur 200 Meter vom Stadtzentrum entfernt \u2013 Gesch\u00e4fte, Caf\u00e9s, Restaurants und alle Annehmlichkeiten des t\u00e4glichen Lebens, die Alanya zu bieten hat, sind zu Fu\u00df erreichbar.<\/p>\n<p data-start=\"978\" data-end=\"1339\">Troy Heaven zeichnet sich durch seine luxuri\u00f6sen sozialen Einrichtungen aus, darunter ein Winterpool, eine Sauna, ein T\u00fcrkisches Bad, ein Dampfbad, ein Salzraum und ein voll ausgestattetes Fitnesscenter. Zu den weiteren Lifestyle-Einrichtungen geh\u00f6ren ein Massageraum, ein Kino und ein Musikraum, die ein umfassendes Resort-Erlebnis mitten im Zentrum von Alanya bieten. <\/p>\n<p data-start=\"1341\" data-end=\"1483\">Dies ist eine fantastische Gelegenheit f\u00fcr alle, die eine moderne Immobilie in Alanya suchen, sei es zum Wohnen, f\u00fcr den Urlaub oder zu Investitionszwecken.<\/p>\n","protected":false},"excerpt":{"rendered":"<p>Diese moderne und brandneue 1+1-Wohnung befindet sich im pulsierenden Herzen von Alanya im Komplex Troy Heaven, der 2023 fertiggestellt wurde.<\/p>\n","protected":false},"featured_media":22666,"comment_status":"open","ping_status":"closed","template":"","meta":[],"product_cat":[85],"product_tag":[],"country":[144],"district":[212],"selling-type":[141],"property-type":[126],"location":[142],"property-city":[143],"class_list":{"0":"post-22712","1":"product","2":"type-product","3":"status-publish","4":"has-post-thumbnail","6":"product_cat-heises-angebot","7":"country-turkey-de","8":"district-center-de","9":"selling-type-wiederverkauf","10":"property-type-apartment-de","11":"location-alanya-de","12":"property-city-antalya-de","14":"first","15":"instock","16":"shipping-taxable","17":"purchasable","18":"product-type-simple"},"_links":{"self":[{"href":"https:\/\/www.onurkoserealestate.com\/de\/wp-json\/wp\/v2\/product\/22712","targetHints":{"allow":["GET"]}}],"collection":[{"href":"https:\/\/www.onurkoserealestate.com\/de\/wp-json\/wp\/v2\/product"}],"about":[{"href":"https:\/\/www.onurkoserealestate.com\/de\/wp-json\/wp\/v2\/types\/product"}],"replies":[{"embeddable":true,"href":"https:\/\/www.onurkoserealestate.com\/de\/wp-json\/wp\/v2\/comments?post=22712"}],"wp:featuredmedia":[{"embeddable":true,"href":"https:\/\/www.onurkoserealestate.com\/de\/wp-json\/wp\/v2\/media\/22666"}],"wp:attachment":[{"href":"https:\/\/www.onurkoserealestate.com\/de\/wp-json\/wp\/v2\/media?parent=22712"}],"wp:term":[{"taxonomy":"product_cat","embeddable":true,"href":"https:\/\/www.onurkoserealestate.com\/de\/wp-json\/wp\/v2\/product_cat?post=22712"},{"taxonomy":"product_tag","embeddable":true,"href":"https:\/\/www.onurkoserealestate.com\/de\/wp-json\/wp\/v2\/product_tag?post=22712"},{"taxonomy":"country","embeddable":true,"href":"https:\/\/www.onurkoserealestate.com\/de\/wp-json\/wp\/v2\/country?post=22712"},{"taxonomy":"district","embeddable":true,"href":"https:\/\/www.onurkoserealestate.com\/de\/wp-json\/wp\/v2\/district?post=22712"},{"taxonomy":"selling-type","embeddable":true,"href":"https:\/\/www.onurkoserealestate.com\/de\/wp-json\/wp\/v2\/selling-type?post=22712"},{"taxonomy":"property-type","embeddable":true,"href":"https:\/\/www.onurkoserealestate.com\/de\/wp-json\/wp\/v2\/property-type?post=22712"},{"taxonomy":"location","embeddable":true,"href":"https:\/\/www.onurkoserealestate.com\/de\/wp-json\/wp\/v2\/location?post=22712"},{"taxonomy":"property-city","embeddable":true,"href":"https:\/\/www.onurkoserealestate.com\/de\/wp-json\/wp\/v2\/property-city?post=22712"}],"curies":[{"name":"wp","href":"https:\/\/api.w.org\/{rel}","templated":true}]}}