{"id":23000,"date":"2025-09-08T07:40:26","date_gmt":"2025-09-08T07:40:26","guid":{"rendered":"https:\/\/www.onurkoserealestate.com\/product\/komfortables-wohnen-im-stadtteil-saray-geraeumige-21-zimmer-wohnung\/"},"modified":"2025-09-08T07:40:26","modified_gmt":"2025-09-08T07:40:26","slug":"comfortable-living-in-saray-neighborhood-spacious-21-apartment","status":"publish","type":"product","link":"https:\/\/www.onurkoserealestate.com\/de\/product\/comfortable-living-in-saray-neighborhood-spacious-21-apartment\/","title":{"rendered":"Komfortables Wohnen im Stadtteil Saray \u2013 Ger\u00e4umige 2+1-Zimmer-Wohnung"},"content":{"rendered":"<p data-start=\"249\" data-end=\"606\">Diese sch\u00f6ne 2+1-Wohnung befindet sich im begehrten Stadtteil Saray in Alanya, innerhalb des modernen Tulip City-Komplexes. Die 110 m\u00b2 gro\u00dfe Wohnung im ersten Stock wurde 2021 erbaut und bietet einen komfortablen und stilvollen Wohnraum mit zwei Badezimmern und einem Balkon. Die Wohnung ist komplett m\u00f6bliert und somit sofort bezugs- oder vermietungsfertig.  <\/p>\n<p data-start=\"608\" data-end=\"864\">Nur 750 Meter vom Meer und nur 300 Meter vom Stadtzentrum entfernt, verbindet diese Wohnung Komfort und Lifestyle auf perfekte Weise. Die Bewohner k\u00f6nnen die ruhige Lage genie\u00dfen und haben gleichzeitig einfachen Zugang zu den lebhaften Gesch\u00e4ften, Restaurants und Unterhaltungsm\u00f6glichkeiten von Alanya. <\/p>\n<p data-start=\"866\" data-end=\"1167\">Tulip City bietet wichtige Annehmlichkeiten wie einen Aufzug, einen charmanten Kamelien-Sitzbereich, rund um die Uhr \u00fcberwachende Sicherheitskameras und einen eigenen Concierge, um Komfort und Sicherheit zu gew\u00e4hrleisten. Das moderne Design und die praktischen Einrichtungen des Geb\u00e4udes schaffen eine einladende Umgebung, die ideal f\u00fcr Familien, Paare oder Investoren ist. <\/p>\n<p data-start=\"1169\" data-end=\"1376\">Ob Sie nun ein Ferienhaus oder einen dauerhaften Wohnsitz suchen, diese Wohnung in Tulip City ist eine hervorragende Gelegenheit, das Beste von Alanya mit allem Komfort einer sicheren und gepflegten Anlage zu genie\u00dfen.<\/p>\n","protected":false},"excerpt":{"rendered":"<p>Diese sch\u00f6ne 2+1-Wohnung befindet sich im begehrten Stadtteil Saray in Alanya, innerhalb des modernen Tulip City-Komplexes. Die 110 m\u00b2 gro\u00dfe<\/p>\n","protected":false},"featured_media":22917,"comment_status":"open","ping_status":"closed","template":"","meta":[],"product_cat":[85],"product_tag":[],"country":[144],"district":[212],"selling-type":[141],"property-type":[126],"location":[142],"property-city":[143],"class_list":{"0":"post-23000","1":"product","2":"type-product","3":"status-publish","4":"has-post-thumbnail","6":"product_cat-heises-angebot","7":"country-turkey-de","8":"district-center-de","9":"selling-type-wiederverkauf","10":"property-type-apartment-de","11":"location-alanya-de","12":"property-city-antalya-de","14":"first","15":"instock","16":"shipping-taxable","17":"purchasable","18":"product-type-simple"},"_links":{"self":[{"href":"https:\/\/www.onurkoserealestate.com\/de\/wp-json\/wp\/v2\/product\/23000","targetHints":{"allow":["GET"]}}],"collection":[{"href":"https:\/\/www.onurkoserealestate.com\/de\/wp-json\/wp\/v2\/product"}],"about":[{"href":"https:\/\/www.onurkoserealestate.com\/de\/wp-json\/wp\/v2\/types\/product"}],"replies":[{"embeddable":true,"href":"https:\/\/www.onurkoserealestate.com\/de\/wp-json\/wp\/v2\/comments?post=23000"}],"wp:featuredmedia":[{"embeddable":true,"href":"https:\/\/www.onurkoserealestate.com\/de\/wp-json\/wp\/v2\/media\/22917"}],"wp:attachment":[{"href":"https:\/\/www.onurkoserealestate.com\/de\/wp-json\/wp\/v2\/media?parent=23000"}],"wp:term":[{"taxonomy":"product_cat","embeddable":true,"href":"https:\/\/www.onurkoserealestate.com\/de\/wp-json\/wp\/v2\/product_cat?post=23000"},{"taxonomy":"product_tag","embeddable":true,"href":"https:\/\/www.onurkoserealestate.com\/de\/wp-json\/wp\/v2\/product_tag?post=23000"},{"taxonomy":"country","embeddable":true,"href":"https:\/\/www.onurkoserealestate.com\/de\/wp-json\/wp\/v2\/country?post=23000"},{"taxonomy":"district","embeddable":true,"href":"https:\/\/www.onurkoserealestate.com\/de\/wp-json\/wp\/v2\/district?post=23000"},{"taxonomy":"selling-type","embeddable":true,"href":"https:\/\/www.onurkoserealestate.com\/de\/wp-json\/wp\/v2\/selling-type?post=23000"},{"taxonomy":"property-type","embeddable":true,"href":"https:\/\/www.onurkoserealestate.com\/de\/wp-json\/wp\/v2\/property-type?post=23000"},{"taxonomy":"location","embeddable":true,"href":"https:\/\/www.onurkoserealestate.com\/de\/wp-json\/wp\/v2\/location?post=23000"},{"taxonomy":"property-city","embeddable":true,"href":"https:\/\/www.onurkoserealestate.com\/de\/wp-json\/wp\/v2\/property-city?post=23000"}],"curies":[{"name":"wp","href":"https:\/\/api.w.org\/{rel}","templated":true}]}}