{"id":23069,"date":"2025-09-09T06:52:07","date_gmt":"2025-09-09T06:52:07","guid":{"rendered":"https:\/\/www.onurkoserealestate.com\/product\/das-beste-von-alanya-cleopatra-ventri-residence\/"},"modified":"2025-09-09T06:52:07","modified_gmt":"2025-09-09T06:52:07","slug":"alanyas-finest-cleopatra-ventri-residence","status":"publish","type":"product","link":"https:\/\/www.onurkoserealestate.com\/de\/product\/alanyas-finest-cleopatra-ventri-residence\/","title":{"rendered":"Das Beste von Alanya: Cleopatra Ventri Residence"},"content":{"rendered":"<p data-start=\"198\" data-end=\"715\">Willkommen in der Cleopatra Ventri Residence, einem modernen Wohnraum im Herzen von Alanya, nur 370 Meter vom weltber\u00fchmten Kleopatra-Strand und nur 200 Meter vom pulsierenden Stadtzentrum von Alanya entfernt. Diese brandneue Residenz, die 2023 fertiggestellt wurde, bietet eine ger\u00e4umige 2+1-Wohnung mit einer Gesamtfl\u00e4che von 72 m\u00b2 im 2. Stock. Die Wohnung verf\u00fcgt \u00fcber 2 Balkone und 1 Badezimmer und wird unm\u00f6bliert angeboten, sodass Sie sich Ihr Traumhaus im sonnigen Alanya ganz nach Ihren W\u00fcnschen gestalten k\u00f6nnen.  <\/p>\n<p data-start=\"717\" data-end=\"1164\">Genie\u00dfen Sie erstklassige Einrichtungen wie einen Swimmingpool, ein Fitnesscenter, einen Whirlpool, eine Sauna, eine Lobby und einen 24\/7-Sicherheitsdienst mit Kamerasystemen. Zu den weiteren Ausstattungsmerkmalen geh\u00f6ren Au\u00dfenbeleuchtung, eine Video-Gegensprechanlage und ein Generator f\u00fcr eine unterbrechungsfreie Stromversorgung. Ob Sie nun einen dauerhaften Wohnsitz, ein Ferienhaus oder eine Investitionsm\u00f6glichkeit suchen, diese Immobilie in Alanyas Cleopatra-Viertel erf\u00fcllt alle Ihre W\u00fcnsche.  <\/p>\n<p data-start=\"1166\" data-end=\"1458\">Leben Sie in der N\u00e4he des Meeres, genie\u00dfen Sie die Sonne und den lebhaften und dennoch ruhigen Lebensstil, den Alanya zu bieten hat. Mit ihrer unschlagbaren Lage, der modernen Architektur und der umfassenden Ausstattung ist die Cleopatra Ventri Residence eine der attraktivsten Immobilienm\u00f6glichkeiten, die Alanya derzeit zu bieten hat. <\/p>\n","protected":false},"excerpt":{"rendered":"<p>Willkommen in der Cleopatra Ventri Residence, einem modernen Wohnraum im Herzen von Alanya, nur 370 Meter vom weltber\u00fchmten Kleopatra-Strand und<\/p>\n","protected":false},"featured_media":23062,"comment_status":"open","ping_status":"closed","template":"","meta":[],"product_cat":[85],"product_tag":[],"country":[144],"district":[212],"selling-type":[141],"property-type":[126],"location":[142],"property-city":[143],"class_list":{"0":"post-23069","1":"product","2":"type-product","3":"status-publish","4":"has-post-thumbnail","6":"product_cat-heises-angebot","7":"country-turkey-de","8":"district-center-de","9":"selling-type-wiederverkauf","10":"property-type-apartment-de","11":"location-alanya-de","12":"property-city-antalya-de","14":"first","15":"instock","16":"shipping-taxable","17":"purchasable","18":"product-type-simple"},"_links":{"self":[{"href":"https:\/\/www.onurkoserealestate.com\/de\/wp-json\/wp\/v2\/product\/23069","targetHints":{"allow":["GET"]}}],"collection":[{"href":"https:\/\/www.onurkoserealestate.com\/de\/wp-json\/wp\/v2\/product"}],"about":[{"href":"https:\/\/www.onurkoserealestate.com\/de\/wp-json\/wp\/v2\/types\/product"}],"replies":[{"embeddable":true,"href":"https:\/\/www.onurkoserealestate.com\/de\/wp-json\/wp\/v2\/comments?post=23069"}],"wp:featuredmedia":[{"embeddable":true,"href":"https:\/\/www.onurkoserealestate.com\/de\/wp-json\/wp\/v2\/media\/23062"}],"wp:attachment":[{"href":"https:\/\/www.onurkoserealestate.com\/de\/wp-json\/wp\/v2\/media?parent=23069"}],"wp:term":[{"taxonomy":"product_cat","embeddable":true,"href":"https:\/\/www.onurkoserealestate.com\/de\/wp-json\/wp\/v2\/product_cat?post=23069"},{"taxonomy":"product_tag","embeddable":true,"href":"https:\/\/www.onurkoserealestate.com\/de\/wp-json\/wp\/v2\/product_tag?post=23069"},{"taxonomy":"country","embeddable":true,"href":"https:\/\/www.onurkoserealestate.com\/de\/wp-json\/wp\/v2\/country?post=23069"},{"taxonomy":"district","embeddable":true,"href":"https:\/\/www.onurkoserealestate.com\/de\/wp-json\/wp\/v2\/district?post=23069"},{"taxonomy":"selling-type","embeddable":true,"href":"https:\/\/www.onurkoserealestate.com\/de\/wp-json\/wp\/v2\/selling-type?post=23069"},{"taxonomy":"property-type","embeddable":true,"href":"https:\/\/www.onurkoserealestate.com\/de\/wp-json\/wp\/v2\/property-type?post=23069"},{"taxonomy":"location","embeddable":true,"href":"https:\/\/www.onurkoserealestate.com\/de\/wp-json\/wp\/v2\/location?post=23069"},{"taxonomy":"property-city","embeddable":true,"href":"https:\/\/www.onurkoserealestate.com\/de\/wp-json\/wp\/v2\/property-city?post=23069"}],"curies":[{"name":"wp","href":"https:\/\/api.w.org\/{rel}","templated":true}]}}