{"id":23302,"date":"2025-09-09T07:50:47","date_gmt":"2025-09-09T07:50:47","guid":{"rendered":"https:\/\/www.onurkoserealestate.com\/product\/familienfreundliches-21-in-avsallar-bezugsfertig\/"},"modified":"2025-09-09T07:50:47","modified_gmt":"2025-09-09T07:50:47","slug":"family-friendly-21-in-avsallar-move-in-ready","status":"publish","type":"product","link":"https:\/\/www.onurkoserealestate.com\/de\/product\/family-friendly-21-in-avsallar-move-in-ready\/","title":{"rendered":"Familienfreundliches 2+1 in Avsallar \u2013 bezugsfertig"},"content":{"rendered":"<p data-start=\"281\" data-end=\"708\">Erleben Sie komfortables und modernes Wohnen im Larin Garden, einem gut gestalteten 2+1-Apartment im ruhigen und familienfreundlichen Stadtteil Avsallar in Alanya. Diese ger\u00e4umige, 94 m\u00b2 gro\u00dfe Wohnung befindet sich im 4. Stock, wurde im M\u00e4rz 2023 fertiggestellt und bietet eine intelligente Raumaufteilung mit zwei Schlafzimmern, einem Badezimmer und einem gro\u00dfz\u00fcgigen Wohnbereich \u2013 ideal f\u00fcr dauerhaftes Wohnen, als Urlaubsdomizil oder als Mietinvestition. <\/p>\n<p data-start=\"710\" data-end=\"1131\">Nur 1.000 Meter vom Strand und 500 Meter vom Stadtzentrum entfernt, verbindet Larin Garden einen einfachen Zugang zum Meer mit der N\u00e4he zu Gesch\u00e4ften, Caf\u00e9s und lokalen Dienstleistungen. Der Komplex wurde mit Blick auf Lifestyle und Funktionalit\u00e4t entworfen und verf\u00fcgt \u00fcber einen Swimmingpool, ein Fitnesscenter, einen Landschaftsgarten, einen Kinderspielplatz, halboffene Sitzbereiche und einen halb\u00fcberdachten Parkplatz. <\/p>\n<p data-start=\"1133\" data-end=\"1299\">F\u00fcr zus\u00e4tzlichen Komfort und Sicherheit verf\u00fcgt das Geb\u00e4ude \u00fcber zwei Aufz\u00fcge, eine Feuerleiter und einen Notstromgenerator, sodass Sie sich unter allen Umst\u00e4nden sicher f\u00fchlen k\u00f6nnen.<\/p>\n<p data-start=\"1301\" data-end=\"1517\">Ob Sie eine Familie, ein Paar oder ein Investor sind, diese stilvolle Wohnung in Avsallar bietet Ihnen eine gro\u00dfartige Gelegenheit, alles zu genie\u00dfen, was Alanya zu bieten hat \u2013 mit Komfort, Platz und modernen Annehmlichkeiten direkt vor Ihrer Haust\u00fcr.<\/p>\n","protected":false},"excerpt":{"rendered":"<p>Erleben Sie komfortables und modernes Wohnen im Larin Garden, einem gut gestalteten 2+1-Apartment im ruhigen und familienfreundlichen Stadtteil Avsallar in<\/p>\n","protected":false},"featured_media":23263,"comment_status":"open","ping_status":"closed","template":"","meta":[],"product_cat":[85],"product_tag":[],"country":[144],"district":[147],"selling-type":[141],"property-type":[126],"location":[142],"property-city":[143],"class_list":{"0":"post-23302","1":"product","2":"type-product","3":"status-publish","4":"has-post-thumbnail","6":"product_cat-heises-angebot","7":"country-turkey-de","8":"district-avsallar-de","9":"selling-type-wiederverkauf","10":"property-type-apartment-de","11":"location-alanya-de","12":"property-city-antalya-de","14":"first","15":"instock","16":"shipping-taxable","17":"purchasable","18":"product-type-simple"},"_links":{"self":[{"href":"https:\/\/www.onurkoserealestate.com\/de\/wp-json\/wp\/v2\/product\/23302","targetHints":{"allow":["GET"]}}],"collection":[{"href":"https:\/\/www.onurkoserealestate.com\/de\/wp-json\/wp\/v2\/product"}],"about":[{"href":"https:\/\/www.onurkoserealestate.com\/de\/wp-json\/wp\/v2\/types\/product"}],"replies":[{"embeddable":true,"href":"https:\/\/www.onurkoserealestate.com\/de\/wp-json\/wp\/v2\/comments?post=23302"}],"wp:featuredmedia":[{"embeddable":true,"href":"https:\/\/www.onurkoserealestate.com\/de\/wp-json\/wp\/v2\/media\/23263"}],"wp:attachment":[{"href":"https:\/\/www.onurkoserealestate.com\/de\/wp-json\/wp\/v2\/media?parent=23302"}],"wp:term":[{"taxonomy":"product_cat","embeddable":true,"href":"https:\/\/www.onurkoserealestate.com\/de\/wp-json\/wp\/v2\/product_cat?post=23302"},{"taxonomy":"product_tag","embeddable":true,"href":"https:\/\/www.onurkoserealestate.com\/de\/wp-json\/wp\/v2\/product_tag?post=23302"},{"taxonomy":"country","embeddable":true,"href":"https:\/\/www.onurkoserealestate.com\/de\/wp-json\/wp\/v2\/country?post=23302"},{"taxonomy":"district","embeddable":true,"href":"https:\/\/www.onurkoserealestate.com\/de\/wp-json\/wp\/v2\/district?post=23302"},{"taxonomy":"selling-type","embeddable":true,"href":"https:\/\/www.onurkoserealestate.com\/de\/wp-json\/wp\/v2\/selling-type?post=23302"},{"taxonomy":"property-type","embeddable":true,"href":"https:\/\/www.onurkoserealestate.com\/de\/wp-json\/wp\/v2\/property-type?post=23302"},{"taxonomy":"location","embeddable":true,"href":"https:\/\/www.onurkoserealestate.com\/de\/wp-json\/wp\/v2\/location?post=23302"},{"taxonomy":"property-city","embeddable":true,"href":"https:\/\/www.onurkoserealestate.com\/de\/wp-json\/wp\/v2\/property-city?post=23302"}],"curies":[{"name":"wp","href":"https:\/\/api.w.org\/{rel}","templated":true}]}}