{"id":23408,"date":"2025-09-10T06:55:18","date_gmt":"2025-09-10T06:55:18","guid":{"rendered":"https:\/\/www.onurkoserealestate.com\/product\/entdecken-sie-alanya-eine-neue-art-zu-leben-in-avsallar\/"},"modified":"2025-09-10T06:55:18","modified_gmt":"2025-09-10T06:55:18","slug":"discover-alanya-a-new-way-of-living-in-avsallar","status":"publish","type":"product","link":"https:\/\/www.onurkoserealestate.com\/de\/product\/discover-alanya-a-new-way-of-living-in-avsallar\/","title":{"rendered":"Entdecken Sie Alanya: Eine neue Art zu leben in Avsallar"},"content":{"rendered":"<p data-start=\"228\" data-end=\"730\">Wenn Sie von einem Leben in Alanya tr\u00e4umen, ist Nobby Garden 1 in Avsallar der perfekte Ort, um damit zu beginnen. Diese brandneue 1+1-Wohnung befindet sich im 2. Stock von Block B und bietet 58 m\u00b2 modernen Wohnraum, darunter 1 Badezimmer und 1 Balkon. Die im Dezember 2023 erbaute Wohnanlage liegt nur 800 Meter von den sch\u00f6nen Str\u00e4nden von Alanya und nur 500 Meter vom pulsierenden Stadtzentrum entfernt. Alanya ist bekannt f\u00fcr seine Mischung aus nat\u00fcrlicher Sch\u00f6nheit und urbaner Annehmlichkeit, und diese Immobilie f\u00e4ngt diese Balance perfekt ein.   <\/p>\n<p data-start=\"732\" data-end=\"1445\">In Alanya zu leben bedeutet, luxuri\u00f6se Einrichtungen wie offene und beheizte Innenpools, Kinderbecken, Wasserrutschen, einen voll ausgestatteten Fitnessraum, ein t\u00fcrkisches Bad, eine Sauna, ein r\u00f6misches Dampfbad, Massager\u00e4ume und ein Mini-Kino zu genie\u00dfen. Familien in Alanya werden den Landschaftsgarten, die Kinderspielpl\u00e4tze und die Indoor-Spielzimmer lieben. Die Residenz verf\u00fcgt au\u00dferdem \u00fcber einen Tennisplatz, offene und geschlossene Parkpl\u00e4tze, einen Grillplatz, Aufz\u00fcge, Satellitensystem, Generator und 24\/7-Video\u00fcberwachung mit Sicherheitsdienst vor Ort. Alanya bietet nicht nur ein warmes Klima und atemberaubende Natur, sondern auch einen lebendigen und sicheren Lebensstil. Ob Sie investieren oder umziehen m\u00f6chten, Alanyas Nobby Garden 1 bietet Ihnen alles, was Sie f\u00fcr Komfort und Seelenfrieden ben\u00f6tigen.    <\/p>\n","protected":false},"excerpt":{"rendered":"<p>Wenn Sie von einem Leben in Alanya tr\u00e4umen, ist Nobby Garden 1 in Avsallar der perfekte Ort, um damit zu<\/p>\n","protected":false},"featured_media":23316,"comment_status":"open","ping_status":"closed","template":"","meta":[],"product_cat":[85,93],"product_tag":[],"country":[144],"district":[147],"selling-type":[141],"property-type":[126],"location":[142],"property-city":[143],"class_list":{"0":"post-23408","1":"product","2":"type-product","3":"status-publish","4":"has-post-thumbnail","6":"product_cat-heises-angebot","7":"product_cat-pool-ansicht","8":"country-turkey-de","9":"district-avsallar-de","10":"selling-type-wiederverkauf","11":"property-type-apartment-de","12":"location-alanya-de","13":"property-city-antalya-de","15":"first","16":"instock","17":"shipping-taxable","18":"purchasable","19":"product-type-simple"},"_links":{"self":[{"href":"https:\/\/www.onurkoserealestate.com\/de\/wp-json\/wp\/v2\/product\/23408","targetHints":{"allow":["GET"]}}],"collection":[{"href":"https:\/\/www.onurkoserealestate.com\/de\/wp-json\/wp\/v2\/product"}],"about":[{"href":"https:\/\/www.onurkoserealestate.com\/de\/wp-json\/wp\/v2\/types\/product"}],"replies":[{"embeddable":true,"href":"https:\/\/www.onurkoserealestate.com\/de\/wp-json\/wp\/v2\/comments?post=23408"}],"wp:featuredmedia":[{"embeddable":true,"href":"https:\/\/www.onurkoserealestate.com\/de\/wp-json\/wp\/v2\/media\/23316"}],"wp:attachment":[{"href":"https:\/\/www.onurkoserealestate.com\/de\/wp-json\/wp\/v2\/media?parent=23408"}],"wp:term":[{"taxonomy":"product_cat","embeddable":true,"href":"https:\/\/www.onurkoserealestate.com\/de\/wp-json\/wp\/v2\/product_cat?post=23408"},{"taxonomy":"product_tag","embeddable":true,"href":"https:\/\/www.onurkoserealestate.com\/de\/wp-json\/wp\/v2\/product_tag?post=23408"},{"taxonomy":"country","embeddable":true,"href":"https:\/\/www.onurkoserealestate.com\/de\/wp-json\/wp\/v2\/country?post=23408"},{"taxonomy":"district","embeddable":true,"href":"https:\/\/www.onurkoserealestate.com\/de\/wp-json\/wp\/v2\/district?post=23408"},{"taxonomy":"selling-type","embeddable":true,"href":"https:\/\/www.onurkoserealestate.com\/de\/wp-json\/wp\/v2\/selling-type?post=23408"},{"taxonomy":"property-type","embeddable":true,"href":"https:\/\/www.onurkoserealestate.com\/de\/wp-json\/wp\/v2\/property-type?post=23408"},{"taxonomy":"location","embeddable":true,"href":"https:\/\/www.onurkoserealestate.com\/de\/wp-json\/wp\/v2\/location?post=23408"},{"taxonomy":"property-city","embeddable":true,"href":"https:\/\/www.onurkoserealestate.com\/de\/wp-json\/wp\/v2\/property-city?post=23408"}],"curies":[{"name":"wp","href":"https:\/\/api.w.org\/{rel}","templated":true}]}}