{"id":23771,"date":"2025-09-17T10:05:35","date_gmt":"2025-09-17T10:05:35","guid":{"rendered":"https:\/\/www.onurkoserealestate.com\/product\/ihr-zukuenftiges-zuhause-in-alanya-luxurioese-11-wohnung-im-yekta-kingdom\/"},"modified":"2025-09-17T10:05:35","modified_gmt":"2025-09-17T10:05:35","slug":"your-future-home-in-alanya-luxury-11-in-yekta-kingdom","status":"publish","type":"product","link":"https:\/\/www.onurkoserealestate.com\/de\/product\/your-future-home-in-alanya-luxury-11-in-yekta-kingdom\/","title":{"rendered":"Ihr zuk\u00fcnftiges Zuhause in Alanya \u2013 Luxuri\u00f6se 1+1-Wohnung im Yekta Kingdom"},"content":{"rendered":"<p data-start=\"251\" data-end=\"693\">Sie suchen einen modernen Lebensstil im Herzen von Alanya? Diese brandneue 1+1-Wohnung in der Yekta Kingdom Premium Residence im beliebten Stadtteil Mahmutlar in Alanya bietet die perfekte Kombination aus Luxus, Komfort und Lage. Die 68 m\u00b2 gro\u00dfe Wohnung befindet sich im 8. Stock von Block D und verf\u00fcgt \u00fcber ein ger\u00e4umiges Schlafzimmer, ein Badezimmer und einen Balkon mit sch\u00f6ner Aussicht \u2013 allesamt f\u00fcr Ihren Komfort im sonnigen Alanya konzipiert.  <\/p>\n<p data-start=\"695\" data-end=\"1247\">Die Fertigstellung dieser Wohnanlage ist f\u00fcr 2025 geplant. Sie liegt nur 600 Meter vom Strand und nur 300 Meter vom Zentrum von Alanya entfernt, sodass Sie alles, was Sie brauchen, bequem erreichen k\u00f6nnen. Das Leben in Alanya bedeutet mehr als nur Sonnenschein \u2013 und dieser Komplex beweist dies mit seinen hochwertigen Annehmlichkeiten: Au\u00dfen- und Innenpools, ein voll ausgestattetes Fitnesscenter, Kinderspielplatz und -pool, Aquapark, Tennisplatz, Minigolfanlage, Grillzone, Open-Air-Kino und Privatparkpl\u00e4tze. Au\u00dferdem gibt es einen Garten, einen Generator, einen 24\/7-Sicherheitsdienst und Aufz\u00fcge f\u00fcr ultimativen Komfort.  <\/p>\n<p data-start=\"1249\" data-end=\"1429\">Ob Sie nun als Kapitalanlage, f\u00fcr den Urlaub oder zum dauerhaften Wohnen kaufen m\u00f6chten \u2013 dies ist eine seltene Gelegenheit, das Leben im Resort-Stil in einer der begehrtesten neuen Wohnanlagen Alanyas zu genie\u00dfen.<\/p>\n","protected":false},"excerpt":{"rendered":"<p>Sie suchen einen modernen Lebensstil im Herzen von Alanya? Diese brandneue 1+1-Wohnung in der Yekta Kingdom Premium Residence im beliebten<\/p>\n","protected":false},"featured_media":23727,"comment_status":"open","ping_status":"closed","template":"","meta":[],"product_cat":[85],"product_tag":[],"country":[144],"district":[185],"selling-type":[141],"property-type":[126],"location":[142],"property-city":[143],"class_list":{"0":"post-23771","1":"product","2":"type-product","3":"status-publish","4":"has-post-thumbnail","6":"product_cat-heises-angebot","7":"country-turkey-de","8":"district-mahmutlar-de","9":"selling-type-wiederverkauf","10":"property-type-apartment-de","11":"location-alanya-de","12":"property-city-antalya-de","14":"first","15":"instock","16":"shipping-taxable","17":"purchasable","18":"product-type-simple"},"_links":{"self":[{"href":"https:\/\/www.onurkoserealestate.com\/de\/wp-json\/wp\/v2\/product\/23771","targetHints":{"allow":["GET"]}}],"collection":[{"href":"https:\/\/www.onurkoserealestate.com\/de\/wp-json\/wp\/v2\/product"}],"about":[{"href":"https:\/\/www.onurkoserealestate.com\/de\/wp-json\/wp\/v2\/types\/product"}],"replies":[{"embeddable":true,"href":"https:\/\/www.onurkoserealestate.com\/de\/wp-json\/wp\/v2\/comments?post=23771"}],"wp:featuredmedia":[{"embeddable":true,"href":"https:\/\/www.onurkoserealestate.com\/de\/wp-json\/wp\/v2\/media\/23727"}],"wp:attachment":[{"href":"https:\/\/www.onurkoserealestate.com\/de\/wp-json\/wp\/v2\/media?parent=23771"}],"wp:term":[{"taxonomy":"product_cat","embeddable":true,"href":"https:\/\/www.onurkoserealestate.com\/de\/wp-json\/wp\/v2\/product_cat?post=23771"},{"taxonomy":"product_tag","embeddable":true,"href":"https:\/\/www.onurkoserealestate.com\/de\/wp-json\/wp\/v2\/product_tag?post=23771"},{"taxonomy":"country","embeddable":true,"href":"https:\/\/www.onurkoserealestate.com\/de\/wp-json\/wp\/v2\/country?post=23771"},{"taxonomy":"district","embeddable":true,"href":"https:\/\/www.onurkoserealestate.com\/de\/wp-json\/wp\/v2\/district?post=23771"},{"taxonomy":"selling-type","embeddable":true,"href":"https:\/\/www.onurkoserealestate.com\/de\/wp-json\/wp\/v2\/selling-type?post=23771"},{"taxonomy":"property-type","embeddable":true,"href":"https:\/\/www.onurkoserealestate.com\/de\/wp-json\/wp\/v2\/property-type?post=23771"},{"taxonomy":"location","embeddable":true,"href":"https:\/\/www.onurkoserealestate.com\/de\/wp-json\/wp\/v2\/location?post=23771"},{"taxonomy":"property-city","embeddable":true,"href":"https:\/\/www.onurkoserealestate.com\/de\/wp-json\/wp\/v2\/property-city?post=23771"}],"curies":[{"name":"wp","href":"https:\/\/api.w.org\/{rel}","templated":true}]}}