{"id":24009,"date":"2025-09-26T07:54:19","date_gmt":"2025-09-26T07:54:19","guid":{"rendered":"https:\/\/www.onurkoserealestate.com\/product\/modernes-apartment-in-tosmur-alanya-250-m-vom-meer-entfernt\/"},"modified":"2025-09-26T07:54:19","modified_gmt":"2025-09-26T07:54:19","slug":"modern-apartment-in-tosmur-alanya-250m-from-the-sea","status":"publish","type":"product","link":"https:\/\/www.onurkoserealestate.com\/de\/product\/modern-apartment-in-tosmur-alanya-250m-from-the-sea\/","title":{"rendered":"Modernes Apartment in Tosmur, Alanya \u2013 250 m vom Meer entfernt"},"content":{"rendered":"<p>Willkommen in Alanya! Diese komplett eingerichtete 1+1-Wohnung befindet sich in der prestigetr\u00e4chtigen Nordic Life Residence in Tosmur, einem der beliebtesten und lebhaftesten Viertel von Alanya. Die Wohnung liegt im 2. Stock von Block B und bietet 65 m\u00b2 gut gestaltete Wohnfl\u00e4che, darunter 1 Badezimmer und 1 Balkon. Nur 250 Meter vom sch\u00f6nen Strand von Alanya und nur 100 Meter vom Stadtzentrum entfernt, bietet diese Wohnung die perfekte Balance zwischen Komfort und Bequemlichkeit in Alanya. Die 2015 erbaute Residenz bietet eine beeindruckende Auswahl an sozialen Einrichtungen, die den entspannten und dynamischen Lebensstil von Alanya widerspiegeln. Dazu geh\u00f6ren ein Au\u00dfenpool, ein Kinderbecken, ein Whirlpool, ein Fitnesscenter, eine Sauna, ein t\u00fcrkisches Bad, ein r\u00f6misches Dampfbad, Massager\u00e4ume und vieles mehr. F\u00fcr Familien und G\u00e4ste gibt es Innen- und Au\u00dfenspielpl\u00e4tze, Billard, Tischtennis, Airhockey und spezielle Spielzimmer f\u00fcr Kinder. Jedes Apartment verf\u00fcgt au\u00dferdem \u00fcber einen privaten Abstellraum. Sicherheit und Video\u00fcberwachung sorgen f\u00fcr eine sichere Umgebung. Mit offenen und geschlossenen Parkm\u00f6glichkeiten ist dieses Apartment ideal f\u00fcr das ganze Jahr \u00fcber, als Urlaubsdomizil oder als Investitionsobjekt in Alanya. Verpassen Sie nicht diese Gelegenheit, das Beste des K\u00fcstenlebens in Alanya in einer der luxuri\u00f6sesten Anlagen zu genie\u00dfen.          <\/p>\n","protected":false},"excerpt":{"rendered":"<p>Willkommen in Alanya! Diese komplett eingerichtete 1+1-Wohnung befindet sich in der prestigetr\u00e4chtigen Nordic Life Residence in Tosmur, einem der beliebtesten<\/p>\n","protected":false},"featured_media":23986,"comment_status":"open","ping_status":"closed","template":"","meta":[],"product_cat":[85],"product_tag":[],"country":[144],"district":[197],"selling-type":[141],"property-type":[126],"location":[142],"property-city":[143],"class_list":{"0":"post-24009","1":"product","2":"type-product","3":"status-publish","4":"has-post-thumbnail","6":"product_cat-heises-angebot","7":"country-turkey-de","8":"district-tosmur-de","9":"selling-type-wiederverkauf","10":"property-type-apartment-de","11":"location-alanya-de","12":"property-city-antalya-de","14":"first","15":"instock","16":"shipping-taxable","17":"purchasable","18":"product-type-simple"},"_links":{"self":[{"href":"https:\/\/www.onurkoserealestate.com\/de\/wp-json\/wp\/v2\/product\/24009","targetHints":{"allow":["GET"]}}],"collection":[{"href":"https:\/\/www.onurkoserealestate.com\/de\/wp-json\/wp\/v2\/product"}],"about":[{"href":"https:\/\/www.onurkoserealestate.com\/de\/wp-json\/wp\/v2\/types\/product"}],"replies":[{"embeddable":true,"href":"https:\/\/www.onurkoserealestate.com\/de\/wp-json\/wp\/v2\/comments?post=24009"}],"wp:featuredmedia":[{"embeddable":true,"href":"https:\/\/www.onurkoserealestate.com\/de\/wp-json\/wp\/v2\/media\/23986"}],"wp:attachment":[{"href":"https:\/\/www.onurkoserealestate.com\/de\/wp-json\/wp\/v2\/media?parent=24009"}],"wp:term":[{"taxonomy":"product_cat","embeddable":true,"href":"https:\/\/www.onurkoserealestate.com\/de\/wp-json\/wp\/v2\/product_cat?post=24009"},{"taxonomy":"product_tag","embeddable":true,"href":"https:\/\/www.onurkoserealestate.com\/de\/wp-json\/wp\/v2\/product_tag?post=24009"},{"taxonomy":"country","embeddable":true,"href":"https:\/\/www.onurkoserealestate.com\/de\/wp-json\/wp\/v2\/country?post=24009"},{"taxonomy":"district","embeddable":true,"href":"https:\/\/www.onurkoserealestate.com\/de\/wp-json\/wp\/v2\/district?post=24009"},{"taxonomy":"selling-type","embeddable":true,"href":"https:\/\/www.onurkoserealestate.com\/de\/wp-json\/wp\/v2\/selling-type?post=24009"},{"taxonomy":"property-type","embeddable":true,"href":"https:\/\/www.onurkoserealestate.com\/de\/wp-json\/wp\/v2\/property-type?post=24009"},{"taxonomy":"location","embeddable":true,"href":"https:\/\/www.onurkoserealestate.com\/de\/wp-json\/wp\/v2\/location?post=24009"},{"taxonomy":"property-city","embeddable":true,"href":"https:\/\/www.onurkoserealestate.com\/de\/wp-json\/wp\/v2\/property-city?post=24009"}],"curies":[{"name":"wp","href":"https:\/\/api.w.org\/{rel}","templated":true}]}}