{"id":25989,"date":"2024-07-04T10:34:56","date_gmt":"2024-07-04T10:34:56","guid":{"rendered":"https:\/\/www.onurkoserealestate.com\/product\/freistehende-villa-in-kargicak-alanya\/"},"modified":"2025-11-13T11:32:59","modified_gmt":"2025-11-13T11:32:59","slug":"detached-villa-in-kargicak-alanya","status":"publish","type":"product","link":"https:\/\/www.onurkoserealestate.com\/de\/product\/detached-villa-in-kargicak-alanya\/","title":{"rendered":"Freistehende Villa in Karg\u0131cak, Alanya"},"content":{"rendered":"<p>Lage: Karg\u0131cak\/Alanya<br \/>\nObjekttyp: Freistehende Villa<br \/>\nStatus: Leerstehend<br \/>\nBaujahr: 2024<br \/>\nEtagen: 3<br \/>\nZimmer: 4+1<br \/>\nGrundfl\u00e4che: Brutto 520 m\u00b2 \/ Netto 285 m\u00b2<br \/>\nBadezimmer\/WC: 4<br \/>\nBalkon: Privater Garten und Terrasse<br \/>\nFassade: S\u00fcd-Ost-West<br \/>\nAusstattung: Smart-Home-Systeme, Fu\u00dfbodenheizung, Klimaanlage, K\u00fchlschrank<br \/>\nEntfernung zum Meer: 3 km<br \/>\nSoziale Aktivit\u00e4ten: Au\u00dfenpool, Fitnesscenter, Sauna, T\u00fcrkisches Bad<\/p>\n<p>Beschreibung:<br \/>\nUnsere Villa verf\u00fcgt \u00fcber eine private Bar, einen Infinity-Pool und einen privaten, geschlossenen Parkplatz f\u00fcr 2 Autos. Diese luxuri\u00f6se Villa ist f\u00fcr die Staatsb\u00fcrgerschaft qualifiziert und bietet eine atemberaubende Aussicht und moderne Annehmlichkeiten, die einen komfortablen und eleganten Lebensstil gew\u00e4hrleisten. <\/p>\n<p>F\u00fcr weitere Informationen und zur Vereinbarung einer Besichtigung kontaktieren Sie uns bitte.<\/p>\n","protected":false},"excerpt":{"rendered":"<p>Lage: Karg\u0131cak\/Alanya Objekttyp: Freistehende Villa Status: Leerstehend Baujahr: 2024 Etagen: 3 Zimmer: 4+1 Grundfl\u00e4che: Brutto 520 m\u00b2 \/ Netto 285<\/p>\n","protected":false},"featured_media":7700,"comment_status":"open","ping_status":"closed","template":"","meta":[],"product_cat":[96,102,85,99,90,93,87,79,82],"product_tag":[],"country":[144],"district":[148],"selling-type":[141],"property-type":[139],"location":[142],"property-city":[143],"class_list":{"0":"post-25989","1":"product","2":"type-product","3":"status-publish","4":"has-post-thumbnail","6":"product_cat-aufenthaltsgenehmigung","7":"product_cat-geeignet-fuer-wohnsitz","8":"product_cat-heises-angebot","9":"product_cat-meerblick","10":"product_cat-online-rundgang","11":"product_cat-pool-ansicht","12":"product_cat-ratenzahlung","13":"product_cat-schloss-ansicht","14":"product_cat-staatsburgerschaft","15":"country-turkey-de","16":"district-kargicak-de","17":"selling-type-wiederverkauf","18":"property-type-villa-de","19":"location-alanya-de","20":"property-city-antalya-de","22":"first","23":"instock","24":"shipping-taxable","25":"purchasable","26":"product-type-simple"},"_links":{"self":[{"href":"https:\/\/www.onurkoserealestate.com\/de\/wp-json\/wp\/v2\/product\/25989","targetHints":{"allow":["GET"]}}],"collection":[{"href":"https:\/\/www.onurkoserealestate.com\/de\/wp-json\/wp\/v2\/product"}],"about":[{"href":"https:\/\/www.onurkoserealestate.com\/de\/wp-json\/wp\/v2\/types\/product"}],"replies":[{"embeddable":true,"href":"https:\/\/www.onurkoserealestate.com\/de\/wp-json\/wp\/v2\/comments?post=25989"}],"wp:featuredmedia":[{"embeddable":true,"href":"https:\/\/www.onurkoserealestate.com\/de\/wp-json\/wp\/v2\/media\/7700"}],"wp:attachment":[{"href":"https:\/\/www.onurkoserealestate.com\/de\/wp-json\/wp\/v2\/media?parent=25989"}],"wp:term":[{"taxonomy":"product_cat","embeddable":true,"href":"https:\/\/www.onurkoserealestate.com\/de\/wp-json\/wp\/v2\/product_cat?post=25989"},{"taxonomy":"product_tag","embeddable":true,"href":"https:\/\/www.onurkoserealestate.com\/de\/wp-json\/wp\/v2\/product_tag?post=25989"},{"taxonomy":"country","embeddable":true,"href":"https:\/\/www.onurkoserealestate.com\/de\/wp-json\/wp\/v2\/country?post=25989"},{"taxonomy":"district","embeddable":true,"href":"https:\/\/www.onurkoserealestate.com\/de\/wp-json\/wp\/v2\/district?post=25989"},{"taxonomy":"selling-type","embeddable":true,"href":"https:\/\/www.onurkoserealestate.com\/de\/wp-json\/wp\/v2\/selling-type?post=25989"},{"taxonomy":"property-type","embeddable":true,"href":"https:\/\/www.onurkoserealestate.com\/de\/wp-json\/wp\/v2\/property-type?post=25989"},{"taxonomy":"location","embeddable":true,"href":"https:\/\/www.onurkoserealestate.com\/de\/wp-json\/wp\/v2\/location?post=25989"},{"taxonomy":"property-city","embeddable":true,"href":"https:\/\/www.onurkoserealestate.com\/de\/wp-json\/wp\/v2\/property-city?post=25989"}],"curies":[{"name":"wp","href":"https:\/\/api.w.org\/{rel}","templated":true}]}}