{"id":3682,"date":"2024-05-22T09:07:22","date_gmt":"2024-05-22T09:07:22","guid":{"rendered":"https:\/\/www.onurkoserealestate.com\/product\/lassen-sie-sich-diese-gelegenheit-nicht-entgehen\/"},"modified":"2024-05-22T09:07:22","modified_gmt":"2024-05-22T09:07:22","slug":"luxurios-21-wohnung-mit-offener-kuche","status":"publish","type":"product","link":"https:\/\/www.onurkoserealestate.com\/de\/product\/luxurios-21-wohnung-mit-offener-kuche\/","title":{"rendered":"Lassen Sie sich diese Gelegenheit nicht entgehen."},"content":{"rendered":"<p>Diese luxuri\u00f6s eingerichtete Wohnung mit 2 Schlafzimmern und einer ger\u00e4umigen offenen K\u00fcche erstreckt sich \u00fcber 110 Quadratmeter im ersten Stock eines 15 Jahre alten Geb\u00e4udes mit neun Stockwerken. Die Wohnung mit ihrer Nordwestfassade bietet einen bequemen Zugang zu Annehmlichkeiten und Freizeitaktivit\u00e4ten. Nur 1 Kilometer vom Meer entfernt, k\u00f6nnen die Bewohner die N\u00e4he zum Strand genie\u00dfen. Der Jahresbeitrag bel\u00e4uft sich auf 9300 TL und deckt den Unterhalt und die Einrichtungen ab. Die Anlage verf\u00fcgt \u00fcber eine Reihe von Freizeiteinrichtungen wie einen Au\u00dfenpool, einen Aquapark, ein Caf\u00e9, ein t\u00fcrkisches Bad, eine Sauna und ein Spielzimmer. Dar\u00fcber hinaus profitieren die Bewohner von Annehmlichkeiten wie Parkpl\u00e4tzen, einem Gartenbereich und einem 24\/7-Sicherheitsdienst innerhalb des Komplexes.<\/p>\n","protected":false},"excerpt":{"rendered":"<p>Diese luxuri\u00f6s eingerichtete Wohnung mit 2 Schlafzimmern und einer ger\u00e4umigen offenen K\u00fcche erstreckt sich \u00fcber 110 Quadratmeter im ersten Stock<\/p>\n","protected":false},"featured_media":3230,"comment_status":"open","ping_status":"closed","template":"","meta":[],"product_cat":[85,99,79],"product_tag":[],"country":[144],"district":[145],"selling-type":[141],"property-type":[126],"location":[142],"property-city":[143],"class_list":{"0":"post-3682","1":"product","2":"type-product","3":"status-publish","4":"has-post-thumbnail","6":"product_cat-heises-angebot","7":"product_cat-meerblick","8":"product_cat-schloss-ansicht","9":"country-turkey-de","10":"district-cikcilli-de","11":"selling-type-wiederverkauf","12":"property-type-apartment-de","13":"location-alanya-de","14":"property-city-antalya-de","16":"first","17":"instock","18":"shipping-taxable","19":"purchasable","20":"product-type-simple"},"_links":{"self":[{"href":"https:\/\/www.onurkoserealestate.com\/de\/wp-json\/wp\/v2\/product\/3682","targetHints":{"allow":["GET"]}}],"collection":[{"href":"https:\/\/www.onurkoserealestate.com\/de\/wp-json\/wp\/v2\/product"}],"about":[{"href":"https:\/\/www.onurkoserealestate.com\/de\/wp-json\/wp\/v2\/types\/product"}],"replies":[{"embeddable":true,"href":"https:\/\/www.onurkoserealestate.com\/de\/wp-json\/wp\/v2\/comments?post=3682"}],"wp:featuredmedia":[{"embeddable":true,"href":"https:\/\/www.onurkoserealestate.com\/de\/wp-json\/wp\/v2\/media\/3230"}],"wp:attachment":[{"href":"https:\/\/www.onurkoserealestate.com\/de\/wp-json\/wp\/v2\/media?parent=3682"}],"wp:term":[{"taxonomy":"product_cat","embeddable":true,"href":"https:\/\/www.onurkoserealestate.com\/de\/wp-json\/wp\/v2\/product_cat?post=3682"},{"taxonomy":"product_tag","embeddable":true,"href":"https:\/\/www.onurkoserealestate.com\/de\/wp-json\/wp\/v2\/product_tag?post=3682"},{"taxonomy":"country","embeddable":true,"href":"https:\/\/www.onurkoserealestate.com\/de\/wp-json\/wp\/v2\/country?post=3682"},{"taxonomy":"district","embeddable":true,"href":"https:\/\/www.onurkoserealestate.com\/de\/wp-json\/wp\/v2\/district?post=3682"},{"taxonomy":"selling-type","embeddable":true,"href":"https:\/\/www.onurkoserealestate.com\/de\/wp-json\/wp\/v2\/selling-type?post=3682"},{"taxonomy":"property-type","embeddable":true,"href":"https:\/\/www.onurkoserealestate.com\/de\/wp-json\/wp\/v2\/property-type?post=3682"},{"taxonomy":"location","embeddable":true,"href":"https:\/\/www.onurkoserealestate.com\/de\/wp-json\/wp\/v2\/location?post=3682"},{"taxonomy":"property-city","embeddable":true,"href":"https:\/\/www.onurkoserealestate.com\/de\/wp-json\/wp\/v2\/property-city?post=3682"}],"curies":[{"name":"wp","href":"https:\/\/api.w.org\/{rel}","templated":true}]}}