{"id":3683,"date":"2024-05-20T08:34:03","date_gmt":"2024-05-20T08:34:03","guid":{"rendered":"https:\/\/www.onurkoserealestate.com\/product\/moderne-annehmlichkeiten-und-guenstige-lage-entdecken-sie-dieses-21-apartment-in-alanya\/"},"modified":"2024-05-20T08:34:03","modified_gmt":"2024-05-20T08:34:03","slug":"modern-annehmlichkeiten-bequem-standort-erkunden-this-21-wohnung-in-alanya","status":"publish","type":"product","link":"https:\/\/www.onurkoserealestate.com\/de\/product\/moderne-annehmlichkeiten-und-guenstige-lage-entdecken-sie-dieses-21-apartment-in-alanya\/","title":{"rendered":"Moderne Annehmlichkeiten und g\u00fcnstige Lage: Entdecken Sie dieses 2+1 Apartment in Alanya"},"content":{"rendered":"<p>Perfekt im 3. Stock gelegen, erstreckt sich diese 2-Schlafzimmer-Wohnung mit offener K\u00fcche \u00fcber 120 Quadratmeter in Alanya. Sie ist komplett m\u00f6bliert und hat eine nach S\u00fcdosten ausgerichtete Fassade. Sie verf\u00fcgt \u00fcber 2 Badezimmer mit Fu\u00dfbodenheizung. Nur 1,3 km vom Meer entfernt, bietet dieses Haus Komfort und Bequemlichkeit. Mit einer monatlichen Geb\u00fchr von 80 Euro k\u00f6nnen die Bewohner die zahlreichen Annehmlichkeiten des Komplexes genie\u00dfen, darunter 6 Pools, 2 Whirlpools, ein Aquapark, ein Fitnesscenter, eine Sauna, ein Grillbereich, ein Wohnbereich, Tischtennis und ein Parkplatz. Diese Wohnung verbindet modernes Wohnen mit einer idealen Lage und verspricht ihren Bewohnern ein komfortables Leben. Kontaktieren Sie uns f\u00fcr weitere Details und Termine.<\/p>\n","protected":false},"excerpt":{"rendered":"<p>Perfekt im 3. Stock gelegen, erstreckt sich diese 2-Schlafzimmer-Wohnung mit offener K\u00fcche \u00fcber 120 Quadratmeter in Alanya. Sie ist komplett<\/p>\n","protected":false},"featured_media":2911,"comment_status":"open","ping_status":"closed","template":"","meta":[],"product_cat":[102,85],"product_tag":[],"country":[146,144],"district":[],"selling-type":[141],"property-type":[126],"location":[],"property-city":[143],"class_list":{"0":"post-3683","1":"product","2":"type-product","3":"status-publish","4":"has-post-thumbnail","6":"product_cat-geeignet-fuer-wohnsitz","7":"product_cat-heises-angebot","8":"country-cyprus-de","9":"country-turkey-de","10":"selling-type-wiederverkauf","11":"property-type-apartment-de","12":"property-city-antalya-de","14":"first","15":"instock","16":"shipping-taxable","17":"purchasable","18":"product-type-simple"},"_links":{"self":[{"href":"https:\/\/www.onurkoserealestate.com\/de\/wp-json\/wp\/v2\/product\/3683","targetHints":{"allow":["GET"]}}],"collection":[{"href":"https:\/\/www.onurkoserealestate.com\/de\/wp-json\/wp\/v2\/product"}],"about":[{"href":"https:\/\/www.onurkoserealestate.com\/de\/wp-json\/wp\/v2\/types\/product"}],"replies":[{"embeddable":true,"href":"https:\/\/www.onurkoserealestate.com\/de\/wp-json\/wp\/v2\/comments?post=3683"}],"wp:featuredmedia":[{"embeddable":true,"href":"https:\/\/www.onurkoserealestate.com\/de\/wp-json\/wp\/v2\/media\/2911"}],"wp:attachment":[{"href":"https:\/\/www.onurkoserealestate.com\/de\/wp-json\/wp\/v2\/media?parent=3683"}],"wp:term":[{"taxonomy":"product_cat","embeddable":true,"href":"https:\/\/www.onurkoserealestate.com\/de\/wp-json\/wp\/v2\/product_cat?post=3683"},{"taxonomy":"product_tag","embeddable":true,"href":"https:\/\/www.onurkoserealestate.com\/de\/wp-json\/wp\/v2\/product_tag?post=3683"},{"taxonomy":"country","embeddable":true,"href":"https:\/\/www.onurkoserealestate.com\/de\/wp-json\/wp\/v2\/country?post=3683"},{"taxonomy":"district","embeddable":true,"href":"https:\/\/www.onurkoserealestate.com\/de\/wp-json\/wp\/v2\/district?post=3683"},{"taxonomy":"selling-type","embeddable":true,"href":"https:\/\/www.onurkoserealestate.com\/de\/wp-json\/wp\/v2\/selling-type?post=3683"},{"taxonomy":"property-type","embeddable":true,"href":"https:\/\/www.onurkoserealestate.com\/de\/wp-json\/wp\/v2\/property-type?post=3683"},{"taxonomy":"location","embeddable":true,"href":"https:\/\/www.onurkoserealestate.com\/de\/wp-json\/wp\/v2\/location?post=3683"},{"taxonomy":"property-city","embeddable":true,"href":"https:\/\/www.onurkoserealestate.com\/de\/wp-json\/wp\/v2\/property-city?post=3683"}],"curies":[{"name":"wp","href":"https:\/\/api.w.org\/{rel}","templated":true}]}}