{"id":3685,"date":"2024-05-16T13:17:02","date_gmt":"2024-05-16T13:17:02","guid":{"rendered":"https:\/\/www.onurkoserealestate.com\/product\/geraeumiges-31-apartment-mit-offener-kueche-und-poolblick\/"},"modified":"2025-04-02T12:29:25","modified_gmt":"2025-04-02T12:29:25","slug":"geraumiges-31-appartement-mit-offener-kuche-und-pool-blick","status":"publish","type":"product","link":"https:\/\/www.onurkoserealestate.com\/de\/product\/geraeumiges-31-apartment-mit-offener-kueche-und-poolblick\/","title":{"rendered":"Ger\u00e4umiges 3+1 Apartment mit offener K\u00fcche und Poolblick"},"content":{"rendered":"<p class=\"\" data-start=\"59\" data-end=\"513\">Alanya ist eine atemberaubende K\u00fcstenstadt an der S\u00fcdk\u00fcste der T\u00fcrkei, die f\u00fcr ihre wundersch\u00f6nen Str\u00e4nde, ihr pulsierendes Nachtleben und ihr reiches historisches Erbe bekannt ist. Alanya liegt am Mittelmeer und bietet eine Mischung aus modernen Annehmlichkeiten und traditionellem Charme. Die Stadt beherbergt mehrere Wahrzeichen, darunter die Burg von Alanya, die auf einem H\u00fcgel mit Blick auf den Hafen liegt, und den alten Kleopatra-Strand, der nach der ber\u00fchmten \u00e4gyptischen K\u00f6nigin benannt ist.  <\/p>\n<p class=\"\" data-start=\"515\" data-end=\"848\">Das warme Klima von Alanya macht es das ganze Jahr \u00fcber zu einem idealen Reiseziel f\u00fcr Touristen. Die Gegend ist bekannt f\u00fcr ihre sonnigen Tage, perfekt f\u00fcr Strandg\u00e4nger und Outdoor-Enthusiasten. Zus\u00e4tzlich zu seiner nat\u00fcrlichen Sch\u00f6nheit bietet Alanya eine Vielzahl von Aktivit\u00e4ten, von der Erkundung seiner H\u00f6hlen und Wanderwege bis hin zum Genie\u00dfen der lokalen K\u00fcche in Restaurants am Meer.  <\/p>\n<p class=\"\" data-start=\"850\" data-end=\"1177\">Die Stadt wird auch bei ausl\u00e4ndischen Immobilienk\u00e4ufern aufgrund ihrer g\u00fcnstigen Immobilien, insbesondere entlang der K\u00fcste, immer beliebter. Viele Menschen f\u00fchlen sich von Alanyas entspanntem Lebensstil und der M\u00f6glichkeit, in Ferienh\u00e4user zu investieren, angezogen, was es sowohl f\u00fcr Kurzzeitbesucher als auch f\u00fcr Langzeitbewohner zu einer attraktiven Option macht. <\/p>\n<p class=\"\" data-start=\"1179\" data-end=\"1288\">Ob Sie nach Abenteuer, Entspannung oder einem Ort zum Niederlassen suchen, Alanya bietet f\u00fcr jeden etwas.<\/p>\n","protected":false},"excerpt":{"rendered":"<p>Alanya ist eine atemberaubende K\u00fcstenstadt an der S\u00fcdk\u00fcste der T\u00fcrkei, die f\u00fcr ihre wundersch\u00f6nen Str\u00e4nde, ihr pulsierendes Nachtleben und ihr<\/p>\n","protected":false},"featured_media":2576,"comment_status":"open","ping_status":"closed","template":"","meta":[],"product_cat":[93],"product_tag":[],"country":[],"district":[],"selling-type":[141],"property-type":[126],"location":[142],"property-city":[143],"class_list":{"0":"post-3685","1":"product","2":"type-product","3":"status-publish","4":"has-post-thumbnail","6":"product_cat-pool-ansicht","7":"selling-type-wiederverkauf","8":"property-type-apartment-de","9":"location-alanya-de","10":"property-city-antalya-de","12":"first","13":"instock","14":"shipping-taxable","15":"purchasable","16":"product-type-simple"},"_links":{"self":[{"href":"https:\/\/www.onurkoserealestate.com\/de\/wp-json\/wp\/v2\/product\/3685","targetHints":{"allow":["GET"]}}],"collection":[{"href":"https:\/\/www.onurkoserealestate.com\/de\/wp-json\/wp\/v2\/product"}],"about":[{"href":"https:\/\/www.onurkoserealestate.com\/de\/wp-json\/wp\/v2\/types\/product"}],"replies":[{"embeddable":true,"href":"https:\/\/www.onurkoserealestate.com\/de\/wp-json\/wp\/v2\/comments?post=3685"}],"wp:featuredmedia":[{"embeddable":true,"href":"https:\/\/www.onurkoserealestate.com\/de\/wp-json\/wp\/v2\/media\/2576"}],"wp:attachment":[{"href":"https:\/\/www.onurkoserealestate.com\/de\/wp-json\/wp\/v2\/media?parent=3685"}],"wp:term":[{"taxonomy":"product_cat","embeddable":true,"href":"https:\/\/www.onurkoserealestate.com\/de\/wp-json\/wp\/v2\/product_cat?post=3685"},{"taxonomy":"product_tag","embeddable":true,"href":"https:\/\/www.onurkoserealestate.com\/de\/wp-json\/wp\/v2\/product_tag?post=3685"},{"taxonomy":"country","embeddable":true,"href":"https:\/\/www.onurkoserealestate.com\/de\/wp-json\/wp\/v2\/country?post=3685"},{"taxonomy":"district","embeddable":true,"href":"https:\/\/www.onurkoserealestate.com\/de\/wp-json\/wp\/v2\/district?post=3685"},{"taxonomy":"selling-type","embeddable":true,"href":"https:\/\/www.onurkoserealestate.com\/de\/wp-json\/wp\/v2\/selling-type?post=3685"},{"taxonomy":"property-type","embeddable":true,"href":"https:\/\/www.onurkoserealestate.com\/de\/wp-json\/wp\/v2\/property-type?post=3685"},{"taxonomy":"location","embeddable":true,"href":"https:\/\/www.onurkoserealestate.com\/de\/wp-json\/wp\/v2\/location?post=3685"},{"taxonomy":"property-city","embeddable":true,"href":"https:\/\/www.onurkoserealestate.com\/de\/wp-json\/wp\/v2\/property-city?post=3685"}],"curies":[{"name":"wp","href":"https:\/\/api.w.org\/{rel}","templated":true}]}}