{"id":3686,"date":"2024-05-16T08:21:26","date_gmt":"2024-05-16T08:21:26","guid":{"rendered":"https:\/\/www.onurkoserealestate.com\/product\/atemberaubende-freistehende-villa-zu-verkaufen-in-alanya-kargicak\/"},"modified":"2024-05-16T08:21:26","modified_gmt":"2024-05-16T08:21:26","slug":"atemberaubende-freistehende-villa-zu-verkaufen-in-alanya-kargicak","status":"publish","type":"product","link":"https:\/\/www.onurkoserealestate.com\/de\/product\/atemberaubende-freistehende-villa-zu-verkaufen-in-alanya-kargicak\/","title":{"rendered":"Atemberaubende freistehende Villa zu verkaufen in Alanya Kargicak"},"content":{"rendered":"<div class=\"flex-1 overflow-hidden\">\n<div class=\"react-scroll-to-bottom--css-uiejd-79elbk h-full\">\n<div class=\"react-scroll-to-bottom--css-uiejd-1n7m0yu\">\n<div>\n<div class=\"flex flex-col text-sm pb-9\">\n<div class=\"w-full text-token-text-primary\" dir=\"auto\" data-testid=\"conversation-turn-37\" data-scroll-anchor=\"true\">\n<div class=\"py-2 px-3 text-base md:px-4 m-auto md:px-5 lg:px-1 xl:px-5\">\n<div class=\"mx-auto flex flex-1 gap-3 text-base juice:gap-4 juice:md:gap-6 md:max-w-3xl lg:max-w-[40rem] xl:max-w-[48rem]\">\n<div class=\"relative flex w-full min-w-0 flex-col agent-turn\">\n<div class=\"flex-col gap-1 md:gap-3\">\n<div class=\"flex flex-grow flex-col max-w-full\">\n<div class=\"min-h-[20px] text-message flex flex-col items-start whitespace-pre-wrap break-words [.text-message+&amp;]:mt-5 juice:w-full juice:items-end overflow-x-auto gap-3\" dir=\"auto\" data-message-author-role=\"assistant\" data-message-id=\"a694344f-8bda-4bae-a3c1-67c1f5671c21\">\n<div class=\"markdown prose w-full break-words dark:prose-invert light\">\n<p>Diese freistehende Villa zum Verkauf befindet sich auf einem 704 Quadratmeter gro\u00dfen Grundst\u00fcck in Kargicak, einem der sch\u00f6nsten Stadtteile von Alanya. Abseits von der Hektik des Alltags gelegen, bietet diese Villa einen herrlichen Blick auf das Meer, die Berge und die Stadt Alanya.<\/p>\n<p>Die Villa hat eine Gesamtwohnfl\u00e4che von 320 Quadratmetern und besteht aus 4 Schlafzimmern, 4 Badezimmern, 2 gro\u00dfz\u00fcgigen Terrassen und einer offenen K\u00fcche\/Wohnzimmer. Zus\u00e4tzlich gibt es eine unabh\u00e4ngige 85 Quadratmeter gro\u00dfe Duplex-Wohnung im Erdgeschoss, und die Villa wird voll m\u00f6bliert zum Verkauf angeboten.<\/p>\n<p>Key features of the villa include a swimming pool, sauna, parking space for 2 vehicles, a sunbathing terrace, and a garden. Diese Villa bietet die perfekte Mischung aus Luxus und Komfort und erm\u00f6glicht es Ihnen, die einzigartigen Aussichten und das gehobene Leben, das Alanya zu bieten hat, zu erleben.<\/p>\n<\/div>\n<\/div>\n<\/div>\n<div class=\"mt-1 flex gap-3 empty:hidden juice:-ml-3\">\n<div class=\"-ml-1 mt-0 flex h-7 items-center justify-center gap-[2px] self-end text-gray-400 lg:justify-start lg:self-center visible\">\n<p>&nbsp;<\/p>\n<div class=\"flex\"><\/div>\n<\/div>\n<\/div>\n<div class=\"pr-2 lg:pr-0\"><\/div>\n<\/div>\n<div class=\"absolute\">\n<div class=\"flex w-full gap-2 items-center justify-center\"><\/div>\n<\/div>\n<\/div>\n<\/div>\n<\/div>\n<\/div>\n<\/div>\n<\/div>\n<\/div>\n<\/div>\n<\/div>\n<div class=\"w-full md:pt-0 dark:border-white\/20 md:border-transparent md:dark:border-transparent md:w-[calc(100%-.5rem)] juice:w-full\">\n<div class=\"px-3 text-base md:px-4 m-auto md:px-5 lg:px-1 xl:px-5\">\n<div class=\"mx-auto flex flex-1 gap-3 text-base juice:gap-4 juice:md:gap-6 md:max-w-3xl lg:max-w-[40rem] xl:max-w-[48rem]\">\n<form class=\"w-full\">\n<div class=\"relative flex h-full max-w-full flex-1 flex-col\">\n<div class=\"absolute bottom-full left-0 right-0\"><\/div>\n<div class=\"flex w-full items-center\"><\/div>\n<\/div>\n<\/form>\n<\/div>\n<\/div>\n<\/div>\n","protected":false},"excerpt":{"rendered":"<p>Diese freistehende Villa zum Verkauf befindet sich auf einem 704 Quadratmeter gro\u00dfen Grundst\u00fcck in Kargicak, einem der sch\u00f6nsten Stadtteile von<\/p>\n","protected":false},"featured_media":2427,"comment_status":"open","ping_status":"closed","template":"","meta":[],"product_cat":[96,102,85,99,90,93],"product_tag":[],"country":[144],"district":[148],"selling-type":[141],"property-type":[139],"location":[142],"property-city":[143],"class_list":{"0":"post-3686","1":"product","2":"type-product","3":"status-publish","4":"has-post-thumbnail","6":"product_cat-aufenthaltsgenehmigung","7":"product_cat-geeignet-fuer-wohnsitz","8":"product_cat-heises-angebot","9":"product_cat-meerblick","10":"product_cat-online-rundgang","11":"product_cat-pool-ansicht","12":"country-turkey-de","13":"district-kargicak-de","14":"selling-type-wiederverkauf","15":"property-type-villa-de","16":"location-alanya-de","17":"property-city-antalya-de","19":"first","20":"instock","21":"shipping-taxable","22":"purchasable","23":"product-type-simple"},"_links":{"self":[{"href":"https:\/\/www.onurkoserealestate.com\/de\/wp-json\/wp\/v2\/product\/3686","targetHints":{"allow":["GET"]}}],"collection":[{"href":"https:\/\/www.onurkoserealestate.com\/de\/wp-json\/wp\/v2\/product"}],"about":[{"href":"https:\/\/www.onurkoserealestate.com\/de\/wp-json\/wp\/v2\/types\/product"}],"replies":[{"embeddable":true,"href":"https:\/\/www.onurkoserealestate.com\/de\/wp-json\/wp\/v2\/comments?post=3686"}],"wp:featuredmedia":[{"embeddable":true,"href":"https:\/\/www.onurkoserealestate.com\/de\/wp-json\/wp\/v2\/media\/2427"}],"wp:attachment":[{"href":"https:\/\/www.onurkoserealestate.com\/de\/wp-json\/wp\/v2\/media?parent=3686"}],"wp:term":[{"taxonomy":"product_cat","embeddable":true,"href":"https:\/\/www.onurkoserealestate.com\/de\/wp-json\/wp\/v2\/product_cat?post=3686"},{"taxonomy":"product_tag","embeddable":true,"href":"https:\/\/www.onurkoserealestate.com\/de\/wp-json\/wp\/v2\/product_tag?post=3686"},{"taxonomy":"country","embeddable":true,"href":"https:\/\/www.onurkoserealestate.com\/de\/wp-json\/wp\/v2\/country?post=3686"},{"taxonomy":"district","embeddable":true,"href":"https:\/\/www.onurkoserealestate.com\/de\/wp-json\/wp\/v2\/district?post=3686"},{"taxonomy":"selling-type","embeddable":true,"href":"https:\/\/www.onurkoserealestate.com\/de\/wp-json\/wp\/v2\/selling-type?post=3686"},{"taxonomy":"property-type","embeddable":true,"href":"https:\/\/www.onurkoserealestate.com\/de\/wp-json\/wp\/v2\/property-type?post=3686"},{"taxonomy":"location","embeddable":true,"href":"https:\/\/www.onurkoserealestate.com\/de\/wp-json\/wp\/v2\/location?post=3686"},{"taxonomy":"property-city","embeddable":true,"href":"https:\/\/www.onurkoserealestate.com\/de\/wp-json\/wp\/v2\/property-city?post=3686"}],"curies":[{"name":"wp","href":"https:\/\/api.w.org\/{rel}","templated":true}]}}