{"id":3688,"date":"2024-05-16T07:12:39","date_gmt":"2024-05-16T07:12:39","guid":{"rendered":"https:\/\/www.onurkoserealestate.com\/product\/ihr-idealer-wohnsitz-in-tosmur\/"},"modified":"2024-05-16T07:12:39","modified_gmt":"2024-05-16T07:12:39","slug":"ihr-idealer-wohnsitz-in-tosmur","status":"publish","type":"product","link":"https:\/\/www.onurkoserealestate.com\/de\/product\/ihr-idealer-wohnsitz-in-tosmur\/","title":{"rendered":"Ihr idealer Wohnsitz in Tosmur"},"content":{"rendered":"<p>Karaku\u015f 7 bietet die perfekte Mischung aus Komfort und Bequemlichkeit in Tosmur. Diese stilvolle Wohnung verf\u00fcgt \u00fcber 2 Schlafzimmer und einen ger\u00e4umigen Wohnbereich, der sich auf insgesamt 110 Quadratmeter verteilt.<\/p>\n<p>Die Wohnung befindet sich im 3. Stock und ist an der Nord-West-Ost-Fassade gelegen. Das Geb\u00e4ude ist erst 6 Jahre alt und liegt nur 600 Meter vom Meer entfernt, so dass der Strand leicht zu erreichen ist.<\/p>\n<p>Auf dem Gel\u00e4nde stehen den Bewohnern verschiedene Annehmlichkeiten zur Verf\u00fcgung, die f\u00fcr ein angenehmes Wohnerlebnis sorgen. Dazu geh\u00f6ren ein Schwimmbad, ein Fitnesscenter, ein Garten, ein Kinderspielplatz, ein Generator, ein Hausmeister und ein Parkplatz.<\/p>\n<p>Karaku\u015f 7 wurde entwickelt, um komfortables Wohnen zu bieten, das allen Anforderungen des modernen Lebens gerecht wird. Es ist eine ausgezeichnete Wahl f\u00fcr diejenigen, die einen ruhigen Lebensstil in der N\u00e4he des Meeres und anderer Annehmlichkeiten in der ruhigen Atmosph\u00e4re von Tosmur suchen.<\/p>\n","protected":false},"excerpt":{"rendered":"<p>Karaku\u015f 7 bietet die perfekte Mischung aus Komfort und Bequemlichkeit in Tosmur. Diese stilvolle Wohnung verf\u00fcgt \u00fcber 2 Schlafzimmer und<\/p>\n","protected":false},"featured_media":2206,"comment_status":"open","ping_status":"closed","template":"","meta":[],"product_cat":[96,102,85,90,93,79],"product_tag":[],"country":[],"district":[],"selling-type":[141],"property-type":[126],"location":[142],"property-city":[143],"class_list":{"0":"post-3688","1":"product","2":"type-product","3":"status-publish","4":"has-post-thumbnail","6":"product_cat-aufenthaltsgenehmigung","7":"product_cat-geeignet-fuer-wohnsitz","8":"product_cat-heises-angebot","9":"product_cat-online-rundgang","10":"product_cat-pool-ansicht","11":"product_cat-schloss-ansicht","12":"selling-type-wiederverkauf","13":"property-type-apartment-de","14":"location-alanya-de","15":"property-city-antalya-de","17":"first","18":"instock","19":"shipping-taxable","20":"purchasable","21":"product-type-simple"},"_links":{"self":[{"href":"https:\/\/www.onurkoserealestate.com\/de\/wp-json\/wp\/v2\/product\/3688","targetHints":{"allow":["GET"]}}],"collection":[{"href":"https:\/\/www.onurkoserealestate.com\/de\/wp-json\/wp\/v2\/product"}],"about":[{"href":"https:\/\/www.onurkoserealestate.com\/de\/wp-json\/wp\/v2\/types\/product"}],"replies":[{"embeddable":true,"href":"https:\/\/www.onurkoserealestate.com\/de\/wp-json\/wp\/v2\/comments?post=3688"}],"wp:featuredmedia":[{"embeddable":true,"href":"https:\/\/www.onurkoserealestate.com\/de\/wp-json\/wp\/v2\/media\/2206"}],"wp:attachment":[{"href":"https:\/\/www.onurkoserealestate.com\/de\/wp-json\/wp\/v2\/media?parent=3688"}],"wp:term":[{"taxonomy":"product_cat","embeddable":true,"href":"https:\/\/www.onurkoserealestate.com\/de\/wp-json\/wp\/v2\/product_cat?post=3688"},{"taxonomy":"product_tag","embeddable":true,"href":"https:\/\/www.onurkoserealestate.com\/de\/wp-json\/wp\/v2\/product_tag?post=3688"},{"taxonomy":"country","embeddable":true,"href":"https:\/\/www.onurkoserealestate.com\/de\/wp-json\/wp\/v2\/country?post=3688"},{"taxonomy":"district","embeddable":true,"href":"https:\/\/www.onurkoserealestate.com\/de\/wp-json\/wp\/v2\/district?post=3688"},{"taxonomy":"selling-type","embeddable":true,"href":"https:\/\/www.onurkoserealestate.com\/de\/wp-json\/wp\/v2\/selling-type?post=3688"},{"taxonomy":"property-type","embeddable":true,"href":"https:\/\/www.onurkoserealestate.com\/de\/wp-json\/wp\/v2\/property-type?post=3688"},{"taxonomy":"location","embeddable":true,"href":"https:\/\/www.onurkoserealestate.com\/de\/wp-json\/wp\/v2\/location?post=3688"},{"taxonomy":"property-city","embeddable":true,"href":"https:\/\/www.onurkoserealestate.com\/de\/wp-json\/wp\/v2\/property-city?post=3688"}],"curies":[{"name":"wp","href":"https:\/\/api.w.org\/{rel}","templated":true}]}}