{"id":3696,"date":"2024-05-15T11:21:02","date_gmt":"2024-05-15T11:21:02","guid":{"rendered":"https:\/\/www.onurkoserealestate.com\/product\/erleben-sie-luxurioeses-wohnen-gelassenheit-und-eleganz-in-kargicak-alanya\/"},"modified":"2024-05-15T11:21:02","modified_gmt":"2024-05-15T11:21:02","slug":"erlebe-luxus-wohnen-bescheidenheit-und-eleganz-in-kargicak-alanya","status":"publish","type":"product","link":"https:\/\/www.onurkoserealestate.com\/de\/product\/erleben-sie-luxurioeses-wohnen-gelassenheit-und-eleganz-in-kargicak-alanya\/","title":{"rendered":"Erleben Sie luxuri\u00f6ses Wohnen: Gelassenheit und Eleganz in Kargicak, Alanya!"},"content":{"rendered":"<p>KIWI Sunset II ist ein Beweis f\u00fcr Luxus und Eleganz in der malerischen Region Kargicak, Alanya. Auf einem weitl\u00e4ufigen, 4323 Quadratmeter gro\u00dfen Grundst\u00fcck gelegen, umfasst dieses hochwertige Projekt vier luxuri\u00f6se Villen, die einen unvergleichlich raffinierten Lebensstil bieten.<\/p>\n<p>What sets KIWI Sunset II apart is its unique location, with the upcoming golf course in Kargicak adding to its allure as a prime investment opportunity. Wie der Name schon sagt, haben die Bewohner das Privileg, jeden Abend atemberaubende Sonnenunterg\u00e4nge von ihrem eigenen Haus aus zu genie\u00dfen.<\/p>\n<p>Das KIWI Sunset II liegt abseits des Trubels und bietet eine ruhige Atmosph\u00e4re, in der Sie sich inmitten einer unvergleichlichen Aussicht auf das Mittelmeer, die Berge, die Natur und die Stadt Alanya entspannen k\u00f6nnen. Die Panoramablicke von diesen Villen sind un\u00fcbertroffen und gew\u00e4hrleisten, dass kein anderes Projekt den Blick auf die Landschaft behindert.<\/p>\n<p>Jede Villa ist sorgf\u00e4ltig mit hochwertigen Materialien und viel Liebe zum Detail gebaut worden. Die Villa mit 5 Schlafzimmern (4+1) verf\u00fcgt \u00fcber einen eigenen Pool und einen Garten, in dem Sie Momente der Ruhe und Privatsph\u00e4re genie\u00dfen k\u00f6nnen. Dar\u00fcber hinaus verf\u00fcgen alle Villen \u00fcber einen Aufzug innerhalb des Wohnbereichs, was den Komfort und die Zug\u00e4nglichkeit erh\u00f6ht.<\/p>\n<p>Zu den Highlights von KIWI Sunset Villas geh\u00f6ren:<\/p>\n<ul>\n<li>Private Pools und G\u00e4rten innerhalb der Grundst\u00fccksgrenzen der Villa.<\/li>\n<li>Spektakul\u00e4re Aussicht auf das Meer, die Berge, die Natur und die Stadt Alanya.<\/li>\n<li>Die Villa A verf\u00fcgt \u00fcber eine private Garage, w\u00e4hrend die Villen B, C und D \u00fcber ausgewiesene Parkpl\u00e4tze innerhalb ihrer Grundst\u00fccksgrenzen verf\u00fcgen.<\/li>\n<li>Die 4+1 Villen bieten 400 Quadratmeter Wohnfl\u00e4che und ein 216 Quadratmeter gro\u00dfes Untergeschoss.<\/li>\n<li>Im Untergeschoss der Villa A befinden sich eine Garage, ein Fitnessraum, eine Sauna, ein Massageraum, ein Abstellraum, ein WC und eine Dusche, w\u00e4hrend die Villen B, C und D \u00fcber einen Fitnessraum, eine Sauna, einen Massageraum, zwei Abstellr\u00e4ume, ein WC und eine Dusche verf\u00fcgen.<\/li>\n<li>Im Erdgeschoss befinden sich ein Schlafzimmer (mit Ankleideraum und eigenem Bad), eine ger\u00e4umige offene K\u00fcche, ein Wohnzimmer, ein Bad und ein Abstellraum.<\/li>\n<li>Im ersten Stock befinden sich drei Schlafzimmer (jedes mit eigenem Bad) und eine Terrasse.<\/li>\n<\/ul>\n<p>Mit einer Villengr\u00f6\u00dfe von 983 Quadratmetern f\u00fcr Block A und einer Poolgr\u00f6\u00dfe von 75 Quadratmetern f\u00fcr Block A bietet KIWI Sunset II einen Lebensstil mit unvergleichlichem Luxus und Komfort.<\/p>\n<p>Entfernungen:<\/p>\n<ul>\n<li>Alanya Stadtzentrum: 17 km<\/li>\n<li>Strand\/Meer: 4 km<\/li>\n<li>Flughafen Gazipasa: 30 km<\/li>\n<li>Flughafen Antalya: 140 km<\/li>\n<\/ul>\n","protected":false},"excerpt":{"rendered":"<p>KIWI Sunset II ist ein Beweis f\u00fcr Luxus und Eleganz in der malerischen Region Kargicak, Alanya. Auf einem weitl\u00e4ufigen, 4323<\/p>\n","protected":false},"featured_media":1517,"comment_status":"open","ping_status":"closed","template":"","meta":[],"product_cat":[96,85,99,90,87,79,82],"product_tag":[],"country":[],"district":[],"selling-type":[151,150],"property-type":[139],"location":[142],"property-city":[143],"class_list":{"0":"post-3696","1":"product","2":"type-product","3":"status-publish","4":"has-post-thumbnail","6":"product_cat-aufenthaltsgenehmigung","7":"product_cat-heises-angebot","8":"product_cat-meerblick","9":"product_cat-online-rundgang","10":"product_cat-ratenzahlung","11":"product_cat-schloss-ansicht","12":"product_cat-staatsburgerschaft","13":"selling-type-abgeschlossene-projekte","14":"selling-type-projekte","15":"property-type-villa-de","16":"location-alanya-de","17":"property-city-antalya-de","19":"first","20":"instock","21":"shipping-taxable","22":"purchasable","23":"product-type-simple"},"_links":{"self":[{"href":"https:\/\/www.onurkoserealestate.com\/de\/wp-json\/wp\/v2\/product\/3696","targetHints":{"allow":["GET"]}}],"collection":[{"href":"https:\/\/www.onurkoserealestate.com\/de\/wp-json\/wp\/v2\/product"}],"about":[{"href":"https:\/\/www.onurkoserealestate.com\/de\/wp-json\/wp\/v2\/types\/product"}],"replies":[{"embeddable":true,"href":"https:\/\/www.onurkoserealestate.com\/de\/wp-json\/wp\/v2\/comments?post=3696"}],"wp:featuredmedia":[{"embeddable":true,"href":"https:\/\/www.onurkoserealestate.com\/de\/wp-json\/wp\/v2\/media\/1517"}],"wp:attachment":[{"href":"https:\/\/www.onurkoserealestate.com\/de\/wp-json\/wp\/v2\/media?parent=3696"}],"wp:term":[{"taxonomy":"product_cat","embeddable":true,"href":"https:\/\/www.onurkoserealestate.com\/de\/wp-json\/wp\/v2\/product_cat?post=3696"},{"taxonomy":"product_tag","embeddable":true,"href":"https:\/\/www.onurkoserealestate.com\/de\/wp-json\/wp\/v2\/product_tag?post=3696"},{"taxonomy":"country","embeddable":true,"href":"https:\/\/www.onurkoserealestate.com\/de\/wp-json\/wp\/v2\/country?post=3696"},{"taxonomy":"district","embeddable":true,"href":"https:\/\/www.onurkoserealestate.com\/de\/wp-json\/wp\/v2\/district?post=3696"},{"taxonomy":"selling-type","embeddable":true,"href":"https:\/\/www.onurkoserealestate.com\/de\/wp-json\/wp\/v2\/selling-type?post=3696"},{"taxonomy":"property-type","embeddable":true,"href":"https:\/\/www.onurkoserealestate.com\/de\/wp-json\/wp\/v2\/property-type?post=3696"},{"taxonomy":"location","embeddable":true,"href":"https:\/\/www.onurkoserealestate.com\/de\/wp-json\/wp\/v2\/location?post=3696"},{"taxonomy":"property-city","embeddable":true,"href":"https:\/\/www.onurkoserealestate.com\/de\/wp-json\/wp\/v2\/property-city?post=3696"}],"curies":[{"name":"wp","href":"https:\/\/api.w.org\/{rel}","templated":true}]}}