{"id":3697,"date":"2024-05-15T10:00:43","date_gmt":"2024-05-15T10:00:43","guid":{"rendered":"https:\/\/www.onurkoserealestate.com\/product\/luxurioeses-21-apartment-mit-atemberaubender-aussicht-und-erstklassigen-annehmlichkeiten\/"},"modified":"2025-04-02T10:58:52","modified_gmt":"2025-04-02T10:58:52","slug":"luxurioses-21-apartment-mit-atemberaubender-aussicht-und-premium-ausstattungen","status":"publish","type":"product","link":"https:\/\/www.onurkoserealestate.com\/de\/product\/luxurioeses-21-apartment-mit-atemberaubender-aussicht-und-erstklassigen-annehmlichkeiten\/","title":{"rendered":"Luxuri\u00f6ses 2+1 Apartment mit herrlichem Blick und erstklassiger Ausstattung in Alanya"},"content":{"rendered":"<p>ALANYA<\/p>\n<p>Diese 2+1-Wohnung verf\u00fcgt \u00fcber eine offene K\u00fcche und ist 115 Quadratmeter gro\u00df. Es befindet sich im 7. Stock des B-Blocks und verf\u00fcgt \u00fcber eine sehr luxuri\u00f6se Ausstattung mit komplett neu gestalteten Innenr\u00e4umen. Die Wohnung hat eine S\u00fcd-Ost-Fassade und bietet einen Blick auf die Burg und das Meer. Das Geb\u00e4ude ist 15 Jahre alt und hat 9 Stockwerke. Es liegt nur 700 Meter vom Meer entfernt. The monthly contribution is 800 TL. Der Komplex bietet Annehmlichkeiten wie einen Pool, einen Grillplatz, einen Parkplatz, einen Generator und einen Hausmeister.<\/p>\n","protected":false},"excerpt":{"rendered":"<p>ALANYA Diese 2+1-Wohnung verf\u00fcgt \u00fcber eine offene K\u00fcche und ist 115 Quadratmeter gro\u00df. Es befindet sich im 7. Stock des<\/p>\n","protected":false},"featured_media":1214,"comment_status":"open","ping_status":"closed","template":"","meta":[],"product_cat":[85,99,79],"product_tag":[],"country":[144],"district":[212],"selling-type":[141],"property-type":[126],"location":[142],"property-city":[143],"class_list":{"0":"post-3697","1":"product","2":"type-product","3":"status-publish","4":"has-post-thumbnail","6":"product_cat-heises-angebot","7":"product_cat-meerblick","8":"product_cat-schloss-ansicht","9":"country-turkey-de","10":"district-center-de","11":"selling-type-wiederverkauf","12":"property-type-apartment-de","13":"location-alanya-de","14":"property-city-antalya-de","16":"first","17":"instock","18":"shipping-taxable","19":"purchasable","20":"product-type-simple"},"_links":{"self":[{"href":"https:\/\/www.onurkoserealestate.com\/de\/wp-json\/wp\/v2\/product\/3697","targetHints":{"allow":["GET"]}}],"collection":[{"href":"https:\/\/www.onurkoserealestate.com\/de\/wp-json\/wp\/v2\/product"}],"about":[{"href":"https:\/\/www.onurkoserealestate.com\/de\/wp-json\/wp\/v2\/types\/product"}],"replies":[{"embeddable":true,"href":"https:\/\/www.onurkoserealestate.com\/de\/wp-json\/wp\/v2\/comments?post=3697"}],"wp:featuredmedia":[{"embeddable":true,"href":"https:\/\/www.onurkoserealestate.com\/de\/wp-json\/wp\/v2\/media\/1214"}],"wp:attachment":[{"href":"https:\/\/www.onurkoserealestate.com\/de\/wp-json\/wp\/v2\/media?parent=3697"}],"wp:term":[{"taxonomy":"product_cat","embeddable":true,"href":"https:\/\/www.onurkoserealestate.com\/de\/wp-json\/wp\/v2\/product_cat?post=3697"},{"taxonomy":"product_tag","embeddable":true,"href":"https:\/\/www.onurkoserealestate.com\/de\/wp-json\/wp\/v2\/product_tag?post=3697"},{"taxonomy":"country","embeddable":true,"href":"https:\/\/www.onurkoserealestate.com\/de\/wp-json\/wp\/v2\/country?post=3697"},{"taxonomy":"district","embeddable":true,"href":"https:\/\/www.onurkoserealestate.com\/de\/wp-json\/wp\/v2\/district?post=3697"},{"taxonomy":"selling-type","embeddable":true,"href":"https:\/\/www.onurkoserealestate.com\/de\/wp-json\/wp\/v2\/selling-type?post=3697"},{"taxonomy":"property-type","embeddable":true,"href":"https:\/\/www.onurkoserealestate.com\/de\/wp-json\/wp\/v2\/property-type?post=3697"},{"taxonomy":"location","embeddable":true,"href":"https:\/\/www.onurkoserealestate.com\/de\/wp-json\/wp\/v2\/location?post=3697"},{"taxonomy":"property-city","embeddable":true,"href":"https:\/\/www.onurkoserealestate.com\/de\/wp-json\/wp\/v2\/property-city?post=3697"}],"curies":[{"name":"wp","href":"https:\/\/api.w.org\/{rel}","templated":true}]}}