{"id":3926,"date":"2024-05-27T13:37:53","date_gmt":"2024-05-27T13:37:53","guid":{"rendered":"https:\/\/www.onurkoserealestate.com\/product\/entdecken-sie-luxurioeses-wohnen-in-oba-alanya-exklusive-wohnungen-im-club-23-residences\/"},"modified":"2024-05-27T14:00:38","modified_gmt":"2024-05-27T14:00:38","slug":"entdecke-luxurioses-wohnen-in-oba-alanya-exklusive-apartments-im-club-23-residences","status":"publish","type":"product","link":"https:\/\/www.onurkoserealestate.com\/de\/product\/entdecken-sie-luxurioeses-wohnen-in-oba-alanya-exklusive-wohnungen-im-club-23-residences\/","title":{"rendered":"Entdecken Sie luxuri\u00f6ses Wohnen in Oba, Alanya: Exklusive Wohnungen im Club 23 Residences"},"content":{"rendered":"<p>Willkommen im Club 23 Residences, einem au\u00dfergew\u00f6hnlichen Wohnerlebnis im Herzen von Oba, Alanya. Das exklusive Projekt erstreckt sich \u00fcber eine Fl\u00e4che von 21.500 m\u00b2 und umfasst 11 Bl\u00f6cke mit insgesamt 203 sorgf\u00e4ltig gestalteten Wohnungen. Ob Sie nun eine gem\u00fctliche 1+1-Gartenwohnung oder ein ger\u00e4umiges 4+1-Duplex suchen, der Club 23 bietet eine Vielzahl von Grundrissen, die Ihren Bed\u00fcrfnissen entsprechen.<\/p>\n<p><strong>Key Features:<\/strong><\/p>\n<ul>\n<li><strong>Beste Lage:<\/strong> In unmittelbarer N\u00e4he befinden sich wichtige Einrichtungen wie der 3M-Migros-Markt (500 m), das Oba-Krankenhaus der Universit\u00e4t Ba\u015fkent (600 m) und der Strand (750 m).<\/li>\n<li><strong>Umfangreiche Annehmlichkeiten:<\/strong> Genie\u00dfen Sie den Zugang zu 975 m\u00b2 Sozialeinrichtungen im Innenbereich, darunter ein Frei- und Hallenbad, ein Fitnesscenter, eine Sauna, ein Hammam und vieles mehr.<\/li>\n<li><strong>Moderne Lebensr\u00e4ume: Jede Wohnung verf\u00fcgt \u00fcber ein Smart-Home-System, Fu\u00dfbodenheizung und eingebaute K\u00fcchenger\u00e4te.<\/strong> Die 2+1-, 3+1- und 4+1-Einheiten verf\u00fcgen \u00fcber einen oder zwei Stellpl\u00e4tze in der 9.200 m\u00b2 gro\u00dfen Tiefgarage mit 276 Stellpl\u00e4tzen.<\/li>\n<li><strong>Ungest\u00f6rte Aussichten:<\/strong> 95 % der Wohnungen bieten einen ungehinderten Blick, wobei das n\u00e4chste Geb\u00e4ude 54 Meter entfernt ist.<\/li>\n<li><strong>Sicher und bequem:<\/strong> Die Erschlie\u00dfung umfasst einen 24\/7-Sicherheitsdienst, Standortmanagement und eine unterbrechungsfreie Energieversorgung \u00fcber einen Generator.<\/li>\n<\/ul>\n<p><strong>H\u00f6hepunkte des Projekts:<\/strong><\/p>\n<ul>\n<li>Staatsb\u00fcrgerschaft und Aufenthaltsgenehmigung f\u00f6rderf\u00e4hig<\/li>\n<li>Unabh\u00e4ngige Insel mit drei umliegenden Stra\u00dfen und einer Hauptstra\u00dfe<\/li>\n<li>15.500 m\u00b2 Freifl\u00e4che mit umfangreicher, multifunktionaler Landschaftsgestaltung<\/li>\n<li>1.600 m\u00b2 Gewerbefl\u00e4che (Gesch\u00e4fte 23)<\/li>\n<li>Liefertermin: Dezember 2025<\/li>\n<\/ul>\n<p><strong>Die N\u00e4he zu wichtigen Standorten:<\/strong><\/p>\n<ul>\n<li>3M Migros-Markt: 500 Meter<\/li>\n<li>Ba\u015fkent Universit\u00e4t Oba Krankenhaus: 600 Meter<\/li>\n<li>Alanya Training and Research University Hospital: 650 meters<\/li>\n<li>TED Alanya College: 800 Meter<\/li>\n<li>Strand: 750 Meter<\/li>\n<li>Metro Grossmarket: 2 km<\/li>\n<li>Bahcesehir College: 1,2 km<\/li>\n<li>Do\u011fa College: 3,5 km<\/li>\n<li>Alanyum Einkaufszentrum: 1,8 km<\/li>\n<li>Klassisch Russische Schule: 3,9 km<\/li>\n<li>Alaaddin Keykubat Universit\u00e4t: 5.8 km<\/li>\n<li>Alanya Burg: 5,5 km<\/li>\n<li>Gazipa\u015fa\/Alanya Airport: 35 km<\/li>\n<\/ul>\n<p><strong>Soziale Einrichtungen:<\/strong><\/p>\n<ul>\n<li>Freibad<\/li>\n<li>Hallenbad<\/li>\n<li>Kinderbecken<\/li>\n<li>Fitness-Studio<\/li>\n<li>Hamam<\/li>\n<li>Sauna<\/li>\n<li>Dampfbad<\/li>\n<li>Massager\u00e4ume<\/li>\n<li>Entspannungsbereich<\/li>\n<li>Kalte Dusche<\/li>\n<li>Cafe<\/li>\n<li>Spielzimmer f\u00fcr Kinder<\/li>\n<\/ul>\n<p><strong>Eigenschaften der Wohnung:<\/strong><\/p>\n<ul>\n<li>Intelligentes Heimsystem<\/li>\n<li>Fu\u00dfbodenheizung<\/li>\n<li>Video-Gegensprechanlage<\/li>\n<li>Einbauk\u00fcche (Dunstabzugshaube, Backofen, Herd)<\/li>\n<li>K\u00fcchenschr\u00e4nke, Badezimmerschr\u00e4nke, Kleiderschr\u00e4nke<\/li>\n<li>Klimatisierungsinfrastruktur f\u00fcr jeden Raum<\/li>\n<li>WiFi-, Satelliten- und TV-Infrastruktur<\/li>\n<li>Ein Stellplatz f\u00fcr 1+1 und 2+1 Wohnungen, zwei Stellpl\u00e4tze f\u00fcr 3+1 und 4+1 Wohnungen<\/li>\n<\/ul>\n","protected":false},"excerpt":{"rendered":"<p>Willkommen im Club 23 Residences, einem au\u00dfergew\u00f6hnlichen Wohnerlebnis im Herzen von Oba, Alanya. Das exklusive Projekt erstreckt sich \u00fcber eine<\/p>\n","protected":false},"featured_media":3747,"comment_status":"open","ping_status":"closed","template":"","meta":[],"product_cat":[96,102,99,90,93,87],"product_tag":[],"country":[144],"district":[156],"selling-type":[155,150],"property-type":[126],"location":[142],"property-city":[143],"class_list":{"0":"post-3926","1":"product","2":"type-product","3":"status-publish","4":"has-post-thumbnail","6":"product_cat-aufenthaltsgenehmigung","7":"product_cat-geeignet-fuer-wohnsitz","8":"product_cat-meerblick","9":"product_cat-online-rundgang","10":"product_cat-pool-ansicht","11":"product_cat-ratenzahlung","12":"country-turkey-de","13":"district-oba-de","14":"selling-type-im-bau-befindliche-projekte","15":"selling-type-projekte","16":"property-type-apartment-de","17":"location-alanya-de","18":"property-city-antalya-de","20":"first","21":"instock","22":"shipping-taxable","23":"purchasable","24":"product-type-simple"},"_links":{"self":[{"href":"https:\/\/www.onurkoserealestate.com\/de\/wp-json\/wp\/v2\/product\/3926","targetHints":{"allow":["GET"]}}],"collection":[{"href":"https:\/\/www.onurkoserealestate.com\/de\/wp-json\/wp\/v2\/product"}],"about":[{"href":"https:\/\/www.onurkoserealestate.com\/de\/wp-json\/wp\/v2\/types\/product"}],"replies":[{"embeddable":true,"href":"https:\/\/www.onurkoserealestate.com\/de\/wp-json\/wp\/v2\/comments?post=3926"}],"wp:featuredmedia":[{"embeddable":true,"href":"https:\/\/www.onurkoserealestate.com\/de\/wp-json\/wp\/v2\/media\/3747"}],"wp:attachment":[{"href":"https:\/\/www.onurkoserealestate.com\/de\/wp-json\/wp\/v2\/media?parent=3926"}],"wp:term":[{"taxonomy":"product_cat","embeddable":true,"href":"https:\/\/www.onurkoserealestate.com\/de\/wp-json\/wp\/v2\/product_cat?post=3926"},{"taxonomy":"product_tag","embeddable":true,"href":"https:\/\/www.onurkoserealestate.com\/de\/wp-json\/wp\/v2\/product_tag?post=3926"},{"taxonomy":"country","embeddable":true,"href":"https:\/\/www.onurkoserealestate.com\/de\/wp-json\/wp\/v2\/country?post=3926"},{"taxonomy":"district","embeddable":true,"href":"https:\/\/www.onurkoserealestate.com\/de\/wp-json\/wp\/v2\/district?post=3926"},{"taxonomy":"selling-type","embeddable":true,"href":"https:\/\/www.onurkoserealestate.com\/de\/wp-json\/wp\/v2\/selling-type?post=3926"},{"taxonomy":"property-type","embeddable":true,"href":"https:\/\/www.onurkoserealestate.com\/de\/wp-json\/wp\/v2\/property-type?post=3926"},{"taxonomy":"location","embeddable":true,"href":"https:\/\/www.onurkoserealestate.com\/de\/wp-json\/wp\/v2\/location?post=3926"},{"taxonomy":"property-city","embeddable":true,"href":"https:\/\/www.onurkoserealestate.com\/de\/wp-json\/wp\/v2\/property-city?post=3926"}],"curies":[{"name":"wp","href":"https:\/\/api.w.org\/{rel}","templated":true}]}}