{"id":4019,"date":"2024-05-28T10:02:39","date_gmt":"2024-05-28T10:02:39","guid":{"rendered":"https:\/\/www.onurkoserealestate.com\/product\/moeblierte-11-wohnung-zu-verkaufen-in-cikcilli-alanya\/"},"modified":"2024-05-28T10:02:39","modified_gmt":"2024-05-28T10:02:39","slug":"moblierte-11-wohnung-zu-verkaufen-in-cikcilli-alanya","status":"publish","type":"product","link":"https:\/\/www.onurkoserealestate.com\/de\/product\/moblierte-11-wohnung-zu-verkaufen-in-cikcilli-alanya\/","title":{"rendered":"M\u00f6blierte 1+1 Wohnung zu verkaufen in Cikcilli &#8211; Alanya"},"content":{"rendered":"<p>Entdecken Sie die perfekte Mischung aus Komfort und Luxus in diesem m\u00f6blierten 1+1-Apartment im 8. Stock des prestigetr\u00e4chtigen Crystal Park-Komplexes in Cikcilli, Alanya. Dieses 70 Quadratmeter gro\u00dfe, nach S\u00fcden ausgerichtete Apartment bietet viel Tageslicht und verf\u00fcgt \u00fcber einen Balkon und ein Badezimmer.<\/p>\n<p><strong>Eigenschaften der Wohnung:<\/strong><\/p>\n<ul>\n<li><strong>Gr\u00f6\u00dfe:<\/strong> 70 m\u00b2<\/li>\n<li><strong>R\u00e4ume:<\/strong> 1 Schlafzimmer, 1 Badezimmer<\/li>\n<li><strong>Orientierung:<\/strong> Nach S\u00fcden ausgerichtet<\/li>\n<li><strong>Boden:<\/strong> 8th<\/li>\n<li><strong>Voll m\u00f6bliert:<\/strong> Beinhaltet alle M\u00f6bel und Haushaltsger\u00e4te<\/li>\n<\/ul>\n<p><strong>Annehmlichkeiten vor Ort:<\/strong> Crystal Park bietet eine Reihe erstklassiger Annehmlichkeiten, die auf alle Ihre Bed\u00fcrfnisse zugeschnitten sind<\/p>\n<ul>\n<li>Aussen Pool<\/li>\n<li>Hallenbad<\/li>\n<li>Wasserpark<\/li>\n<li>T\u00fcrkisches Bad<\/li>\n<li>das Fitnesszentrum<\/li>\n<li>Sauna<\/li>\n<li>Massager\u00e4ume<\/li>\n<li>Restaurant<\/li>\n<li>Kinderspielplatz<\/li>\n<li>Spielzimmer f\u00fcr Kinder<\/li>\n<li>Cinema<\/li>\n<li>Bowling<\/li>\n<li>Tischfussball<\/li>\n<li>Billard<\/li>\n<li>PlayStation Room<\/li>\n<li>Fu\u00dfballfeld<\/li>\n<li>Tennisplatz<\/li>\n<li>BBQ<\/li>\n<li>Gazebo<\/li>\n<li>Parkplatz<\/li>\n<li>Generator<\/li>\n<li>24\/7 Security<\/li>\n<li>Kamerasystem<\/li>\n<\/ul>\n<p>Diese Wohnung eignet sich sowohl zum Wohnen als auch zum Investieren und bietet einen komfortablen Lebensstil in einer sicheren und gepflegten Anlage. Genie\u00dfen Sie die lebendige Gemeinschaft und die au\u00dfergew\u00f6hnlichen Einrichtungen im Crystal Park, der g\u00fcnstig in der N\u00e4he von \u00f6rtlichen Gesch\u00e4ften, Restaurants und \u00f6ffentlichen Verkehrsmitteln liegt.<\/p>\n","protected":false},"excerpt":{"rendered":"<p>Entdecken Sie die perfekte Mischung aus Komfort und Luxus in diesem m\u00f6blierten 1+1-Apartment im 8. Stock des prestigetr\u00e4chtigen Crystal Park-Komplexes<\/p>\n","protected":false},"featured_media":4015,"comment_status":"open","ping_status":"closed","template":"","meta":[],"product_cat":[96,99,90],"product_tag":[],"country":[144],"district":[145],"selling-type":[141],"property-type":[126],"location":[142],"property-city":[143],"class_list":{"0":"post-4019","1":"product","2":"type-product","3":"status-publish","4":"has-post-thumbnail","6":"product_cat-aufenthaltsgenehmigung","7":"product_cat-meerblick","8":"product_cat-online-rundgang","9":"country-turkey-de","10":"district-cikcilli-de","11":"selling-type-wiederverkauf","12":"property-type-apartment-de","13":"location-alanya-de","14":"property-city-antalya-de","16":"first","17":"instock","18":"shipping-taxable","19":"purchasable","20":"product-type-simple"},"_links":{"self":[{"href":"https:\/\/www.onurkoserealestate.com\/de\/wp-json\/wp\/v2\/product\/4019","targetHints":{"allow":["GET"]}}],"collection":[{"href":"https:\/\/www.onurkoserealestate.com\/de\/wp-json\/wp\/v2\/product"}],"about":[{"href":"https:\/\/www.onurkoserealestate.com\/de\/wp-json\/wp\/v2\/types\/product"}],"replies":[{"embeddable":true,"href":"https:\/\/www.onurkoserealestate.com\/de\/wp-json\/wp\/v2\/comments?post=4019"}],"wp:featuredmedia":[{"embeddable":true,"href":"https:\/\/www.onurkoserealestate.com\/de\/wp-json\/wp\/v2\/media\/4015"}],"wp:attachment":[{"href":"https:\/\/www.onurkoserealestate.com\/de\/wp-json\/wp\/v2\/media?parent=4019"}],"wp:term":[{"taxonomy":"product_cat","embeddable":true,"href":"https:\/\/www.onurkoserealestate.com\/de\/wp-json\/wp\/v2\/product_cat?post=4019"},{"taxonomy":"product_tag","embeddable":true,"href":"https:\/\/www.onurkoserealestate.com\/de\/wp-json\/wp\/v2\/product_tag?post=4019"},{"taxonomy":"country","embeddable":true,"href":"https:\/\/www.onurkoserealestate.com\/de\/wp-json\/wp\/v2\/country?post=4019"},{"taxonomy":"district","embeddable":true,"href":"https:\/\/www.onurkoserealestate.com\/de\/wp-json\/wp\/v2\/district?post=4019"},{"taxonomy":"selling-type","embeddable":true,"href":"https:\/\/www.onurkoserealestate.com\/de\/wp-json\/wp\/v2\/selling-type?post=4019"},{"taxonomy":"property-type","embeddable":true,"href":"https:\/\/www.onurkoserealestate.com\/de\/wp-json\/wp\/v2\/property-type?post=4019"},{"taxonomy":"location","embeddable":true,"href":"https:\/\/www.onurkoserealestate.com\/de\/wp-json\/wp\/v2\/location?post=4019"},{"taxonomy":"property-city","embeddable":true,"href":"https:\/\/www.onurkoserealestate.com\/de\/wp-json\/wp\/v2\/property-city?post=4019"}],"curies":[{"name":"wp","href":"https:\/\/api.w.org\/{rel}","templated":true}]}}