{"id":4798,"date":"2024-06-07T10:28:40","date_gmt":"2024-06-07T10:28:40","guid":{"rendered":"https:\/\/www.onurkoserealestate.com\/product\/garten-doppelhaushaelfte-in-hasbahce\/"},"modified":"2024-06-07T10:28:40","modified_gmt":"2024-06-07T10:28:40","slug":"garden-duplex-in-hasbahce","status":"publish","type":"product","link":"https:\/\/www.onurkoserealestate.com\/de\/product\/garden-duplex-in-hasbahce\/","title":{"rendered":"Garten-Doppelhaush\u00e4lfte in Hasbah\u00e7e"},"content":{"rendered":"<p>Dieses 160 Quadratmeter gro\u00dfe Garten-Duplex befindet sich in Hasbah\u00e7e und verf\u00fcgt \u00fcber 3 Schlafzimmer und eine separate K\u00fcche. Es bietet Annehmlichkeiten wie einen Parkplatz, einen Garten und einen Pool, und alle Fenster sind mit automatischen Jalousien ausgestattet. Mit seiner nach S\u00fcdwesten ausgerichteten Fassade bietet es einen Blick auf das Meer und die Stadt. Es befindet sich im vierten Stock eines sechs Jahre alten Geb\u00e4udes und ist nur 2,5 Kilometer vom Meer entfernt. Dar\u00fcber hinaus k\u00f6nnen Sie die Dienste eines Concierge und Aufzug innerhalb des Komplexes f\u00fcr eine monatliche Geb\u00fchr Zahlung von 300 TL genie\u00dfen.<\/p>\n","protected":false},"excerpt":{"rendered":"<p>Dieses 160 Quadratmeter gro\u00dfe Garten-Duplex befindet sich in Hasbah\u00e7e und verf\u00fcgt \u00fcber 3 Schlafzimmer und eine separate K\u00fcche. Es bietet<\/p>\n","protected":false},"featured_media":4559,"comment_status":"open","ping_status":"closed","template":"","meta":[],"product_cat":[85,99,79],"product_tag":[],"country":[144],"district":[167],"selling-type":[141],"property-type":[126],"location":[142],"property-city":[143],"class_list":{"0":"post-4798","1":"product","2":"type-product","3":"status-publish","4":"has-post-thumbnail","6":"product_cat-heises-angebot","7":"product_cat-meerblick","8":"product_cat-schloss-ansicht","9":"country-turkey-de","10":"district-hasbahce-de","11":"selling-type-wiederverkauf","12":"property-type-apartment-de","13":"location-alanya-de","14":"property-city-antalya-de","16":"first","17":"instock","18":"shipping-taxable","19":"purchasable","20":"product-type-simple"},"_links":{"self":[{"href":"https:\/\/www.onurkoserealestate.com\/de\/wp-json\/wp\/v2\/product\/4798","targetHints":{"allow":["GET"]}}],"collection":[{"href":"https:\/\/www.onurkoserealestate.com\/de\/wp-json\/wp\/v2\/product"}],"about":[{"href":"https:\/\/www.onurkoserealestate.com\/de\/wp-json\/wp\/v2\/types\/product"}],"replies":[{"embeddable":true,"href":"https:\/\/www.onurkoserealestate.com\/de\/wp-json\/wp\/v2\/comments?post=4798"}],"wp:featuredmedia":[{"embeddable":true,"href":"https:\/\/www.onurkoserealestate.com\/de\/wp-json\/wp\/v2\/media\/4559"}],"wp:attachment":[{"href":"https:\/\/www.onurkoserealestate.com\/de\/wp-json\/wp\/v2\/media?parent=4798"}],"wp:term":[{"taxonomy":"product_cat","embeddable":true,"href":"https:\/\/www.onurkoserealestate.com\/de\/wp-json\/wp\/v2\/product_cat?post=4798"},{"taxonomy":"product_tag","embeddable":true,"href":"https:\/\/www.onurkoserealestate.com\/de\/wp-json\/wp\/v2\/product_tag?post=4798"},{"taxonomy":"country","embeddable":true,"href":"https:\/\/www.onurkoserealestate.com\/de\/wp-json\/wp\/v2\/country?post=4798"},{"taxonomy":"district","embeddable":true,"href":"https:\/\/www.onurkoserealestate.com\/de\/wp-json\/wp\/v2\/district?post=4798"},{"taxonomy":"selling-type","embeddable":true,"href":"https:\/\/www.onurkoserealestate.com\/de\/wp-json\/wp\/v2\/selling-type?post=4798"},{"taxonomy":"property-type","embeddable":true,"href":"https:\/\/www.onurkoserealestate.com\/de\/wp-json\/wp\/v2\/property-type?post=4798"},{"taxonomy":"location","embeddable":true,"href":"https:\/\/www.onurkoserealestate.com\/de\/wp-json\/wp\/v2\/location?post=4798"},{"taxonomy":"property-city","embeddable":true,"href":"https:\/\/www.onurkoserealestate.com\/de\/wp-json\/wp\/v2\/property-city?post=4798"}],"curies":[{"name":"wp","href":"https:\/\/api.w.org\/{rel}","templated":true}]}}