{"id":4799,"date":"2024-06-06T10:18:18","date_gmt":"2024-06-06T10:18:18","guid":{"rendered":"https:\/\/www.onurkoserealestate.com\/product\/annehmlichkeiten-im-upper-oba-neighborhood-complex\/"},"modified":"2024-06-06T10:18:18","modified_gmt":"2024-06-06T10:18:18","slug":"einrichtungen-im-oberen-oba-nachbarschaftskomplex","status":"publish","type":"product","link":"https:\/\/www.onurkoserealestate.com\/de\/product\/einrichtungen-im-oberen-oba-nachbarschaftskomplex\/","title":{"rendered":"Annehmlichkeiten im Upper Oba Neighborhood Complex"},"content":{"rendered":"<p>Diese 2+1-Wohnung mit offener K\u00fcche erstreckt sich \u00fcber 85 Quadratmeter. Sie befindet sich im 3. Stock, ist unm\u00f6bliert und hat eine Nord-, Ost- und S\u00fcdausrichtung. Das Geb\u00e4ude selbst ist erst 1 Jahr alt und liegt nur 3 Kilometer vom Meer entfernt. Innerhalb des Komplexes haben die Bewohner Zugang zu einem Pool, Parkm\u00f6glichkeiten und einem Aufzug.<\/p>\n","protected":false},"excerpt":{"rendered":"<p>Diese 2+1-Wohnung mit offener K\u00fcche erstreckt sich \u00fcber 85 Quadratmeter. Sie befindet sich im 3. Stock, ist unm\u00f6bliert und hat<\/p>\n","protected":false},"featured_media":4428,"comment_status":"open","ping_status":"closed","template":"","meta":[],"product_cat":[85],"product_tag":[],"country":[144],"district":[169],"selling-type":[141],"property-type":[126],"location":[142],"property-city":[143],"class_list":{"0":"post-4799","1":"product","2":"type-product","3":"status-publish","4":"has-post-thumbnail","6":"product_cat-heises-angebot","7":"country-turkey-de","8":"district-ciplakli-de","9":"selling-type-wiederverkauf","10":"property-type-apartment-de","11":"location-alanya-de","12":"property-city-antalya-de","14":"first","15":"instock","16":"shipping-taxable","17":"purchasable","18":"product-type-simple"},"_links":{"self":[{"href":"https:\/\/www.onurkoserealestate.com\/de\/wp-json\/wp\/v2\/product\/4799","targetHints":{"allow":["GET"]}}],"collection":[{"href":"https:\/\/www.onurkoserealestate.com\/de\/wp-json\/wp\/v2\/product"}],"about":[{"href":"https:\/\/www.onurkoserealestate.com\/de\/wp-json\/wp\/v2\/types\/product"}],"replies":[{"embeddable":true,"href":"https:\/\/www.onurkoserealestate.com\/de\/wp-json\/wp\/v2\/comments?post=4799"}],"wp:featuredmedia":[{"embeddable":true,"href":"https:\/\/www.onurkoserealestate.com\/de\/wp-json\/wp\/v2\/media\/4428"}],"wp:attachment":[{"href":"https:\/\/www.onurkoserealestate.com\/de\/wp-json\/wp\/v2\/media?parent=4799"}],"wp:term":[{"taxonomy":"product_cat","embeddable":true,"href":"https:\/\/www.onurkoserealestate.com\/de\/wp-json\/wp\/v2\/product_cat?post=4799"},{"taxonomy":"product_tag","embeddable":true,"href":"https:\/\/www.onurkoserealestate.com\/de\/wp-json\/wp\/v2\/product_tag?post=4799"},{"taxonomy":"country","embeddable":true,"href":"https:\/\/www.onurkoserealestate.com\/de\/wp-json\/wp\/v2\/country?post=4799"},{"taxonomy":"district","embeddable":true,"href":"https:\/\/www.onurkoserealestate.com\/de\/wp-json\/wp\/v2\/district?post=4799"},{"taxonomy":"selling-type","embeddable":true,"href":"https:\/\/www.onurkoserealestate.com\/de\/wp-json\/wp\/v2\/selling-type?post=4799"},{"taxonomy":"property-type","embeddable":true,"href":"https:\/\/www.onurkoserealestate.com\/de\/wp-json\/wp\/v2\/property-type?post=4799"},{"taxonomy":"location","embeddable":true,"href":"https:\/\/www.onurkoserealestate.com\/de\/wp-json\/wp\/v2\/location?post=4799"},{"taxonomy":"property-city","embeddable":true,"href":"https:\/\/www.onurkoserealestate.com\/de\/wp-json\/wp\/v2\/property-city?post=4799"}],"curies":[{"name":"wp","href":"https:\/\/api.w.org\/{rel}","templated":true}]}}