{"id":5167,"date":"2024-06-25T12:22:09","date_gmt":"2024-06-25T12:22:09","guid":{"rendered":"https:\/\/www.onurkoserealestate.com\/product\/luxus-und-komfort-erwarten-sie-in-kestel-21-duplex-wohnung\/"},"modified":"2024-06-25T12:22:09","modified_gmt":"2024-06-25T12:22:09","slug":"luxus-und-komfort-wartezeit-im-kestel-21-duplex-appartement","status":"publish","type":"product","link":"https:\/\/www.onurkoserealestate.com\/de\/product\/luxus-und-komfort-wartezeit-im-kestel-21-duplex-appartement\/","title":{"rendered":"Luxus und Komfort erwarten Sie in Kestel: 2+1 Duplex-Wohnung"},"content":{"rendered":"<p class=\"first-token\" data-sourcepos=\"1:1-1:16\">Dieses atemberaubende 2+1 Duplex-Apartment in Kestel bietet mit seinen gro\u00dfz\u00fcgigen 186 Quadratmetern Wohnfl\u00e4che ein luxuri\u00f6ses Wohnerlebnis. Die Wohnung befindet sich im 5. Stock eines modernen 5-st\u00f6ckigen Geb\u00e4udes und verf\u00fcgt \u00fcber eine dreifache Aussicht, die nach Norden, Osten und Westen gerichtet ist und viel nat\u00fcrliches Licht und sch\u00f6ne Bergblicke bietet.<\/p>\n<p data-sourcepos=\"3:1-3:145\">Die Wohnung ist komplett m\u00f6bliert und verf\u00fcgt \u00fcber einen privaten Balkon, auf dem Sie die frische Luft und die sch\u00f6ne Aussicht genie\u00dfen k\u00f6nnen. Obwohl die Anlage nur 700 Meter vom glitzernden Mittelmeer entfernt ist, bietet sie eine F\u00fclle von Annehmlichkeiten, darunter Innen- und Au\u00dfenschwimmb\u00e4der, einen Wasserpark, Spielpl\u00e4tze f\u00fcr Kinder jeden Alters und ein Fitnesscenter.<\/p>\n<p data-sourcepos=\"5:1-5:387\">F\u00fcr v\u00f6llige Entspannung k\u00f6nnen Sie sich in der Sauna, im Dampfbad oder im Whirlpool entspannen oder sich bei einer Massage verw\u00f6hnen lassen. Fordern Sie Ihre Freunde zu einer Partie Billard, Tischtennis oder Playstation heraus, oder sehen Sie sich einen Film im hauseigenen Kino an. Die Anlage bietet auch einen Markt f\u00fcr den t\u00e4glichen Bedarf, ein Bistro-Caf\u00e9 f\u00fcr zwangloses Essen und Wi-Fi im gesamten Geb\u00e4ude. Machen Sie sich keine Sorgen \u00fcber Stromausf\u00e4lle mit dem Generator des Komplexes und f\u00fchlen Sie sich sicher mit 24\/7 Sicherheit.<\/p>\n<p data-sourcepos=\"7:1-7:108\">Diese luxuri\u00f6se Maisonette-Wohnung mit einer F\u00fclle von Annehmlichkeiten ist der perfekte Ort, um sich in Kestel niederzulassen.<\/p>\n","protected":false},"excerpt":{"rendered":"<p>Dieses atemberaubende 2+1 Duplex-Apartment in Kestel bietet mit seinen gro\u00dfz\u00fcgigen 186 Quadratmetern Wohnfl\u00e4che ein luxuri\u00f6ses Wohnerlebnis. Die Wohnung befindet sich<\/p>\n","protected":false},"featured_media":5059,"comment_status":"open","ping_status":"closed","template":"","meta":[],"product_cat":[85,99,93],"product_tag":[],"country":[144],"district":[175],"selling-type":[141],"property-type":[126],"location":[142],"property-city":[143],"class_list":{"0":"post-5167","1":"product","2":"type-product","3":"status-publish","4":"has-post-thumbnail","6":"product_cat-heises-angebot","7":"product_cat-meerblick","8":"product_cat-pool-ansicht","9":"country-turkey-de","10":"district-kestel-de","11":"selling-type-wiederverkauf","12":"property-type-apartment-de","13":"location-alanya-de","14":"property-city-antalya-de","16":"first","17":"instock","18":"shipping-taxable","19":"purchasable","20":"product-type-simple"},"_links":{"self":[{"href":"https:\/\/www.onurkoserealestate.com\/de\/wp-json\/wp\/v2\/product\/5167","targetHints":{"allow":["GET"]}}],"collection":[{"href":"https:\/\/www.onurkoserealestate.com\/de\/wp-json\/wp\/v2\/product"}],"about":[{"href":"https:\/\/www.onurkoserealestate.com\/de\/wp-json\/wp\/v2\/types\/product"}],"replies":[{"embeddable":true,"href":"https:\/\/www.onurkoserealestate.com\/de\/wp-json\/wp\/v2\/comments?post=5167"}],"wp:featuredmedia":[{"embeddable":true,"href":"https:\/\/www.onurkoserealestate.com\/de\/wp-json\/wp\/v2\/media\/5059"}],"wp:attachment":[{"href":"https:\/\/www.onurkoserealestate.com\/de\/wp-json\/wp\/v2\/media?parent=5167"}],"wp:term":[{"taxonomy":"product_cat","embeddable":true,"href":"https:\/\/www.onurkoserealestate.com\/de\/wp-json\/wp\/v2\/product_cat?post=5167"},{"taxonomy":"product_tag","embeddable":true,"href":"https:\/\/www.onurkoserealestate.com\/de\/wp-json\/wp\/v2\/product_tag?post=5167"},{"taxonomy":"country","embeddable":true,"href":"https:\/\/www.onurkoserealestate.com\/de\/wp-json\/wp\/v2\/country?post=5167"},{"taxonomy":"district","embeddable":true,"href":"https:\/\/www.onurkoserealestate.com\/de\/wp-json\/wp\/v2\/district?post=5167"},{"taxonomy":"selling-type","embeddable":true,"href":"https:\/\/www.onurkoserealestate.com\/de\/wp-json\/wp\/v2\/selling-type?post=5167"},{"taxonomy":"property-type","embeddable":true,"href":"https:\/\/www.onurkoserealestate.com\/de\/wp-json\/wp\/v2\/property-type?post=5167"},{"taxonomy":"location","embeddable":true,"href":"https:\/\/www.onurkoserealestate.com\/de\/wp-json\/wp\/v2\/location?post=5167"},{"taxonomy":"property-city","embeddable":true,"href":"https:\/\/www.onurkoserealestate.com\/de\/wp-json\/wp\/v2\/property-city?post=5167"}],"curies":[{"name":"wp","href":"https:\/\/api.w.org\/{rel}","templated":true}]}}