{"id":5668,"date":"2024-07-01T09:44:59","date_gmt":"2024-07-01T09:44:59","guid":{"rendered":"https:\/\/www.onurkoserealestate.com\/product\/zeitgemaesses-11-apartment-mit-erstklassiger-ausstattung-in-meeresnaehe\/"},"modified":"2024-07-01T09:44:59","modified_gmt":"2024-07-01T09:44:59","slug":"contemporary-11-apartment-with-premium-facilities-near-the-sea","status":"publish","type":"product","link":"https:\/\/www.onurkoserealestate.com\/de\/product\/contemporary-11-apartment-with-premium-facilities-near-the-sea\/","title":{"rendered":"Zeitgem\u00e4\u00dfes 1+1 Apartment mit erstklassiger Ausstattung in Meeresn\u00e4he"},"content":{"rendered":"<p>Diese m\u00f6blierte 1+1 Wohnung erstreckt sich \u00fcber 55 Quadratmeter im zweiten Stock eines 2021 fertiggestellten Geb\u00e4udes. Es verf\u00fcgt \u00fcber eine offene K\u00fcche und genie\u00dft eine S\u00fcd-Ost-Fassade, die \u00fcberall nat\u00fcrliches Licht bietet. Die Anlage liegt nur 550 Meter vom Meer entfernt und bietet moderne Annehmlichkeiten wie einen Pool, ein Fitnesscenter, eine Sauna, einen Hammam, einen Spielplatz und einen Generator, um den Bewohnern Komfort und Bequemlichkeit zu bieten.<\/p>\n","protected":false},"excerpt":{"rendered":"<p>Diese m\u00f6blierte 1+1 Wohnung erstreckt sich \u00fcber 55 Quadratmeter im zweiten Stock eines 2021 fertiggestellten Geb\u00e4udes. Es verf\u00fcgt \u00fcber eine<\/p>\n","protected":false},"featured_media":5661,"comment_status":"open","ping_status":"closed","template":"","meta":[],"product_cat":[85],"product_tag":[],"country":[144],"district":[185],"selling-type":[141],"property-type":[126],"location":[142],"property-city":[143],"class_list":{"0":"post-5668","1":"product","2":"type-product","3":"status-publish","4":"has-post-thumbnail","6":"product_cat-heises-angebot","7":"country-turkey-de","8":"district-mahmutlar-de","9":"selling-type-wiederverkauf","10":"property-type-apartment-de","11":"location-alanya-de","12":"property-city-antalya-de","14":"first","15":"instock","16":"shipping-taxable","17":"purchasable","18":"product-type-simple"},"_links":{"self":[{"href":"https:\/\/www.onurkoserealestate.com\/de\/wp-json\/wp\/v2\/product\/5668","targetHints":{"allow":["GET"]}}],"collection":[{"href":"https:\/\/www.onurkoserealestate.com\/de\/wp-json\/wp\/v2\/product"}],"about":[{"href":"https:\/\/www.onurkoserealestate.com\/de\/wp-json\/wp\/v2\/types\/product"}],"replies":[{"embeddable":true,"href":"https:\/\/www.onurkoserealestate.com\/de\/wp-json\/wp\/v2\/comments?post=5668"}],"wp:featuredmedia":[{"embeddable":true,"href":"https:\/\/www.onurkoserealestate.com\/de\/wp-json\/wp\/v2\/media\/5661"}],"wp:attachment":[{"href":"https:\/\/www.onurkoserealestate.com\/de\/wp-json\/wp\/v2\/media?parent=5668"}],"wp:term":[{"taxonomy":"product_cat","embeddable":true,"href":"https:\/\/www.onurkoserealestate.com\/de\/wp-json\/wp\/v2\/product_cat?post=5668"},{"taxonomy":"product_tag","embeddable":true,"href":"https:\/\/www.onurkoserealestate.com\/de\/wp-json\/wp\/v2\/product_tag?post=5668"},{"taxonomy":"country","embeddable":true,"href":"https:\/\/www.onurkoserealestate.com\/de\/wp-json\/wp\/v2\/country?post=5668"},{"taxonomy":"district","embeddable":true,"href":"https:\/\/www.onurkoserealestate.com\/de\/wp-json\/wp\/v2\/district?post=5668"},{"taxonomy":"selling-type","embeddable":true,"href":"https:\/\/www.onurkoserealestate.com\/de\/wp-json\/wp\/v2\/selling-type?post=5668"},{"taxonomy":"property-type","embeddable":true,"href":"https:\/\/www.onurkoserealestate.com\/de\/wp-json\/wp\/v2\/property-type?post=5668"},{"taxonomy":"location","embeddable":true,"href":"https:\/\/www.onurkoserealestate.com\/de\/wp-json\/wp\/v2\/location?post=5668"},{"taxonomy":"property-city","embeddable":true,"href":"https:\/\/www.onurkoserealestate.com\/de\/wp-json\/wp\/v2\/property-city?post=5668"}],"curies":[{"name":"wp","href":"https:\/\/api.w.org\/{rel}","templated":true}]}}