{"id":6771,"date":"2024-07-02T08:30:29","date_gmt":"2024-07-02T08:30:29","guid":{"rendered":"https:\/\/www.onurkoserealestate.com\/product\/next-life-projekt-in-ciplakli-alanya-luxurioeses-wohnen-in-der-naehe-der-universitaet\/"},"modified":"2025-06-16T07:53:27","modified_gmt":"2025-06-16T07:53:27","slug":"next-life-project-in-ciplakli-alanya-luxurioses-wohnen-neben-der-universitat","status":"publish","type":"product","link":"https:\/\/www.onurkoserealestate.com\/de\/product\/next-life-project-in-ciplakli-alanya-luxurioses-wohnen-neben-der-universitat\/","title":{"rendered":"Next Life Projekt in \u00c7\u0131plakl\u0131, Alanya &#8211; Luxuri\u00f6ses Wohnen in der N\u00e4he der Universit\u00e4t"},"content":{"rendered":"<h3>INFORMATIONEN ZUM PROJEKT NEXT LIFE<\/h3>\n<p>Unser Projekt befindet sich im Stadtteil \u00c7\u0131plakl\u0131, in der N\u00e4he des Campus der Alaaddin Keykubat Universit\u00e4t. Wir bieten Wohnungen mit Natur- und Meerblick an. <\/p>\n<p>Das Projekt wird auf einer Fl\u00e4che von 3585 m\u00b2 auf der Parzelle 234 Ada 9 errichtet, die aus 2 Bl\u00f6cken und 5 Stockwerken besteht, und von Gr\u00fcnfl\u00e4chen umgeben sein. Der Komplex besteht aus insgesamt 43 Wohnungen und 4 Gesch\u00e4ften. Zu den Wohnungstypen geh\u00f6ren 2+1 mit amerikanischer K\u00fcche, 2+1 mit separater K\u00fcche, 3+1 Duplex.  <\/p>\n<p>Die Anlage bietet den Bewohnern eine komplette Infrastruktur, um sich zu entspannen und ihre Zeit zu genie\u00dfen, einschlie\u00dflich Spazierwegen, Sitzbereichen und Grillpl\u00e4tzen. Die Gemeinschaftsr\u00e4ume werden mit hochwertigen, modernen Materialien und in einem innovativen Stil gestaltet. Jede Wohnung wird mit einem Hydrophor, einem Generator und einer Warmwasserheizung ausgestattet sein.  <\/p>\n<p>Dieses Projekt ist eine ausgezeichnete Wahl f\u00fcr das Leben mit der Familie, f\u00fcr den Urlaub und f\u00fcr Investitionen. Nehmen Sie Kontakt mit uns auf, um mehr zu erfahren und die beste Option zum attraktivsten Preis zu reservieren. <\/p>\n<h3>SOZIALE BEREICHE:<\/h3>\n<ul>\n<li>Au\u00dfenpool (halb-olympisch 80 m\u00b2)<\/li>\n<li>das Fitnesszentrum<\/li>\n<li>Lobby<\/li>\n<li>Spielzimmer<\/li>\n<li>Innen- und Au\u00dfenspielbereiche<\/li>\n<li>Offenes Parken (plattenerkanntes Schranken-System)<\/li>\n<li>BBQ und Entspannungsbereich<\/li>\n<li>Wanderweg<\/li>\n<li>Fahrradparken<\/li>\n<li>Stromerzeuger<\/li>\n<li>Hydrophore<\/li>\n<li>Durchlauferhitzer<\/li>\n<li>Aufzug<\/li>\n<li>24\/7 Sicherheitskamerasystem<\/li>\n<\/ul>\n<h3>Datum des Projektbeginns: Juni 2025<\/h3>\n<h3>Datum der Projektfertigstellung: Dezember 2027<\/h3>\n<h3>ZAHLUNGSPLAN:<\/h3>\n<ul>\n<li><strong>Down Payment:<\/strong> 30%<\/li>\n<li><strong>Remaining Amount:<\/strong> Payable in 36 monthly installments<\/li>\n<\/ul>\n<p>Nehmen Sie Kontakt mit uns auf, um weitere Einzelheiten zu erfahren und sich die beste Option zum g\u00fcnstigsten Preis zu sichern.<\/p>\n","protected":false},"excerpt":{"rendered":"<p>INFORMATIONEN ZUM PROJEKT NEXT LIFE Unser Projekt befindet sich im Stadtteil \u00c7\u0131plakl\u0131, in der N\u00e4he des Campus der Alaaddin Keykubat<\/p>\n","protected":false},"featured_media":6475,"comment_status":"open","ping_status":"closed","template":"","meta":[],"product_cat":[85,99,90,93,87],"product_tag":[],"country":[144],"district":[169],"selling-type":[155,150],"property-type":[126],"location":[142],"property-city":[143],"class_list":{"0":"post-6771","1":"product","2":"type-product","3":"status-publish","4":"has-post-thumbnail","6":"product_cat-heises-angebot","7":"product_cat-meerblick","8":"product_cat-online-rundgang","9":"product_cat-pool-ansicht","10":"product_cat-ratenzahlung","11":"country-turkey-de","12":"district-ciplakli-de","13":"selling-type-im-bau-befindliche-projekte","14":"selling-type-projekte","15":"property-type-apartment-de","16":"location-alanya-de","17":"property-city-antalya-de","19":"first","20":"instock","21":"shipping-taxable","22":"purchasable","23":"product-type-simple"},"_links":{"self":[{"href":"https:\/\/www.onurkoserealestate.com\/de\/wp-json\/wp\/v2\/product\/6771","targetHints":{"allow":["GET"]}}],"collection":[{"href":"https:\/\/www.onurkoserealestate.com\/de\/wp-json\/wp\/v2\/product"}],"about":[{"href":"https:\/\/www.onurkoserealestate.com\/de\/wp-json\/wp\/v2\/types\/product"}],"replies":[{"embeddable":true,"href":"https:\/\/www.onurkoserealestate.com\/de\/wp-json\/wp\/v2\/comments?post=6771"}],"wp:featuredmedia":[{"embeddable":true,"href":"https:\/\/www.onurkoserealestate.com\/de\/wp-json\/wp\/v2\/media\/6475"}],"wp:attachment":[{"href":"https:\/\/www.onurkoserealestate.com\/de\/wp-json\/wp\/v2\/media?parent=6771"}],"wp:term":[{"taxonomy":"product_cat","embeddable":true,"href":"https:\/\/www.onurkoserealestate.com\/de\/wp-json\/wp\/v2\/product_cat?post=6771"},{"taxonomy":"product_tag","embeddable":true,"href":"https:\/\/www.onurkoserealestate.com\/de\/wp-json\/wp\/v2\/product_tag?post=6771"},{"taxonomy":"country","embeddable":true,"href":"https:\/\/www.onurkoserealestate.com\/de\/wp-json\/wp\/v2\/country?post=6771"},{"taxonomy":"district","embeddable":true,"href":"https:\/\/www.onurkoserealestate.com\/de\/wp-json\/wp\/v2\/district?post=6771"},{"taxonomy":"selling-type","embeddable":true,"href":"https:\/\/www.onurkoserealestate.com\/de\/wp-json\/wp\/v2\/selling-type?post=6771"},{"taxonomy":"property-type","embeddable":true,"href":"https:\/\/www.onurkoserealestate.com\/de\/wp-json\/wp\/v2\/property-type?post=6771"},{"taxonomy":"location","embeddable":true,"href":"https:\/\/www.onurkoserealestate.com\/de\/wp-json\/wp\/v2\/location?post=6771"},{"taxonomy":"property-city","embeddable":true,"href":"https:\/\/www.onurkoserealestate.com\/de\/wp-json\/wp\/v2\/property-city?post=6771"}],"curies":[{"name":"wp","href":"https:\/\/api.w.org\/{rel}","templated":true}]}}