{"id":6813,"date":"2024-07-02T08:49:30","date_gmt":"2024-07-02T08:49:30","guid":{"rendered":"https:\/\/www.onurkoserealestate.com\/product\/appartement-mit-meer-und-stadtblick-und-umfangreichen-annehmlichkeiten-in-mahmutlars-bester-lage\/"},"modified":"2024-07-02T08:49:30","modified_gmt":"2024-07-02T08:49:30","slug":"sea-and-city-view-apartment-with-extensive-amenities-in-mahmutlars-premier-location","status":"publish","type":"product","link":"https:\/\/www.onurkoserealestate.com\/de\/product\/sea-and-city-view-apartment-with-extensive-amenities-in-mahmutlars-premier-location\/","title":{"rendered":"Appartement mit Meer- und Stadtblick und umfangreichen Annehmlichkeiten in Mahmutlars bester Lage"},"content":{"rendered":"<p>Dieses in Mahmutlar gelegene Apartment mit 2 Schlafzimmern verf\u00fcgt \u00fcber eine offene K\u00fcche und befindet sich im 5. Stock eines Geb\u00e4udes. Es ist voll m\u00f6bliert und hat eine S\u00fcdostfassade mit Blick auf das Meer, die Burg und die Stadt. Die Wohnung verf\u00fcgt \u00fcber Doppelb\u00e4der und beinhaltet j\u00e4hrliche Geb\u00fchren von 1100 Euro. Der Komplex bietet umfangreiche Annehmlichkeiten wie Innen- und Au\u00dfenpools, einen Aquapark, Sauna, Fitnesscenter, Hammam, Dampfbad, Entspannungsraum, Massageraum, Kino, Bowlingbahn, Kinderspielplatz, Empfangsbereich, Lobby, Caf\u00e9, Tennisplatz, Basketballplatz und eine geschlossene Garage mit Parkm\u00f6glichkeiten.<\/p>\n","protected":false},"excerpt":{"rendered":"<p>Dieses in Mahmutlar gelegene Apartment mit 2 Schlafzimmern verf\u00fcgt \u00fcber eine offene K\u00fcche und befindet sich im 5. Stock eines<\/p>\n","protected":false},"featured_media":6712,"comment_status":"open","ping_status":"closed","template":"","meta":[],"product_cat":[85,93],"product_tag":[],"country":[144],"district":[185],"selling-type":[141],"property-type":[126],"location":[142],"property-city":[143],"class_list":{"0":"post-6813","1":"product","2":"type-product","3":"status-publish","4":"has-post-thumbnail","6":"product_cat-heises-angebot","7":"product_cat-pool-ansicht","8":"country-turkey-de","9":"district-mahmutlar-de","10":"selling-type-wiederverkauf","11":"property-type-apartment-de","12":"location-alanya-de","13":"property-city-antalya-de","15":"first","16":"instock","17":"shipping-taxable","18":"purchasable","19":"product-type-simple"},"_links":{"self":[{"href":"https:\/\/www.onurkoserealestate.com\/de\/wp-json\/wp\/v2\/product\/6813","targetHints":{"allow":["GET"]}}],"collection":[{"href":"https:\/\/www.onurkoserealestate.com\/de\/wp-json\/wp\/v2\/product"}],"about":[{"href":"https:\/\/www.onurkoserealestate.com\/de\/wp-json\/wp\/v2\/types\/product"}],"replies":[{"embeddable":true,"href":"https:\/\/www.onurkoserealestate.com\/de\/wp-json\/wp\/v2\/comments?post=6813"}],"wp:featuredmedia":[{"embeddable":true,"href":"https:\/\/www.onurkoserealestate.com\/de\/wp-json\/wp\/v2\/media\/6712"}],"wp:attachment":[{"href":"https:\/\/www.onurkoserealestate.com\/de\/wp-json\/wp\/v2\/media?parent=6813"}],"wp:term":[{"taxonomy":"product_cat","embeddable":true,"href":"https:\/\/www.onurkoserealestate.com\/de\/wp-json\/wp\/v2\/product_cat?post=6813"},{"taxonomy":"product_tag","embeddable":true,"href":"https:\/\/www.onurkoserealestate.com\/de\/wp-json\/wp\/v2\/product_tag?post=6813"},{"taxonomy":"country","embeddable":true,"href":"https:\/\/www.onurkoserealestate.com\/de\/wp-json\/wp\/v2\/country?post=6813"},{"taxonomy":"district","embeddable":true,"href":"https:\/\/www.onurkoserealestate.com\/de\/wp-json\/wp\/v2\/district?post=6813"},{"taxonomy":"selling-type","embeddable":true,"href":"https:\/\/www.onurkoserealestate.com\/de\/wp-json\/wp\/v2\/selling-type?post=6813"},{"taxonomy":"property-type","embeddable":true,"href":"https:\/\/www.onurkoserealestate.com\/de\/wp-json\/wp\/v2\/property-type?post=6813"},{"taxonomy":"location","embeddable":true,"href":"https:\/\/www.onurkoserealestate.com\/de\/wp-json\/wp\/v2\/location?post=6813"},{"taxonomy":"property-city","embeddable":true,"href":"https:\/\/www.onurkoserealestate.com\/de\/wp-json\/wp\/v2\/property-city?post=6813"}],"curies":[{"name":"wp","href":"https:\/\/api.w.org\/{rel}","templated":true}]}}