{"id":6953,"date":"2024-07-02T07:39:47","date_gmt":"2024-07-02T07:39:47","guid":{"rendered":"https:\/\/www.onurkoserealestate.com\/product\/41-villa-in-alanya-tepe-mit-vollem-meer-und-burgblick\/"},"modified":"2024-07-02T07:39:47","modified_gmt":"2024-07-02T07:39:47","slug":"41-villa-in-alanya-tepe-mit-vollem-see-und-schloss-ausblick","status":"publish","type":"product","link":"https:\/\/www.onurkoserealestate.com\/de\/product\/41-villa-in-alanya-tepe-mit-vollem-see-und-schloss-ausblick\/","title":{"rendered":"4+1 Villa in Alanya Tepe mit vollem Meer- und Burgblick"},"content":{"rendered":"<p><strong>Alanya Tepe Villa 4+1<\/strong><\/p>\n<p>Diese exklusive Villa befindet sich im angesehenen Tepe-Viertel von Alanya und bietet einen atemberaubenden Blick auf das Meer und die Burg von Alanya. Das Anwesen verf\u00fcgt \u00fcber alle Annehmlichkeiten, die man in einer Luxusvilla erwarten w\u00fcrde, und eignet sich zum Wohnen. Diese Villa liegt nur 5 km vom Meer entfernt und bietet ein unvergleichliches Wohnerlebnis.<\/p>\n<p><strong>Ausstattung der Villa:<\/strong><\/p>\n<ul>\n<li><strong>Grundst\u00fccksfl\u00e4che:<\/strong> 400 m\u00b2<\/li>\n<li><strong>Innenbereich: 350 m\u00b2<\/strong><\/li>\n<li><strong>Zimmer:<\/strong> 4+1 Amerikanische K\u00fcche<\/li>\n<li><strong>Ausblicke: Vollst\u00e4ndiger Blick auf das Meer und die Burg von Alanya<\/strong><\/li>\n<li><strong>Smart Home System: Spitzentechnologie f\u00fcr modernes Wohnen<\/strong><\/li>\n<li><strong>Entfernung:<\/strong> 5 km bis zum Meer<\/li>\n<li><strong>Exklusive Annehmlichkeiten:<\/strong>\n<ul>\n<li>Privater Pool<\/li>\n<li>das Fitnesszentrum<\/li>\n<li>Sauna<\/li>\n<li>T\u00fcrkisches Bad<\/li>\n<li>Parken<\/li>\n<li>Dampfbad<\/li>\n<li>Barbecue-Bereich<\/li>\n<li>Stromerzeuger<\/li>\n<\/ul>\n<\/li>\n<\/ul>\n<p>Diese Villa ist f\u00fcr diejenigen gedacht, die Luxus und modernen Komfort suchen. Erleben Sie das Beste des Lebens in Alanya mit dieser au\u00dfergew\u00f6hnlichen Immobilie. Kontaktieren Sie uns jetzt, um mehr zu erfahren und einen Besichtigungstermin zu vereinbaren!<\/p>\n","protected":false},"excerpt":{"rendered":"<p>Alanya Tepe Villa 4+1 Diese exklusive Villa befindet sich im angesehenen Tepe-Viertel von Alanya und bietet einen atemberaubenden Blick auf<\/p>\n","protected":false},"featured_media":6389,"comment_status":"open","ping_status":"closed","template":"","meta":[],"product_cat":[96,102,85,99,90,93,87,82],"product_tag":[],"country":[144],"district":[191],"selling-type":[155,150],"property-type":[139],"location":[142],"property-city":[143],"class_list":{"0":"post-6953","1":"product","2":"type-product","3":"status-publish","4":"has-post-thumbnail","6":"product_cat-aufenthaltsgenehmigung","7":"product_cat-geeignet-fuer-wohnsitz","8":"product_cat-heises-angebot","9":"product_cat-meerblick","10":"product_cat-online-rundgang","11":"product_cat-pool-ansicht","12":"product_cat-ratenzahlung","13":"product_cat-staatsburgerschaft","14":"country-turkey-de","15":"district-tepe-de","16":"selling-type-im-bau-befindliche-projekte","17":"selling-type-projekte","18":"property-type-villa-de","19":"location-alanya-de","20":"property-city-antalya-de","22":"first","23":"instock","24":"shipping-taxable","25":"purchasable","26":"product-type-simple"},"_links":{"self":[{"href":"https:\/\/www.onurkoserealestate.com\/de\/wp-json\/wp\/v2\/product\/6953","targetHints":{"allow":["GET"]}}],"collection":[{"href":"https:\/\/www.onurkoserealestate.com\/de\/wp-json\/wp\/v2\/product"}],"about":[{"href":"https:\/\/www.onurkoserealestate.com\/de\/wp-json\/wp\/v2\/types\/product"}],"replies":[{"embeddable":true,"href":"https:\/\/www.onurkoserealestate.com\/de\/wp-json\/wp\/v2\/comments?post=6953"}],"wp:featuredmedia":[{"embeddable":true,"href":"https:\/\/www.onurkoserealestate.com\/de\/wp-json\/wp\/v2\/media\/6389"}],"wp:attachment":[{"href":"https:\/\/www.onurkoserealestate.com\/de\/wp-json\/wp\/v2\/media?parent=6953"}],"wp:term":[{"taxonomy":"product_cat","embeddable":true,"href":"https:\/\/www.onurkoserealestate.com\/de\/wp-json\/wp\/v2\/product_cat?post=6953"},{"taxonomy":"product_tag","embeddable":true,"href":"https:\/\/www.onurkoserealestate.com\/de\/wp-json\/wp\/v2\/product_tag?post=6953"},{"taxonomy":"country","embeddable":true,"href":"https:\/\/www.onurkoserealestate.com\/de\/wp-json\/wp\/v2\/country?post=6953"},{"taxonomy":"district","embeddable":true,"href":"https:\/\/www.onurkoserealestate.com\/de\/wp-json\/wp\/v2\/district?post=6953"},{"taxonomy":"selling-type","embeddable":true,"href":"https:\/\/www.onurkoserealestate.com\/de\/wp-json\/wp\/v2\/selling-type?post=6953"},{"taxonomy":"property-type","embeddable":true,"href":"https:\/\/www.onurkoserealestate.com\/de\/wp-json\/wp\/v2\/property-type?post=6953"},{"taxonomy":"location","embeddable":true,"href":"https:\/\/www.onurkoserealestate.com\/de\/wp-json\/wp\/v2\/location?post=6953"},{"taxonomy":"property-city","embeddable":true,"href":"https:\/\/www.onurkoserealestate.com\/de\/wp-json\/wp\/v2\/property-city?post=6953"}],"curies":[{"name":"wp","href":"https:\/\/api.w.org\/{rel}","templated":true}]}}