{"id":7309,"date":"2024-07-03T08:30:19","date_gmt":"2024-07-03T08:30:19","guid":{"rendered":"https:\/\/www.onurkoserealestate.com\/product\/gemuetliche-11-wohnung-mit-poolblick-in-oba-alanya\/"},"modified":"2024-07-03T08:30:19","modified_gmt":"2024-07-03T08:30:19","slug":"convenient-11-apartment-with-pool-view-in-oba-alanya","status":"publish","type":"product","link":"https:\/\/www.onurkoserealestate.com\/de\/product\/convenient-11-apartment-with-pool-view-in-oba-alanya\/","title":{"rendered":"Gem\u00fctliche 1+1 Wohnung mit Poolblick in Oba, Alanya"},"content":{"rendered":"<p>Diese 1+1 Wohnung befindet sich in Oba, einem begehrten Stadtteil von Alanya. Sie befindet sich im dritten Stock eines vierst\u00f6ckigen Geb\u00e4udes, ist 45 Quadratmeter gro\u00df und verf\u00fcgt \u00fcber eine offene K\u00fcche. Die Wohnung hat eine nach Nordosten ausgerichtete Fassade mit Blick auf den Pool des Komplexes. Den Bewohnern stehen Annehmlichkeiten wie Au\u00dfen- und Innenpools, Sauna, Fitnesscenter, Grillplatz und ein Kinderspielplatz zur Verf\u00fcgung. Es liegt 1,8 Kilometer vom Meer entfernt. Der monatliche Beitrag bel\u00e4uft sich auf 700 TL. Diese Immobilie ist eine ideale Wahl f\u00fcr Urlauber und Ganzjahresbewohner, die Komfort und Bequemlichkeit in einer erstklassigen Lage suchen<\/p>\n","protected":false},"excerpt":{"rendered":"<p>Diese 1+1 Wohnung befindet sich in Oba, einem begehrten Stadtteil von Alanya. Sie befindet sich im dritten Stock eines vierst\u00f6ckigen<\/p>\n","protected":false},"featured_media":7250,"comment_status":"open","ping_status":"closed","template":"","meta":[],"product_cat":[85,93],"product_tag":[],"country":[144],"district":[156],"selling-type":[141],"property-type":[126],"location":[142],"property-city":[143],"class_list":{"0":"post-7309","1":"product","2":"type-product","3":"status-publish","4":"has-post-thumbnail","6":"product_cat-heises-angebot","7":"product_cat-pool-ansicht","8":"country-turkey-de","9":"district-oba-de","10":"selling-type-wiederverkauf","11":"property-type-apartment-de","12":"location-alanya-de","13":"property-city-antalya-de","15":"first","16":"instock","17":"shipping-taxable","18":"purchasable","19":"product-type-simple"},"_links":{"self":[{"href":"https:\/\/www.onurkoserealestate.com\/de\/wp-json\/wp\/v2\/product\/7309","targetHints":{"allow":["GET"]}}],"collection":[{"href":"https:\/\/www.onurkoserealestate.com\/de\/wp-json\/wp\/v2\/product"}],"about":[{"href":"https:\/\/www.onurkoserealestate.com\/de\/wp-json\/wp\/v2\/types\/product"}],"replies":[{"embeddable":true,"href":"https:\/\/www.onurkoserealestate.com\/de\/wp-json\/wp\/v2\/comments?post=7309"}],"wp:featuredmedia":[{"embeddable":true,"href":"https:\/\/www.onurkoserealestate.com\/de\/wp-json\/wp\/v2\/media\/7250"}],"wp:attachment":[{"href":"https:\/\/www.onurkoserealestate.com\/de\/wp-json\/wp\/v2\/media?parent=7309"}],"wp:term":[{"taxonomy":"product_cat","embeddable":true,"href":"https:\/\/www.onurkoserealestate.com\/de\/wp-json\/wp\/v2\/product_cat?post=7309"},{"taxonomy":"product_tag","embeddable":true,"href":"https:\/\/www.onurkoserealestate.com\/de\/wp-json\/wp\/v2\/product_tag?post=7309"},{"taxonomy":"country","embeddable":true,"href":"https:\/\/www.onurkoserealestate.com\/de\/wp-json\/wp\/v2\/country?post=7309"},{"taxonomy":"district","embeddable":true,"href":"https:\/\/www.onurkoserealestate.com\/de\/wp-json\/wp\/v2\/district?post=7309"},{"taxonomy":"selling-type","embeddable":true,"href":"https:\/\/www.onurkoserealestate.com\/de\/wp-json\/wp\/v2\/selling-type?post=7309"},{"taxonomy":"property-type","embeddable":true,"href":"https:\/\/www.onurkoserealestate.com\/de\/wp-json\/wp\/v2\/property-type?post=7309"},{"taxonomy":"location","embeddable":true,"href":"https:\/\/www.onurkoserealestate.com\/de\/wp-json\/wp\/v2\/location?post=7309"},{"taxonomy":"property-city","embeddable":true,"href":"https:\/\/www.onurkoserealestate.com\/de\/wp-json\/wp\/v2\/property-city?post=7309"}],"curies":[{"name":"wp","href":"https:\/\/api.w.org\/{rel}","templated":true}]}}